{"id":62357,"date":"2024-11-23T06:24:22","date_gmt":"2024-11-23T03:24:22","guid":{"rendered":"https:\/\/www.milanoklinik.com\/?page_id=62357"},"modified":"2024-11-23T06:24:55","modified_gmt":"2024-11-23T03:24:55","slug":"%d1%82%d1%80%d0%b0%d0%bd%d1%81%d1%84%d0%b5%d1%80-%d0%b8%d0%b7-%d0%b0%d1%8d%d1%80%d0%be%d0%bf%d0%be%d1%80%d1%82%d0%b0","status":"publish","type":"page","link":"https:\/\/www.milanoklinik.com\/ru\/%d1%82%d1%80%d0%b0%d0%bd%d1%81%d1%84%d0%b5%d1%80-%d0%b8%d0%b7-%d0%b0%d1%8d%d1%80%d0%be%d0%bf%d0%be%d1%80%d1%82%d0%b0","title":{"rendered":"\u0422\u0440\u0430\u043d\u0441\u0444\u0435\u0440 \u0438\u0437 \u0430\u044d\u0440\u043e\u043f\u043e\u0440\u0442\u0430"},"content":{"rendered":"\t\t<div data-elementor-type=\"wp-page\" data-elementor-id=\"62357\" class=\"elementor elementor-62357 elementor-4143\" data-elementor-post-type=\"page\">\n\t\t\t\t\t\t\t\t\t<section class=\"elementor-section elementor-top-section elementor-element elementor-element-20694e8 elementor-section-full_width elementor-section-height-default elementor-section-height-default\" data-id=\"20694e8\" data-element_type=\"section\" data-settings=\"{&quot;background_background&quot;:&quot;classic&quot;,&quot;ekit_has_onepagescroll_dot&quot;:&quot;yes&quot;}\">\n\t\t\t\t\t\t<div class=\"elementor-container elementor-column-gap-default\">\n\t\t\t\t\t<div class=\"elementor-column elementor-col-100 elementor-top-column elementor-element elementor-element-d11fe64\" data-id=\"d11fe64\" data-element_type=\"column\">\n\t\t\t<div class=\"elementor-widget-wrap elementor-element-populated\">\n\t\t\t\t\t\t\t\t<div class=\"elementor-element elementor-element-96c47ec elementor-widget__width-initial elementor-widget-tablet__width-initial elementor-absolute elementor-hidden-tablet elementor-hidden-phone elementor-invisible elementor-widget elementor-widget-image\" data-id=\"96c47ec\" data-element_type=\"widget\" data-settings=\"{&quot;_animation&quot;:&quot;fadeInLeft&quot;,&quot;_animation_delay&quot;:600,&quot;_position&quot;:&quot;absolute&quot;,&quot;ekit_we_effect_on&quot;:&quot;none&quot;}\" data-widget_type=\"image.default\">\n\t\t\t\t<div class=\"elementor-widget-container\">\n\t\t\t\t\t\t\t\t\t\t\t\t\t\t\t<img decoding=\"async\" width=\"614\" height=\"469\" src=\"https:\/\/www.milanoklinik.com\/wp-content\/uploads\/2023\/02\/doctor-drawing-marks-on-female-face-before-procedu-5QEJFLB.png\" class=\"attachment-full size-full wp-image-26266\" alt=\"\" loading=\"lazy\" srcset=\"https:\/\/www.milanoklinik.com\/wp-content\/uploads\/2023\/02\/doctor-drawing-marks-on-female-face-before-procedu-5QEJFLB.png 614w, https:\/\/www.milanoklinik.com\/wp-content\/uploads\/2023\/02\/doctor-drawing-marks-on-female-face-before-procedu-5QEJFLB-300x229.png 300w\" sizes=\"(max-width: 614px) 100vw, 614px\" \/>\t\t\t\t\t\t\t\t\t\t\t\t\t\t\t<\/div>\n\t\t\t\t<\/div>\n\t\t\t\t<div class=\"elementor-element elementor-element-d8eebb3 elementor-invisible elementor-widget elementor-widget-heading\" data-id=\"d8eebb3\" data-element_type=\"widget\" data-settings=\"{&quot;_animation&quot;:&quot;fadeInDown&quot;,&quot;ekit_we_effect_on&quot;:&quot;none&quot;}\" data-widget_type=\"heading.default\">\n\t\t\t\t<div class=\"elementor-widget-container\">\n\t\t\t<h1 class=\"elementor-heading-title elementor-size-default\">Havaliman\u0131 Transferi<\/h1>\t\t<\/div>\n\t\t\t\t<\/div>\n\t\t\t\t<div class=\"elementor-element elementor-element-a2222fd elementor-widget__width-initial elementor-widget-tablet__width-initial elementor-widget-mobile__width-initial elementor-absolute elementor-hidden-phone elementor-invisible elementor-widget elementor-widget-image\" data-id=\"a2222fd\" data-element_type=\"widget\" data-settings=\"{&quot;_animation&quot;:&quot;fadeInRight&quot;,&quot;_animation_delay&quot;:600,&quot;_position&quot;:&quot;absolute&quot;,&quot;ekit_we_effect_on&quot;:&quot;none&quot;}\" data-widget_type=\"image.default\">\n\t\t\t\t<div class=\"elementor-widget-container\">\n\t\t\t\t\t\t\t\t\t\t\t\t\t\t\t<img decoding=\"async\" width=\"381\" height=\"359\" src=\"https:\/\/www.milanoklinik.com\/wp-content\/uploads\/2023\/02\/flowers-and-eucaaliptus-composition-M9PL2FC-2.jpg\" class=\"attachment-full size-full wp-image-26272\" alt=\"\" loading=\"lazy\" srcset=\"https:\/\/www.milanoklinik.com\/wp-content\/uploads\/2023\/02\/flowers-and-eucaaliptus-composition-M9PL2FC-2.jpg 381w, https:\/\/www.milanoklinik.com\/wp-content\/uploads\/2023\/02\/flowers-and-eucaaliptus-composition-M9PL2FC-2-300x283.jpg 300w\" sizes=\"(max-width: 381px) 100vw, 381px\" \/>\t\t\t\t\t\t\t\t\t\t\t\t\t\t\t<\/div>\n\t\t\t\t<\/div>\n\t\t\t\t<div class=\"elementor-element elementor-element-f9640b0 elementor-widget__width-initial elementor-absolute elementor-hidden-phone elementor-widget-tablet__width-initial ekit-equal-height-disable elementor-invisible elementor-widget elementor-widget-elementskit-icon-box\" data-id=\"f9640b0\" data-element_type=\"widget\" data-settings=\"{&quot;_animation&quot;:&quot;rotateInDownRight&quot;,&quot;_animation_delay&quot;:800,&quot;_position&quot;:&quot;absolute&quot;,&quot;ekit_we_effect_on&quot;:&quot;none&quot;}\" data-widget_type=\"elementskit-icon-box.default\">\n\t\t\t\t<div class=\"elementor-widget-container\">\n\t\t\t<div class=\"ekit-wid-con\" >        <!-- link opening -->\n                <!-- end link opening -->\n\n        <div class=\"elementskit-infobox text-center text- icon-top-align elementor-animation-   \">\n                            <div class=\"elementskit-box-header\">\n                <div class=\"elementskit-info-box-icon \">\n                    <img decoding=\"async\" width=\"97\" height=\"144\" src=\"https:\/\/www.milanoklinik.com\/wp-content\/uploads\/2023\/02\/elements-set-of-natural-and-floral-elements-G9XCU6B_services.png\" class=\"attachment- size-\" alt=\"\" loading=\"lazy\" \/>                <\/div>\n          <\/div>\n                <div class=\"box-body\">\n                                            <\/div>\n        \n        \n                <\/div>\n        <\/div>\t\t<\/div>\n\t\t\t\t<\/div>\n\t\t\t\t\t<\/div>\n\t\t<\/div>\n\t\t\t\t\t\t\t<\/div>\n\t\t<\/section>\n\t\t\t\t<section class=\"elementor-section elementor-top-section elementor-element elementor-element-7b8c88b9 elementor-section-boxed elementor-section-height-default elementor-section-height-default\" data-id=\"7b8c88b9\" data-element_type=\"section\" data-settings=\"{&quot;ekit_has_onepagescroll_dot&quot;:&quot;yes&quot;}\">\n\t\t\t\t\t\t<div class=\"elementor-container elementor-column-gap-default\">\n\t\t\t\t\t<div class=\"elementor-column elementor-col-50 elementor-top-column elementor-element elementor-element-8757f63\" data-id=\"8757f63\" data-element_type=\"column\">\n\t\t\t<div class=\"elementor-widget-wrap elementor-element-populated\">\n\t\t\t\t\t\t\t\t<div class=\"elementor-element elementor-element-21fbd0d elementor-absolute elementor-widget elementor-widget-image\" data-id=\"21fbd0d\" data-element_type=\"widget\" data-settings=\"{&quot;_position&quot;:&quot;absolute&quot;,&quot;ekit_we_effect_on&quot;:&quot;none&quot;}\" data-widget_type=\"image.default\">\n\t\t\t\t<div class=\"elementor-widget-container\">\n\t\t\t\t\t\t\t\t\t\t\t\t\t\t\t<img decoding=\"async\" width=\"1920\" height=\"1080\" src=\"https:\/\/www.milanoklinik.com\/wp-content\/uploads\/2020\/03\/Vip-ve-Transfer-Hizmetleri.jpg\" class=\"attachment-full size-full wp-image-7707\" alt=\"\" loading=\"lazy\" srcset=\"https:\/\/www.milanoklinik.com\/wp-content\/uploads\/2020\/03\/Vip-ve-Transfer-Hizmetleri.jpg 1920w, https:\/\/www.milanoklinik.com\/wp-content\/uploads\/2020\/03\/Vip-ve-Transfer-Hizmetleri-600x338.jpg 600w, https:\/\/www.milanoklinik.com\/wp-content\/uploads\/2020\/03\/Vip-ve-Transfer-Hizmetleri-300x169.jpg 300w, https:\/\/www.milanoklinik.com\/wp-content\/uploads\/2020\/03\/Vip-ve-Transfer-Hizmetleri-1024x576.jpg 1024w, https:\/\/www.milanoklinik.com\/wp-content\/uploads\/2020\/03\/Vip-ve-Transfer-Hizmetleri-768x432.jpg 768w, https:\/\/www.milanoklinik.com\/wp-content\/uploads\/2020\/03\/Vip-ve-Transfer-Hizmetleri-1536x864.jpg 1536w\" sizes=\"(max-width: 1920px) 100vw, 1920px\" \/>\t\t\t\t\t\t\t\t\t\t\t\t\t\t\t<\/div>\n\t\t\t\t<\/div>\n\t\t\t\t\t<\/div>\n\t\t<\/div>\n\t\t\t\t<div class=\"elementor-column elementor-col-50 elementor-top-column elementor-element elementor-element-2a925645\" data-id=\"2a925645\" data-element_type=\"column\">\n\t\t\t<div class=\"elementor-widget-wrap elementor-element-populated\">\n\t\t\t\t\t\t\t\t<div class=\"elementor-element elementor-element-785c05ed elementor-widget__width-initial elementor-absolute elementor-hidden-phone ekit-equal-height-disable elementor-invisible elementor-widget elementor-widget-elementskit-icon-box\" data-id=\"785c05ed\" data-element_type=\"widget\" data-settings=\"{&quot;_animation&quot;:&quot;rotateInUpRight&quot;,&quot;_animation_delay&quot;:800,&quot;_position&quot;:&quot;absolute&quot;,&quot;ekit_we_effect_on&quot;:&quot;none&quot;}\" data-widget_type=\"elementskit-icon-box.default\">\n\t\t\t\t<div class=\"elementor-widget-container\">\n\t\t\t<div class=\"ekit-wid-con\" >        <!-- link opening -->\n                <!-- end link opening -->\n\n        <div class=\"elementskit-infobox text-center text- icon-top-align elementor-animation-   \">\n                            <div class=\"elementskit-box-header\">\n                <div class=\"elementskit-info-box-icon \">\n                    <img decoding=\"async\" width=\"34\" height=\"51\" src=\"https:\/\/www.milanoklinik.com\/wp-content\/uploads\/2023\/02\/elements-set-of-natural-and-floral-elements-G9XCU6B-3.png\" class=\"attachment- size-\" alt=\"\" loading=\"lazy\" \/>                <\/div>\n          <\/div>\n                <div class=\"box-body\">\n                                            <\/div>\n        \n        \n                <\/div>\n        <\/div>\t\t<\/div>\n\t\t\t\t<\/div>\n\t\t\t\t<div class=\"elementor-element elementor-element-609ce8d4 elementor-invisible elementor-widget elementor-widget-heading\" data-id=\"609ce8d4\" data-element_type=\"widget\" data-settings=\"{&quot;_animation&quot;:&quot;fadeInUp&quot;,&quot;_animation_delay&quot;:600,&quot;ekit_we_effect_on&quot;:&quot;none&quot;}\" data-widget_type=\"heading.default\">\n\t\t\t\t<div class=\"elementor-widget-container\">\n\t\t\t<h2 class=\"elementor-heading-title elementor-size-default\">\u041f\u0440\u043e\u0446\u0435\u0441\u0441 \u043f\u0435\u0440\u0435\u0432\u043e\u0434\u0430 \u0432 \u043a\u043b\u0438\u043d\u0438\u043a\u0443 \u041c\u0438\u043b\u0430\u043d\u043e<\/h2>\t\t<\/div>\n\t\t\t\t<\/div>\n\t\t\t\t<div class=\"elementor-element elementor-element-7a4e5598 elementor-invisible elementor-widget elementor-widget-text-editor\" data-id=\"7a4e5598\" data-element_type=\"widget\" data-settings=\"{&quot;_animation&quot;:&quot;fadeInUp&quot;,&quot;_animation_delay&quot;:700,&quot;ekit_we_effect_on&quot;:&quot;none&quot;}\" data-widget_type=\"text-editor.default\">\n\t\t\t\t<div class=\"elementor-widget-container\">\n\t\t\t\t\t\t\t<p>Milano Klinik olarak siz de\u011ferli misafirlerimizin ula\u015f\u0131mda konforunu en y\u00fcksek seviyede tutmak i\u00e7in VIP ara\u00e7lar\u0131m\u0131z, uzman ekip ve \u015fof\u00f6rlerimizle transferlerinizi sa\u011fl\u0131yoruz.<br \/>Havaliman\u0131nda da herhangi bir sorun ya\u015famaman\u0131z i\u00e7in valizlerinizi ald\u0131ktan sonra temsilcimiz elinde ad\u0131n\u0131z\u0131n ve soyad\u0131n\u0131z\u0131n yazd\u0131\u011f\u0131 tabela ile sizi kar\u015f\u0131l\u0131yor. Ula\u015f\u0131m ve konaklama gibi sorunlar\u0131n\u0131za \u00e7\u00f6z\u00fcm getirerek en profesyonel \u015fekilde size hizmet veriyoruz.<\/p><p>Buradaki deneyiminiz boyunca t\u00fcm medikal i\u015flemleriniz ve havaliman\u0131 yolculuklar\u0131n\u0131z i\u00e7in her zaman Milano Klinik olarak VIP arac\u0131n\u0131z hizmetinizde olacakt\u0131r. Amac\u0131m\u0131z siz de\u011ferli misafirlerimize ve yan\u0131n\u0131zda gelen refakat\u00e7ilerinize pratik ve g\u00fcvenli bir ula\u015f\u0131m imkan\u0131 sa\u011flamakt\u0131r.<\/p><p><br \/>\u0130ste\u011fe ba\u011fl\u0131 olarak \u00f6zel geziler ve turistlik k\u00fclt\u00fcrel etkinliklerinizde de size \u00f6zel dan\u0131\u015fmanl\u0131k ve ula\u015f\u0131m \u00e7\u00f6z\u00fcmleri sunuyoruz.<br \/>Amac\u0131m\u0131z sadece sa\u011fl\u0131k a\u00e7\u0131s\u0131ndan de\u011fil, ayn\u0131 zamanda ula\u015f\u0131m ve di\u011fer aktivitelerinizde de en \u00fcst d\u00fczeyde hizmet vermektir. G\u00fcler y\u00fczle kar\u015f\u0131lad\u0131ktan sonra sizi mutlu ve keyifli bir \u015fekilde u\u011furlamak\u00a0istiyoruz.<\/p>\t\t\t\t\t\t<\/div>\n\t\t\t\t<\/div>\n\t\t\t\t\t<\/div>\n\t\t<\/div>\n\t\t\t\t\t\t\t<\/div>\n\t\t<\/section>\n\t\t\t\t\t\t\t<\/div>\n\t\t","protected":false},"excerpt":{"rendered":"<p>Havaliman\u0131 Transferi \u041f\u0440\u043e\u0446\u0435\u0441\u0441 \u043f\u0435\u0440\u0435\u0432\u043e\u0434\u0430 \u0432 \u043a\u043b\u0438\u043d\u0438\u043a\u0443 \u041c\u0438\u043b\u0430\u043d\u043e Milano Klinik olarak siz de\u011ferli misafirlerimizin ula\u015f\u0131mda konforunu en y\u00fcksek seviyede tutmak i\u00e7in VIP ara\u00e7lar\u0131m\u0131z, uzman ekip ve \u015fof\u00f6rlerimizle transferlerinizi sa\u011fl\u0131yoruz.Havaliman\u0131nda da herhangi bir sorun ya\u015famaman\u0131z i\u00e7in valizlerinizi ald\u0131ktan sonra temsilcimiz elinde ad\u0131n\u0131z\u0131n ve soyad\u0131n\u0131z\u0131n yazd\u0131\u011f\u0131 tabela ile sizi kar\u015f\u0131l\u0131yor. Ula\u015f\u0131m ve konaklama gibi sorunlar\u0131n\u0131za \u00e7\u00f6z\u00fcm getirerek en [&hellip;]<\/p>\n","protected":false},"author":1,"featured_media":0,"parent":0,"menu_order":0,"comment_status":"closed","ping_status":"closed","template":"","meta":[],"yoast_head":"<!-- This site is optimized with the Yoast SEO plugin v20.7 - https:\/\/yoast.com\/wordpress\/plugins\/seo\/ -->\n<title>\u0422\u0440\u0430\u043d\u0441\u0444\u0435\u0440 \u0438\u0437 \u0430\u044d\u0440\u043e\u043f\u043e\u0440\u0442\u0430 - Milano Klinik<\/title>\n<meta name=\"robots\" content=\"index, follow, max-snippet:-1, max-image-preview:large, max-video-preview:-1\" \/>\n<link rel=\"canonical\" href=\"https:\/\/www.milanoklinik.com\/ru\/\u0442\u0440\u0430\u043d\u0441\u0444\u0435\u0440-\u0438\u0437-\u0430\u044d\u0440\u043e\u043f\u043e\u0440\u0442\u0430\" \/>\n<meta property=\"og:locale\" content=\"ru_RU\" \/>\n<meta property=\"og:type\" content=\"article\" \/>\n<meta property=\"og:title\" content=\"\u0422\u0440\u0430\u043d\u0441\u0444\u0435\u0440 \u0438\u0437 \u0430\u044d\u0440\u043e\u043f\u043e\u0440\u0442\u0430 - Milano Klinik\" \/>\n<meta property=\"og:description\" content=\"Havaliman\u0131 Transferi \u041f\u0440\u043e\u0446\u0435\u0441\u0441 \u043f\u0435\u0440\u0435\u0432\u043e\u0434\u0430 \u0432 \u043a\u043b\u0438\u043d\u0438\u043a\u0443 \u041c\u0438\u043b\u0430\u043d\u043e Milano Klinik olarak siz de\u011ferli misafirlerimizin ula\u015f\u0131mda konforunu en y\u00fcksek seviyede tutmak i\u00e7in VIP ara\u00e7lar\u0131m\u0131z, uzman ekip ve \u015fof\u00f6rlerimizle transferlerinizi sa\u011fl\u0131yoruz.Havaliman\u0131nda da herhangi bir sorun ya\u015famaman\u0131z i\u00e7in valizlerinizi ald\u0131ktan sonra temsilcimiz elinde ad\u0131n\u0131z\u0131n ve soyad\u0131n\u0131z\u0131n yazd\u0131\u011f\u0131 tabela ile sizi kar\u015f\u0131l\u0131yor. Ula\u015f\u0131m ve konaklama gibi sorunlar\u0131n\u0131za \u00e7\u00f6z\u00fcm getirerek en [&hellip;]\" \/>\n<meta property=\"og:url\" content=\"https:\/\/www.milanoklinik.com\/ru\/\u0442\u0440\u0430\u043d\u0441\u0444\u0435\u0440-\u0438\u0437-\u0430\u044d\u0440\u043e\u043f\u043e\u0440\u0442\u0430\" \/>\n<meta property=\"og:site_name\" content=\"Milano Klinik\" \/>\n<meta property=\"article:publisher\" content=\"https:\/\/www.facebook.com\/milanoclinicturkey\/\" \/>\n<meta property=\"article:modified_time\" content=\"2024-11-23T03:24:55+00:00\" \/>\n<meta property=\"og:image\" content=\"https:\/\/www.milanoklinik.com\/wp-content\/uploads\/2023\/02\/doctor-drawing-marks-on-female-face-before-procedu-5QEJFLB.png\" \/>\n<meta name=\"twitter:card\" content=\"summary_large_image\" \/>\n<meta name=\"twitter:site\" content=\"@milanoklinik\" \/>\n<meta name=\"twitter:label1\" content=\"\u041f\u0440\u0438\u043c\u0435\u0440\u043d\u043e\u0435 \u0432\u0440\u0435\u043c\u044f \u0434\u043b\u044f \u0447\u0442\u0435\u043d\u0438\u044f\" \/>\n\t<meta name=\"twitter:data1\" content=\"2 \u043c\u0438\u043d\u0443\u0442\u044b\" \/>\n<script type=\"application\/ld+json\" class=\"yoast-schema-graph\">{\"@context\":\"https:\/\/schema.org\",\"@graph\":[{\"@type\":\"WebPage\",\"@id\":\"https:\/\/www.milanoklinik.com\/ru\/%d1%82%d1%80%d0%b0%d0%bd%d1%81%d1%84%d0%b5%d1%80-%d0%b8%d0%b7-%d0%b0%d1%8d%d1%80%d0%be%d0%bf%d0%be%d1%80%d1%82%d0%b0\",\"url\":\"https:\/\/www.milanoklinik.com\/ru\/%d1%82%d1%80%d0%b0%d0%bd%d1%81%d1%84%d0%b5%d1%80-%d0%b8%d0%b7-%d0%b0%d1%8d%d1%80%d0%be%d0%bf%d0%be%d1%80%d1%82%d0%b0\",\"name\":\"\u0422\u0440\u0430\u043d\u0441\u0444\u0435\u0440 \u0438\u0437 \u0430\u044d\u0440\u043e\u043f\u043e\u0440\u0442\u0430 - Milano Klinik\",\"isPartOf\":{\"@id\":\"https:\/\/www.milanoklinik.com\/#website\"},\"datePublished\":\"2024-11-23T03:24:22+00:00\",\"dateModified\":\"2024-11-23T03:24:55+00:00\",\"inLanguage\":\"ru-RU\",\"potentialAction\":[{\"@type\":\"ReadAction\",\"target\":[\"https:\/\/www.milanoklinik.com\/ru\/%d1%82%d1%80%d0%b0%d0%bd%d1%81%d1%84%d0%b5%d1%80-%d0%b8%d0%b7-%d0%b0%d1%8d%d1%80%d0%be%d0%bf%d0%be%d1%80%d1%82%d0%b0\"]}]},{\"@type\":\"WebSite\",\"@id\":\"https:\/\/www.milanoklinik.com\/#website\",\"url\":\"https:\/\/www.milanoklinik.com\/\",\"name\":\"Milano Klinik\",\"description\":\"Milano Klinik \u2022 Cerrahi Estetik Merkezi - Sa\u00e7 Ekim Merkezi \u2022 Milano Klinik,Burun Esteti\u011fi,G\u00f6\u011f\u00fcs Esteti\u011fi,Liposuction\",\"publisher\":{\"@id\":\"https:\/\/www.milanoklinik.com\/#organization\"},\"potentialAction\":[{\"@type\":\"SearchAction\",\"target\":{\"@type\":\"EntryPoint\",\"urlTemplate\":\"https:\/\/www.milanoklinik.com\/?s={search_term_string}\"},\"query-input\":\"required name=search_term_string\"}],\"inLanguage\":\"ru-RU\"},{\"@type\":\"Organization\",\"@id\":\"https:\/\/www.milanoklinik.com\/#organization\",\"name\":\"Milano Klinik\",\"url\":\"https:\/\/www.milanoklinik.com\/\",\"logo\":{\"@type\":\"ImageObject\",\"inLanguage\":\"ru-RU\",\"@id\":\"https:\/\/www.milanoklinik.com\/#\/schema\/logo\/image\/\",\"url\":\"https:\/\/www.milanoklinik.com\/wp-content\/uploads\/2024\/01\/milano-logo-2021-2-300x169-2.webp\",\"contentUrl\":\"https:\/\/www.milanoklinik.com\/wp-content\/uploads\/2024\/01\/milano-logo-2021-2-300x169-2.webp\",\"width\":300,\"height\":169,\"caption\":\"Milano Klinik\"},\"image\":{\"@id\":\"https:\/\/www.milanoklinik.com\/#\/schema\/logo\/image\/\"},\"sameAs\":[\"https:\/\/www.facebook.com\/milanoclinicturkey\/\",\"https:\/\/twitter.com\/milanoklinik\"]}]}<\/script>\n<!-- \/ Yoast SEO plugin. -->","yoast_head_json":{"title":"\u0422\u0440\u0430\u043d\u0441\u0444\u0435\u0440 \u0438\u0437 \u0430\u044d\u0440\u043e\u043f\u043e\u0440\u0442\u0430 - Milano Klinik","robots":{"index":"index","follow":"follow","max-snippet":"max-snippet:-1","max-image-preview":"max-image-preview:large","max-video-preview":"max-video-preview:-1"},"canonical":"https:\/\/www.milanoklinik.com\/ru\/\u0442\u0440\u0430\u043d\u0441\u0444\u0435\u0440-\u0438\u0437-\u0430\u044d\u0440\u043e\u043f\u043e\u0440\u0442\u0430","og_locale":"ru_RU","og_type":"article","og_title":"\u0422\u0440\u0430\u043d\u0441\u0444\u0435\u0440 \u0438\u0437 \u0430\u044d\u0440\u043e\u043f\u043e\u0440\u0442\u0430 - Milano Klinik","og_description":"Havaliman\u0131 Transferi \u041f\u0440\u043e\u0446\u0435\u0441\u0441 \u043f\u0435\u0440\u0435\u0432\u043e\u0434\u0430 \u0432 \u043a\u043b\u0438\u043d\u0438\u043a\u0443 \u041c\u0438\u043b\u0430\u043d\u043e Milano Klinik olarak siz de\u011ferli misafirlerimizin ula\u015f\u0131mda konforunu en y\u00fcksek seviyede tutmak i\u00e7in VIP ara\u00e7lar\u0131m\u0131z, uzman ekip ve \u015fof\u00f6rlerimizle transferlerinizi sa\u011fl\u0131yoruz.Havaliman\u0131nda da herhangi bir sorun ya\u015famaman\u0131z i\u00e7in valizlerinizi ald\u0131ktan sonra temsilcimiz elinde ad\u0131n\u0131z\u0131n ve soyad\u0131n\u0131z\u0131n yazd\u0131\u011f\u0131 tabela ile sizi kar\u015f\u0131l\u0131yor. Ula\u015f\u0131m ve konaklama gibi sorunlar\u0131n\u0131za \u00e7\u00f6z\u00fcm getirerek en [&hellip;]","og_url":"https:\/\/www.milanoklinik.com\/ru\/\u0442\u0440\u0430\u043d\u0441\u0444\u0435\u0440-\u0438\u0437-\u0430\u044d\u0440\u043e\u043f\u043e\u0440\u0442\u0430","og_site_name":"Milano Klinik","article_publisher":"https:\/\/www.facebook.com\/milanoclinicturkey\/","article_modified_time":"2024-11-23T03:24:55+00:00","og_image":[{"url":"https:\/\/www.milanoklinik.com\/wp-content\/uploads\/2023\/02\/doctor-drawing-marks-on-female-face-before-procedu-5QEJFLB.png"}],"twitter_card":"summary_large_image","twitter_site":"@milanoklinik","twitter_misc":{"\u041f\u0440\u0438\u043c\u0435\u0440\u043d\u043e\u0435 \u0432\u0440\u0435\u043c\u044f \u0434\u043b\u044f \u0447\u0442\u0435\u043d\u0438\u044f":"2 \u043c\u0438\u043d\u0443\u0442\u044b"},"schema":{"@context":"https:\/\/schema.org","@graph":[{"@type":"WebPage","@id":"https:\/\/www.milanoklinik.com\/ru\/%d1%82%d1%80%d0%b0%d0%bd%d1%81%d1%84%d0%b5%d1%80-%d0%b8%d0%b7-%d0%b0%d1%8d%d1%80%d0%be%d0%bf%d0%be%d1%80%d1%82%d0%b0","url":"https:\/\/www.milanoklinik.com\/ru\/%d1%82%d1%80%d0%b0%d0%bd%d1%81%d1%84%d0%b5%d1%80-%d0%b8%d0%b7-%d0%b0%d1%8d%d1%80%d0%be%d0%bf%d0%be%d1%80%d1%82%d0%b0","name":"\u0422\u0440\u0430\u043d\u0441\u0444\u0435\u0440 \u0438\u0437 \u0430\u044d\u0440\u043e\u043f\u043e\u0440\u0442\u0430 - Milano Klinik","isPartOf":{"@id":"https:\/\/www.milanoklinik.com\/#website"},"datePublished":"2024-11-23T03:24:22+00:00","dateModified":"2024-11-23T03:24:55+00:00","inLanguage":"ru-RU","potentialAction":[{"@type":"ReadAction","target":["https:\/\/www.milanoklinik.com\/ru\/%d1%82%d1%80%d0%b0%d0%bd%d1%81%d1%84%d0%b5%d1%80-%d0%b8%d0%b7-%d0%b0%d1%8d%d1%80%d0%be%d0%bf%d0%be%d1%80%d1%82%d0%b0"]}]},{"@type":"WebSite","@id":"https:\/\/www.milanoklinik.com\/#website","url":"https:\/\/www.milanoklinik.com\/","name":"Milano Klinik","description":"Milano Klinik \u2022 Cerrahi Estetik Merkezi - Sa\u00e7 Ekim Merkezi \u2022 Milano Klinik,Burun Esteti\u011fi,G\u00f6\u011f\u00fcs Esteti\u011fi,Liposuction","publisher":{"@id":"https:\/\/www.milanoklinik.com\/#organization"},"potentialAction":[{"@type":"SearchAction","target":{"@type":"EntryPoint","urlTemplate":"https:\/\/www.milanoklinik.com\/?s={search_term_string}"},"query-input":"required name=search_term_string"}],"inLanguage":"ru-RU"},{"@type":"Organization","@id":"https:\/\/www.milanoklinik.com\/#organization","name":"Milano Klinik","url":"https:\/\/www.milanoklinik.com\/","logo":{"@type":"ImageObject","inLanguage":"ru-RU","@id":"https:\/\/www.milanoklinik.com\/#\/schema\/logo\/image\/","url":"https:\/\/www.milanoklinik.com\/wp-content\/uploads\/2024\/01\/milano-logo-2021-2-300x169-2.webp","contentUrl":"https:\/\/www.milanoklinik.com\/wp-content\/uploads\/2024\/01\/milano-logo-2021-2-300x169-2.webp","width":300,"height":169,"caption":"Milano Klinik"},"image":{"@id":"https:\/\/www.milanoklinik.com\/#\/schema\/logo\/image\/"},"sameAs":["https:\/\/www.facebook.com\/milanoclinicturkey\/","https:\/\/twitter.com\/milanoklinik"]}]}},"_links":{"self":[{"href":"https:\/\/www.milanoklinik.com\/ru\/wp-json\/wp\/v2\/pages\/62357"}],"collection":[{"href":"https:\/\/www.milanoklinik.com\/ru\/wp-json\/wp\/v2\/pages"}],"about":[{"href":"https:\/\/www.milanoklinik.com\/ru\/wp-json\/wp\/v2\/types\/page"}],"author":[{"embeddable":true,"href":"https:\/\/www.milanoklinik.com\/ru\/wp-json\/wp\/v2\/users\/1"}],"replies":[{"embeddable":true,"href":"https:\/\/www.milanoklinik.com\/ru\/wp-json\/wp\/v2\/comments?post=62357"}],"version-history":[{"count":4,"href":"https:\/\/www.milanoklinik.com\/ru\/wp-json\/wp\/v2\/pages\/62357\/revisions"}],"predecessor-version":[{"id":62361,"href":"https:\/\/www.milanoklinik.com\/ru\/wp-json\/wp\/v2\/pages\/62357\/revisions\/62361"}],"wp:attachment":[{"href":"https:\/\/www.milanoklinik.com\/ru\/wp-json\/wp\/v2\/media?parent=62357"}],"curies":[{"name":"wp","href":"https:\/\/api.w.org\/{rel}","templated":true}]}}