{"id":39936,"date":"2023-12-21T16:20:08","date_gmt":"2023-12-21T13:20:08","guid":{"rendered":"https:\/\/www.milanoklinik.com\/?page_id=39936"},"modified":"2023-12-21T16:22:55","modified_gmt":"2023-12-21T13:22:55","slug":"politica-de-privacidad","status":"publish","type":"page","link":"https:\/\/www.milanoklinik.com\/es\/politica-de-privacidad","title":{"rendered":"Pol\u00edtica de privacidad"},"content":{"rendered":"\t\t<div data-elementor-type=\"wp-page\" data-elementor-id=\"39936\" class=\"elementor elementor-39936 elementor-6638\" data-elementor-post-type=\"page\">\n\t\t\t\t\t\t\t\t\t<section class=\"elementor-section elementor-top-section elementor-element elementor-element-e0d839f elementor-section-full_width elementor-section-height-default elementor-section-height-default\" data-id=\"e0d839f\" data-element_type=\"section\" data-settings=\"{&quot;background_background&quot;:&quot;classic&quot;,&quot;ekit_has_onepagescroll_dot&quot;:&quot;yes&quot;}\">\n\t\t\t\t\t\t<div class=\"elementor-container elementor-column-gap-default\">\n\t\t\t\t\t<div class=\"elementor-column elementor-col-100 elementor-top-column elementor-element elementor-element-3e992a6\" data-id=\"3e992a6\" data-element_type=\"column\">\n\t\t\t<div class=\"elementor-widget-wrap elementor-element-populated\">\n\t\t\t\t\t\t\t\t<div class=\"elementor-element elementor-element-7dca0bc9 elementor-widget__width-initial elementor-widget-tablet__width-initial elementor-absolute elementor-hidden-tablet elementor-hidden-phone elementor-invisible elementor-widget elementor-widget-image\" data-id=\"7dca0bc9\" data-element_type=\"widget\" data-settings=\"{&quot;_animation&quot;:&quot;fadeInLeft&quot;,&quot;_animation_delay&quot;:600,&quot;_position&quot;:&quot;absolute&quot;,&quot;ekit_we_effect_on&quot;:&quot;none&quot;}\" data-widget_type=\"image.default\">\n\t\t\t\t<div class=\"elementor-widget-container\">\n\t\t\t\t\t\t\t\t\t\t\t\t\t\t\t<img decoding=\"async\" width=\"614\" height=\"469\" src=\"https:\/\/www.milanoklinik.com\/wp-content\/uploads\/2023\/02\/doctor-drawing-marks-on-female-face-before-procedu-5QEJFLB.png\" class=\"attachment-full size-full wp-image-26266\" alt=\"\" loading=\"lazy\" srcset=\"https:\/\/www.milanoklinik.com\/wp-content\/uploads\/2023\/02\/doctor-drawing-marks-on-female-face-before-procedu-5QEJFLB.png 614w, https:\/\/www.milanoklinik.com\/wp-content\/uploads\/2023\/02\/doctor-drawing-marks-on-female-face-before-procedu-5QEJFLB-300x229.png 300w\" sizes=\"(max-width: 614px) 100vw, 614px\" \/>\t\t\t\t\t\t\t\t\t\t\t\t\t\t\t<\/div>\n\t\t\t\t<\/div>\n\t\t\t\t<div class=\"elementor-element elementor-element-47664a25 elementor-invisible elementor-widget elementor-widget-heading\" data-id=\"47664a25\" data-element_type=\"widget\" data-settings=\"{&quot;_animation&quot;:&quot;fadeInDown&quot;,&quot;ekit_we_effect_on&quot;:&quot;none&quot;}\" data-widget_type=\"heading.default\">\n\t\t\t\t<div class=\"elementor-widget-container\">\n\t\t\t<h1 class=\"elementor-heading-title elementor-size-default\">Pol\u00edtica de privacidad<\/h1>\t\t<\/div>\n\t\t\t\t<\/div>\n\t\t\t\t<div class=\"elementor-element elementor-element-5e5e008e elementor-widget__width-initial elementor-widget-tablet__width-initial elementor-widget-mobile__width-initial elementor-absolute elementor-hidden-phone elementor-invisible elementor-widget elementor-widget-image\" data-id=\"5e5e008e\" data-element_type=\"widget\" data-settings=\"{&quot;_animation&quot;:&quot;fadeInRight&quot;,&quot;_animation_delay&quot;:600,&quot;_position&quot;:&quot;absolute&quot;,&quot;ekit_we_effect_on&quot;:&quot;none&quot;}\" data-widget_type=\"image.default\">\n\t\t\t\t<div class=\"elementor-widget-container\">\n\t\t\t\t\t\t\t\t\t\t\t\t\t\t\t<img decoding=\"async\" width=\"381\" height=\"359\" src=\"https:\/\/www.milanoklinik.com\/wp-content\/uploads\/2023\/02\/flowers-and-eucaaliptus-composition-M9PL2FC-2.jpg\" class=\"attachment-full size-full wp-image-26272\" alt=\"\" loading=\"lazy\" srcset=\"https:\/\/www.milanoklinik.com\/wp-content\/uploads\/2023\/02\/flowers-and-eucaaliptus-composition-M9PL2FC-2.jpg 381w, https:\/\/www.milanoklinik.com\/wp-content\/uploads\/2023\/02\/flowers-and-eucaaliptus-composition-M9PL2FC-2-300x283.jpg 300w\" sizes=\"(max-width: 381px) 100vw, 381px\" \/>\t\t\t\t\t\t\t\t\t\t\t\t\t\t\t<\/div>\n\t\t\t\t<\/div>\n\t\t\t\t<div class=\"elementor-element elementor-element-40499650 elementor-widget__width-initial elementor-absolute elementor-hidden-phone elementor-widget-tablet__width-initial ekit-equal-height-disable elementor-invisible elementor-widget elementor-widget-elementskit-icon-box\" data-id=\"40499650\" data-element_type=\"widget\" data-settings=\"{&quot;_animation&quot;:&quot;rotateInDownRight&quot;,&quot;_animation_delay&quot;:800,&quot;_position&quot;:&quot;absolute&quot;,&quot;ekit_we_effect_on&quot;:&quot;none&quot;}\" data-widget_type=\"elementskit-icon-box.default\">\n\t\t\t\t<div class=\"elementor-widget-container\">\n\t\t\t<div class=\"ekit-wid-con\" >        <!-- link opening -->\n                <!-- end link opening -->\n\n        <div class=\"elementskit-infobox text-center text- icon-top-align elementor-animation-   \">\n                            <div class=\"elementskit-box-header\">\n                <div class=\"elementskit-info-box-icon \">\n                    <img decoding=\"async\" width=\"97\" height=\"144\" src=\"https:\/\/www.milanoklinik.com\/wp-content\/uploads\/2023\/02\/elements-set-of-natural-and-floral-elements-G9XCU6B_services.png\" class=\"attachment- size-\" alt=\"\" loading=\"lazy\" \/>                <\/div>\n          <\/div>\n                <div class=\"box-body\">\n                                            <\/div>\n        \n        \n                <\/div>\n        <\/div>\t\t<\/div>\n\t\t\t\t<\/div>\n\t\t\t\t\t<\/div>\n\t\t<\/div>\n\t\t\t\t\t\t\t<\/div>\n\t\t<\/section>\n\t\t\t\t<section class=\"elementor-section elementor-top-section elementor-element elementor-element-5fba9db0 elementor-section-boxed elementor-section-height-default elementor-section-height-default\" data-id=\"5fba9db0\" data-element_type=\"section\" data-settings=\"{&quot;ekit_has_onepagescroll_dot&quot;:&quot;yes&quot;}\">\n\t\t\t\t\t\t<div class=\"elementor-container elementor-column-gap-default\">\n\t\t\t\t\t<div class=\"elementor-column elementor-col-100 elementor-top-column elementor-element elementor-element-edf86ba\" data-id=\"edf86ba\" data-element_type=\"column\">\n\t\t\t<div class=\"elementor-widget-wrap elementor-element-populated\">\n\t\t\t\t\t\t\t\t<div class=\"elementor-element elementor-element-26eeec3a elementor-widget__width-initial elementor-absolute elementor-hidden-phone ekit-equal-height-disable elementor-invisible elementor-widget elementor-widget-elementskit-icon-box\" data-id=\"26eeec3a\" data-element_type=\"widget\" data-settings=\"{&quot;_animation&quot;:&quot;rotateInUpRight&quot;,&quot;_animation_delay&quot;:800,&quot;_position&quot;:&quot;absolute&quot;,&quot;ekit_we_effect_on&quot;:&quot;none&quot;}\" data-widget_type=\"elementskit-icon-box.default\">\n\t\t\t\t<div class=\"elementor-widget-container\">\n\t\t\t<div class=\"ekit-wid-con\" >        <!-- link opening -->\n                <!-- end link opening -->\n\n        <div class=\"elementskit-infobox text-center text- icon-top-align elementor-animation-   \">\n                            <div class=\"elementskit-box-header\">\n                <div class=\"elementskit-info-box-icon \">\n                    <img decoding=\"async\" width=\"34\" height=\"51\" src=\"https:\/\/www.milanoklinik.com\/wp-content\/uploads\/2023\/02\/elements-set-of-natural-and-floral-elements-G9XCU6B-3.png\" class=\"attachment- size-\" alt=\"\" loading=\"lazy\" \/>                <\/div>\n          <\/div>\n                <div class=\"box-body\">\n                                            <\/div>\n        \n        \n                <\/div>\n        <\/div>\t\t<\/div>\n\t\t\t\t<\/div>\n\t\t\t\t<div class=\"elementor-element elementor-element-33f8d805 elementor-invisible elementor-widget elementor-widget-heading\" data-id=\"33f8d805\" data-element_type=\"widget\" data-settings=\"{&quot;_animation&quot;:&quot;fadeInRight&quot;,&quot;_animation_delay&quot;:500,&quot;ekit_we_effect_on&quot;:&quot;none&quot;}\" data-widget_type=\"heading.default\">\n\t\t\t\t<div class=\"elementor-widget-container\">\n\t\t\t<h3 class=\"elementor-heading-title elementor-size-default\">Pol\u00edtica de privacidad<\/h3>\t\t<\/div>\n\t\t\t\t<\/div>\n\t\t\t\t<div class=\"elementor-element elementor-element-78ed407e elementor-invisible elementor-widget elementor-widget-text-editor\" data-id=\"78ed407e\" data-element_type=\"widget\" data-settings=\"{&quot;_animation&quot;:&quot;fadeInUp&quot;,&quot;_animation_delay&quot;:700,&quot;ekit_we_effect_on&quot;:&quot;none&quot;}\" data-widget_type=\"text-editor.default\">\n\t\t\t\t<div class=\"elementor-widget-container\">\n\t\t\t\t\t\t\t<p>Respetamos la privacidad de nuestros usuarios. Esta Pol\u00edtica de privacidad describe nuestras pr\u00e1cticas de privacidad con respecto a la informaci\u00f3n recopilada en relaci\u00f3n con la familia de sitios web de Milano Clinic. Esta Pol\u00edtica tiene como objetivo explicar c\u00f3mo Milano Clinic recopila, utiliza y divulga informaci\u00f3n personal y no personal en relaci\u00f3n con las Plataformas, as\u00ed como describir sus derechos con respecto a esta informaci\u00f3n.<\/p>\t\t\t\t\t\t<\/div>\n\t\t\t\t<\/div>\n\t\t\t\t<div class=\"elementor-element elementor-element-9ef91be elementor-invisible elementor-widget elementor-widget-heading\" data-id=\"9ef91be\" data-element_type=\"widget\" data-settings=\"{&quot;_animation&quot;:&quot;fadeInRight&quot;,&quot;_animation_delay&quot;:500,&quot;ekit_we_effect_on&quot;:&quot;none&quot;}\" data-widget_type=\"heading.default\">\n\t\t\t\t<div class=\"elementor-widget-container\">\n\t\t\t<h3 class=\"elementor-heading-title elementor-size-default\">\u00bfQu\u00e9 informaci\u00f3n personal y no personal recopilamos sobre usted?<\/h3>\t\t<\/div>\n\t\t\t\t<\/div>\n\t\t\t\t<div class=\"elementor-element elementor-element-a92fd4b elementor-invisible elementor-widget elementor-widget-text-editor\" data-id=\"a92fd4b\" data-element_type=\"widget\" data-settings=\"{&quot;_animation&quot;:&quot;fadeInUp&quot;,&quot;_animation_delay&quot;:700,&quot;ekit_we_effect_on&quot;:&quot;none&quot;}\" data-widget_type=\"text-editor.default\">\n\t\t\t\t<div class=\"elementor-widget-container\">\n\t\t\t\t\t\t\t<p>Milano Clinic recopila tanto \u00abinformaci\u00f3n no personal\u00bb como \u00abinformaci\u00f3n personal\u00bb sobre los usuarios de la Plataforma. En el contexto de esta Pol\u00edtica, \u00abinformaci\u00f3n no personal\u00bb se refiere a la informaci\u00f3n que Milano Clinic no puede asociar directamente con una persona espec\u00edfica sin informaci\u00f3n adicional. Por otro lado, \u00abinformaci\u00f3n personal\u00bb incluye datos como nombres o direcciones de correo electr\u00f3nico que pueden estar directamente asociados con una persona o entidad sin informaci\u00f3n adicional. Cuando combinamos informaci\u00f3n no personal con informaci\u00f3n personal, tratamos esa informaci\u00f3n integrada como completamente personal y la protegemos de acuerdo con esta Pol\u00edtica.<\/p><p><strong>Informaci\u00f3n personal:<\/strong> Puede visitar el sitio sin proporcionar ninguna informaci\u00f3n personal. Sin embargo, Milano Clinic puede combinar la informaci\u00f3n personal recopilada a trav\u00e9s de las plataformas con otra informaci\u00f3n recopilada sobre usted en otros contextos, como la comunicaci\u00f3n por correo electr\u00f3nico o registros de servicio al cliente. Trataremos esta informaci\u00f3n integrada como informaci\u00f3n personal y la protegeremos seg\u00fan lo establecido en esta pol\u00edtica.<\/p><p><strong>Encuestas, concursos y promociones:<\/strong> En ocasiones, Milano Clinic puede solicitar a los usuarios de la Plataforma que participen en encuestas, concursos o promociones. Estos eventos pueden utilizarse para recopilar tanto informaci\u00f3n personal como no personal. La participaci\u00f3n es completamente voluntaria, y usted tiene la opci\u00f3n de compartir o no su informaci\u00f3n.<\/p><p><strong>Registro de datos:<\/strong> Cuando utiliza las plataformas, se recopila y registra autom\u00e1ticamente cierta informaci\u00f3n de su computadora (u otro dispositivo) y su navegador. Esto puede incluir su direcci\u00f3n IP, su nombre de dominio, las p\u00e1ginas que visita, las funciones que utiliza en las Plataformas, la fecha y hora de su visita, las URL de los sitios web que visit\u00f3 antes y despu\u00e9s de dirigirse a las Plataformas, las caracter\u00edsticas del software y hardware de su dispositivo (incluidas las identificaciones del dispositivo), su ubicaci\u00f3n geogr\u00e1fica general (como ciudad, estado o \u00e1rea metropolitana) y cierta informaci\u00f3n de cookies. Podemos utilizar registros web o aplicaciones que reconocen su computadora o dispositivo y recopilan informaci\u00f3n sobre su actividad en l\u00ednea.<\/p><p><strong>Cookies:<\/strong> Tambi\u00e9n utilizamos cookies junto con las plataformas. Las cookies son peque\u00f1os archivos que su navegador almacena en su computadora u otro dispositivo. Permiten que su navegador reconozca si ha visitado anteriormente un sitio y pueden almacenar informaci\u00f3n como las preferencias del usuario. Por ejemplo, las cookies pueden utilizarse para recopilar informaci\u00f3n sobre c\u00f3mo utiliza las Plataformas durante su sesi\u00f3n actual y con el tiempo (incluidas las p\u00e1ginas que visita y los archivos que descarga). Si le preocupa tener cookies en su computadora o dispositivo, puede configurar su navegador para rechazar todas las cookies o para notificarle cuando se establece una cookie. Tambi\u00e9n puede eliminar cookies de su computadora o dispositivo. Sin embargo, tenga en cuenta que si elige bloquear o eliminar cookies, algunas caracter\u00edsticas de las Plataformas pueden no funcionar correctamente.<\/p><p><strong>Web beacons:<\/strong> Adem\u00e1s, podemos utilizar una aplicaci\u00f3n conocida como \u00abweb beacon\u00bb (tambi\u00e9n llamada \u00abclear gif\u00bb o \u00abweb bug\u00bb). Un web beacon es un archivo electr\u00f3nico que suele consistir en una imagen de un solo p\u00edxel. Puede incrustarse en una p\u00e1gina web o un correo electr\u00f3nico y transmitir informaci\u00f3n que puede incluir datos que contienen informaci\u00f3n personal. Por ejemplo, permite que el remitente de un correo electr\u00f3nico determine si un usuario ha abierto un correo electr\u00f3nico espec\u00edfico.<\/p><p><strong>Seguimiento en l\u00ednea de terceros y publicidad conductual:<\/strong> Tambi\u00e9n podemos colaborar con ciertos terceros para recopilar, analizar y utilizar cierta informaci\u00f3n personal y no personal seg\u00fan se describe en esta secci\u00f3n. Por ejemplo, podemos permitir que terceros establezcan cookies o utilicen web beacons en las comunicaciones por correo electr\u00f3nico de Milano Clinic o en las Plataformas de Milano Clinic. Esta informaci\u00f3n puede utilizarse para diversos fines, incluida la publicidad conductual en l\u00ednea (consulte la secci\u00f3n \u00abC\u00f3mo compartimos informaci\u00f3n personal y no personal con terceros\u00bb para obtener m\u00e1s informaci\u00f3n).<\/p><p><strong>Seguridad<\/strong><\/p><p>Milano Clinic utiliza medidas f\u00edsicas, electr\u00f3nicas y procedimentales comercialmente razonables para proteger la p\u00e9rdida o el acceso no autorizado, uso, modificaci\u00f3n o eliminaci\u00f3n de su informaci\u00f3n personal. Cuando ingresa informaci\u00f3n confidencial (como su n\u00famero de tel\u00e9fono o direcci\u00f3n de correo electr\u00f3nico) en nuestros formularios de registro o pedido, encriptamos esta informaci\u00f3n utilizando la tecnolog\u00eda de capa de sockets seguros (SSL). Sin embargo, ning\u00fan programa de seguridad es infalible, por lo que no podemos garantizar la seguridad absoluta de su informaci\u00f3n personal u otra informaci\u00f3n.<\/p><p><strong>Cambios en la pol\u00edtica<\/strong><\/p><p>Nos reservamos el derecho de cambiar esta pol\u00edtica en cualquier momento. Publicaremos todos los cambios en este sitio web, por lo que se recomienda revisar peri\u00f3dicamente la pol\u00edtica. Cualquier cambio en esta pol\u00edtica puede aplicarse a la informaci\u00f3n recopilada en el futuro, adem\u00e1s de la informaci\u00f3n recopilada anteriormente. Si realizamos cambios significativos en esta pol\u00edtica, proporcionaremos el aviso legalmente requerido.<\/p>\t\t\t\t\t\t<\/div>\n\t\t\t\t<\/div>\n\t\t\t\t<div class=\"elementor-element elementor-element-ce73926 elementor-invisible elementor-widget elementor-widget-heading\" data-id=\"ce73926\" data-element_type=\"widget\" data-settings=\"{&quot;_animation&quot;:&quot;fadeInRight&quot;,&quot;_animation_delay&quot;:500,&quot;ekit_we_effect_on&quot;:&quot;none&quot;}\" data-widget_type=\"heading.default\">\n\t\t\t\t<div class=\"elementor-widget-container\">\n\t\t\t<h3 class=\"elementor-heading-title elementor-size-default\">Sorular veya Yorumlar<\/h3>\t\t<\/div>\n\t\t\t\t<\/div>\n\t\t\t\t<div class=\"elementor-element elementor-element-4daae3d elementor-invisible elementor-widget elementor-widget-text-editor\" data-id=\"4daae3d\" data-element_type=\"widget\" data-settings=\"{&quot;_animation&quot;:&quot;fadeInUp&quot;,&quot;_animation_delay&quot;:700,&quot;ekit_we_effect_on&quot;:&quot;none&quot;}\" data-widget_type=\"text-editor.default\">\n\t\t\t\t<div class=\"elementor-widget-container\">\n\t\t\t\t\t\t\t<p>Gizlilik Politikam\u0131zla ilgili herhangi bir sorunuz veya yorumunuz varsa, l\u00fctfen bize ula\u015f\u0131n:<\/p><p><a href=\"https:\/\/goo.gl\/maps\/GEdPp1cFcas1Jin87\" target=\"_blank\" rel=\"noopener\"><span class=\"elementor-icon-list-text\">Te\u015fvikiye mah. Hakk\u0131 Yeten caddesi No:11 Center:1 Kat: 12 No: 64 Terrace Fulya Residence<\/span><\/a><br \/>Phone: +90-212-215-55-70<br \/>E-mail:\u00a0<a href=\"mailto:info@milanoklinik.com\" target=\"_blank\" rel=\"noopener noreferrer\">info@milanoklinik.com<\/a><\/p>\t\t\t\t\t\t<\/div>\n\t\t\t\t<\/div>\n\t\t\t\t\t<\/div>\n\t\t<\/div>\n\t\t\t\t\t\t\t<\/div>\n\t\t<\/section>\n\t\t\t\t\t\t\t<\/div>\n\t\t","protected":false},"excerpt":{"rendered":"<p>Pol\u00edtica de privacidad Pol\u00edtica de privacidad Respetamos la privacidad de nuestros usuarios. Esta Pol\u00edtica de privacidad describe nuestras pr\u00e1cticas de privacidad con respecto a la informaci\u00f3n recopilada en relaci\u00f3n con la familia de sitios web de Milano Clinic. Esta Pol\u00edtica tiene como objetivo explicar c\u00f3mo Milano Clinic recopila, utiliza y divulga informaci\u00f3n personal y no [&hellip;]<\/p>\n","protected":false},"author":1,"featured_media":0,"parent":0,"menu_order":0,"comment_status":"closed","ping_status":"closed","template":"","meta":[],"yoast_head":"<!-- This site is optimized with the Yoast SEO plugin v20.7 - https:\/\/yoast.com\/wordpress\/plugins\/seo\/ -->\n<title>Pol\u00edtica de privacidad - Milano Klinik<\/title>\n<meta name=\"robots\" content=\"index, follow, max-snippet:-1, max-image-preview:large, max-video-preview:-1\" \/>\n<link rel=\"canonical\" href=\"https:\/\/www.milanoklinik.com\/es\/politica-de-privacidad\" \/>\n<meta property=\"og:locale\" content=\"es_ES\" \/>\n<meta property=\"og:type\" content=\"article\" \/>\n<meta property=\"og:title\" content=\"Pol\u00edtica de privacidad - Milano Klinik\" \/>\n<meta property=\"og:description\" content=\"Pol\u00edtica de privacidad Pol\u00edtica de privacidad Respetamos la privacidad de nuestros usuarios. Esta Pol\u00edtica de privacidad describe nuestras pr\u00e1cticas de privacidad con respecto a la informaci\u00f3n recopilada en relaci\u00f3n con la familia de sitios web de Milano Clinic. Esta Pol\u00edtica tiene como objetivo explicar c\u00f3mo Milano Clinic recopila, utiliza y divulga informaci\u00f3n personal y no [&hellip;]\" \/>\n<meta property=\"og:url\" content=\"https:\/\/www.milanoklinik.com\/es\/politica-de-privacidad\" \/>\n<meta property=\"og:site_name\" content=\"Milano Klinik\" \/>\n<meta property=\"article:publisher\" content=\"https:\/\/www.facebook.com\/milanoclinicturkey\/\" \/>\n<meta property=\"article:modified_time\" content=\"2023-12-21T13:22:55+00:00\" \/>\n<meta property=\"og:image\" content=\"https:\/\/www.milanoklinik.com\/wp-content\/uploads\/2023\/02\/doctor-drawing-marks-on-female-face-before-procedu-5QEJFLB.png\" \/>\n<meta name=\"twitter:card\" content=\"summary_large_image\" \/>\n<meta name=\"twitter:site\" content=\"@milanoklinik\" \/>\n<meta name=\"twitter:label1\" content=\"Tiempo de lectura\" \/>\n\t<meta name=\"twitter:data1\" content=\"7 minutos\" \/>\n<script type=\"application\/ld+json\" class=\"yoast-schema-graph\">{\"@context\":\"https:\/\/schema.org\",\"@graph\":[{\"@type\":\"WebPage\",\"@id\":\"https:\/\/www.milanoklinik.com\/es\/politica-de-privacidad\",\"url\":\"https:\/\/www.milanoklinik.com\/es\/politica-de-privacidad\",\"name\":\"Pol\u00edtica de privacidad - Milano Klinik\",\"isPartOf\":{\"@id\":\"https:\/\/www.milanoklinik.com\/#website\"},\"datePublished\":\"2023-12-21T13:20:08+00:00\",\"dateModified\":\"2023-12-21T13:22:55+00:00\",\"inLanguage\":\"es\",\"potentialAction\":[{\"@type\":\"ReadAction\",\"target\":[\"https:\/\/www.milanoklinik.com\/es\/politica-de-privacidad\"]}]},{\"@type\":\"WebSite\",\"@id\":\"https:\/\/www.milanoklinik.com\/#website\",\"url\":\"https:\/\/www.milanoklinik.com\/\",\"name\":\"Milano Klinik\",\"description\":\"Milano Klinik \u2022 Cerrahi Estetik Merkezi - Sa\u00e7 Ekim Merkezi \u2022 Milano Klinik,Burun Esteti\u011fi,G\u00f6\u011f\u00fcs Esteti\u011fi,Liposuction\",\"publisher\":{\"@id\":\"https:\/\/www.milanoklinik.com\/#organization\"},\"potentialAction\":[{\"@type\":\"SearchAction\",\"target\":{\"@type\":\"EntryPoint\",\"urlTemplate\":\"https:\/\/www.milanoklinik.com\/?s={search_term_string}\"},\"query-input\":\"required name=search_term_string\"}],\"inLanguage\":\"es\"},{\"@type\":\"Organization\",\"@id\":\"https:\/\/www.milanoklinik.com\/#organization\",\"name\":\"Milano Klinik\",\"url\":\"https:\/\/www.milanoklinik.com\/\",\"logo\":{\"@type\":\"ImageObject\",\"inLanguage\":\"es\",\"@id\":\"https:\/\/www.milanoklinik.com\/#\/schema\/logo\/image\/\",\"url\":\"https:\/\/www.milanoklinik.com\/wp-content\/uploads\/2024\/01\/milano-logo-2021-2-300x169-2.webp\",\"contentUrl\":\"https:\/\/www.milanoklinik.com\/wp-content\/uploads\/2024\/01\/milano-logo-2021-2-300x169-2.webp\",\"width\":300,\"height\":169,\"caption\":\"Milano Klinik\"},\"image\":{\"@id\":\"https:\/\/www.milanoklinik.com\/#\/schema\/logo\/image\/\"},\"sameAs\":[\"https:\/\/www.facebook.com\/milanoclinicturkey\/\",\"https:\/\/twitter.com\/milanoklinik\"]}]}<\/script>\n<!-- \/ Yoast SEO plugin. -->","yoast_head_json":{"title":"Pol\u00edtica de privacidad - Milano Klinik","robots":{"index":"index","follow":"follow","max-snippet":"max-snippet:-1","max-image-preview":"max-image-preview:large","max-video-preview":"max-video-preview:-1"},"canonical":"https:\/\/www.milanoklinik.com\/es\/politica-de-privacidad","og_locale":"es_ES","og_type":"article","og_title":"Pol\u00edtica de privacidad - Milano Klinik","og_description":"Pol\u00edtica de privacidad Pol\u00edtica de privacidad Respetamos la privacidad de nuestros usuarios. Esta Pol\u00edtica de privacidad describe nuestras pr\u00e1cticas de privacidad con respecto a la informaci\u00f3n recopilada en relaci\u00f3n con la familia de sitios web de Milano Clinic. Esta Pol\u00edtica tiene como objetivo explicar c\u00f3mo Milano Clinic recopila, utiliza y divulga informaci\u00f3n personal y no [&hellip;]","og_url":"https:\/\/www.milanoklinik.com\/es\/politica-de-privacidad","og_site_name":"Milano Klinik","article_publisher":"https:\/\/www.facebook.com\/milanoclinicturkey\/","article_modified_time":"2023-12-21T13:22:55+00:00","og_image":[{"url":"https:\/\/www.milanoklinik.com\/wp-content\/uploads\/2023\/02\/doctor-drawing-marks-on-female-face-before-procedu-5QEJFLB.png"}],"twitter_card":"summary_large_image","twitter_site":"@milanoklinik","twitter_misc":{"Tiempo de lectura":"7 minutos"},"schema":{"@context":"https:\/\/schema.org","@graph":[{"@type":"WebPage","@id":"https:\/\/www.milanoklinik.com\/es\/politica-de-privacidad","url":"https:\/\/www.milanoklinik.com\/es\/politica-de-privacidad","name":"Pol\u00edtica de privacidad - Milano Klinik","isPartOf":{"@id":"https:\/\/www.milanoklinik.com\/#website"},"datePublished":"2023-12-21T13:20:08+00:00","dateModified":"2023-12-21T13:22:55+00:00","inLanguage":"es","potentialAction":[{"@type":"ReadAction","target":["https:\/\/www.milanoklinik.com\/es\/politica-de-privacidad"]}]},{"@type":"WebSite","@id":"https:\/\/www.milanoklinik.com\/#website","url":"https:\/\/www.milanoklinik.com\/","name":"Milano Klinik","description":"Milano Klinik \u2022 Cerrahi Estetik Merkezi - Sa\u00e7 Ekim Merkezi \u2022 Milano Klinik,Burun Esteti\u011fi,G\u00f6\u011f\u00fcs Esteti\u011fi,Liposuction","publisher":{"@id":"https:\/\/www.milanoklinik.com\/#organization"},"potentialAction":[{"@type":"SearchAction","target":{"@type":"EntryPoint","urlTemplate":"https:\/\/www.milanoklinik.com\/?s={search_term_string}"},"query-input":"required name=search_term_string"}],"inLanguage":"es"},{"@type":"Organization","@id":"https:\/\/www.milanoklinik.com\/#organization","name":"Milano Klinik","url":"https:\/\/www.milanoklinik.com\/","logo":{"@type":"ImageObject","inLanguage":"es","@id":"https:\/\/www.milanoklinik.com\/#\/schema\/logo\/image\/","url":"https:\/\/www.milanoklinik.com\/wp-content\/uploads\/2024\/01\/milano-logo-2021-2-300x169-2.webp","contentUrl":"https:\/\/www.milanoklinik.com\/wp-content\/uploads\/2024\/01\/milano-logo-2021-2-300x169-2.webp","width":300,"height":169,"caption":"Milano Klinik"},"image":{"@id":"https:\/\/www.milanoklinik.com\/#\/schema\/logo\/image\/"},"sameAs":["https:\/\/www.facebook.com\/milanoclinicturkey\/","https:\/\/twitter.com\/milanoklinik"]}]}},"_links":{"self":[{"href":"https:\/\/www.milanoklinik.com\/es\/wp-json\/wp\/v2\/pages\/39936"}],"collection":[{"href":"https:\/\/www.milanoklinik.com\/es\/wp-json\/wp\/v2\/pages"}],"about":[{"href":"https:\/\/www.milanoklinik.com\/es\/wp-json\/wp\/v2\/types\/page"}],"author":[{"embeddable":true,"href":"https:\/\/www.milanoklinik.com\/es\/wp-json\/wp\/v2\/users\/1"}],"replies":[{"embeddable":true,"href":"https:\/\/www.milanoklinik.com\/es\/wp-json\/wp\/v2\/comments?post=39936"}],"version-history":[{"count":6,"href":"https:\/\/www.milanoklinik.com\/es\/wp-json\/wp\/v2\/pages\/39936\/revisions"}],"predecessor-version":[{"id":39944,"href":"https:\/\/www.milanoklinik.com\/es\/wp-json\/wp\/v2\/pages\/39936\/revisions\/39944"}],"wp:attachment":[{"href":"https:\/\/www.milanoklinik.com\/es\/wp-json\/wp\/v2\/media?parent=39936"}],"curies":[{"name":"wp","href":"https:\/\/api.w.org\/{rel}","templated":true}]}}