{"id":6732,"date":"2019-12-03T14:25:27","date_gmt":"2019-12-03T14:25:27","guid":{"rendered":"https:\/\/www.milanoklinik.com\/?page_id=6732"},"modified":"2023-12-21T16:04:49","modified_gmt":"2023-12-21T13:04:49","slug":"privacy-policy","status":"publish","type":"page","link":"https:\/\/www.milanoklinik.com\/en\/privacy-policy","title":{"rendered":"Privacy Policy"},"content":{"rendered":"\t\t<div data-elementor-type=\"wp-page\" data-elementor-id=\"6732\" class=\"elementor elementor-6732 elementor-6638\" data-elementor-post-type=\"page\">\n\t\t\t\t\t\t\t\t\t<section class=\"elementor-section elementor-top-section elementor-element elementor-element-fe03c18 elementor-section-full_width elementor-section-height-default elementor-section-height-default\" data-id=\"fe03c18\" data-element_type=\"section\" data-settings=\"{&quot;background_background&quot;:&quot;classic&quot;,&quot;ekit_has_onepagescroll_dot&quot;:&quot;yes&quot;}\">\n\t\t\t\t\t\t<div class=\"elementor-container elementor-column-gap-default\">\n\t\t\t\t\t<div class=\"elementor-column elementor-col-100 elementor-top-column elementor-element elementor-element-e14aa34\" data-id=\"e14aa34\" data-element_type=\"column\">\n\t\t\t<div class=\"elementor-widget-wrap elementor-element-populated\">\n\t\t\t\t\t\t\t\t<div class=\"elementor-element elementor-element-1796f21 elementor-widget__width-initial elementor-widget-tablet__width-initial elementor-absolute elementor-hidden-tablet elementor-hidden-phone elementor-invisible elementor-widget elementor-widget-image\" data-id=\"1796f21\" data-element_type=\"widget\" data-settings=\"{&quot;_animation&quot;:&quot;fadeInLeft&quot;,&quot;_animation_delay&quot;:600,&quot;_position&quot;:&quot;absolute&quot;,&quot;ekit_we_effect_on&quot;:&quot;none&quot;}\" data-widget_type=\"image.default\">\n\t\t\t\t<div class=\"elementor-widget-container\">\n\t\t\t\t\t\t\t\t\t\t\t\t\t\t\t<img decoding=\"async\" width=\"614\" height=\"469\" src=\"https:\/\/www.milanoklinik.com\/wp-content\/uploads\/2023\/04\/doctor-drawing-marks-on-female-face-before-procedu-5QEJFLB.png\" class=\"attachment-full size-full wp-image-27334\" alt=\"\" loading=\"lazy\" srcset=\"https:\/\/www.milanoklinik.com\/wp-content\/uploads\/2023\/04\/doctor-drawing-marks-on-female-face-before-procedu-5QEJFLB.png 614w, https:\/\/www.milanoklinik.com\/wp-content\/uploads\/2023\/04\/doctor-drawing-marks-on-female-face-before-procedu-5QEJFLB-300x229.png 300w\" sizes=\"(max-width: 614px) 100vw, 614px\" \/>\t\t\t\t\t\t\t\t\t\t\t\t\t\t\t<\/div>\n\t\t\t\t<\/div>\n\t\t\t\t<div class=\"elementor-element elementor-element-f139700 elementor-invisible elementor-widget elementor-widget-heading\" data-id=\"f139700\" data-element_type=\"widget\" data-settings=\"{&quot;_animation&quot;:&quot;fadeInDown&quot;,&quot;ekit_we_effect_on&quot;:&quot;none&quot;}\" data-widget_type=\"heading.default\">\n\t\t\t\t<div class=\"elementor-widget-container\">\n\t\t\t<h1 class=\"elementor-heading-title elementor-size-default\">Privacy Policy<\/h1>\t\t<\/div>\n\t\t\t\t<\/div>\n\t\t\t\t<div class=\"elementor-element elementor-element-58a0077 elementor-widget__width-initial elementor-widget-tablet__width-initial elementor-widget-mobile__width-initial elementor-absolute elementor-hidden-phone elementor-invisible elementor-widget elementor-widget-image\" data-id=\"58a0077\" data-element_type=\"widget\" data-settings=\"{&quot;_animation&quot;:&quot;fadeInRight&quot;,&quot;_animation_delay&quot;:600,&quot;_position&quot;:&quot;absolute&quot;,&quot;ekit_we_effect_on&quot;:&quot;none&quot;}\" data-widget_type=\"image.default\">\n\t\t\t\t<div class=\"elementor-widget-container\">\n\t\t\t\t\t\t\t\t\t\t\t\t\t\t\t<img decoding=\"async\" width=\"381\" height=\"359\" src=\"https:\/\/www.milanoklinik.com\/wp-content\/uploads\/2023\/04\/flowers-and-eucaaliptus-composition-M9PL2FC-2.jpg\" class=\"attachment-full size-full wp-image-27340\" alt=\"\" loading=\"lazy\" srcset=\"https:\/\/www.milanoklinik.com\/wp-content\/uploads\/2023\/04\/flowers-and-eucaaliptus-composition-M9PL2FC-2.jpg 381w, https:\/\/www.milanoklinik.com\/wp-content\/uploads\/2023\/04\/flowers-and-eucaaliptus-composition-M9PL2FC-2-300x283.jpg 300w\" sizes=\"(max-width: 381px) 100vw, 381px\" \/>\t\t\t\t\t\t\t\t\t\t\t\t\t\t\t<\/div>\n\t\t\t\t<\/div>\n\t\t\t\t<div class=\"elementor-element elementor-element-3966252 elementor-widget__width-initial elementor-absolute elementor-hidden-phone elementor-widget-tablet__width-initial ekit-equal-height-disable elementor-invisible elementor-widget elementor-widget-elementskit-icon-box\" data-id=\"3966252\" data-element_type=\"widget\" data-settings=\"{&quot;_animation&quot;:&quot;rotateInDownRight&quot;,&quot;_animation_delay&quot;:800,&quot;_position&quot;:&quot;absolute&quot;,&quot;ekit_we_effect_on&quot;:&quot;none&quot;}\" data-widget_type=\"elementskit-icon-box.default\">\n\t\t\t\t<div class=\"elementor-widget-container\">\n\t\t\t<div class=\"ekit-wid-con\" >        <!-- link opening -->\n                <!-- end link opening -->\n\n        <div class=\"elementskit-infobox text-center text- icon-top-align elementor-animation-   \">\n                            <div class=\"elementskit-box-header\">\n                <div class=\"elementskit-info-box-icon \">\n                    <img decoding=\"async\" width=\"97\" height=\"144\" src=\"https:\/\/www.milanoklinik.com\/wp-content\/uploads\/2023\/04\/elements-set-of-natural-and-floral-elements-G9XCU6B_services.png\" class=\"attachment- size-\" alt=\"\" loading=\"lazy\" \/>                <\/div>\n          <\/div>\n                <div class=\"box-body\">\n                                            <\/div>\n        \n        \n                <\/div>\n        <\/div>\t\t<\/div>\n\t\t\t\t<\/div>\n\t\t\t\t\t<\/div>\n\t\t<\/div>\n\t\t\t\t\t\t\t<\/div>\n\t\t<\/section>\n\t\t\t\t<section class=\"elementor-section elementor-top-section elementor-element elementor-element-bda4937 elementor-section-boxed elementor-section-height-default elementor-section-height-default\" data-id=\"bda4937\" data-element_type=\"section\" data-settings=\"{&quot;ekit_has_onepagescroll_dot&quot;:&quot;yes&quot;}\">\n\t\t\t\t\t\t<div class=\"elementor-container elementor-column-gap-default\">\n\t\t\t\t\t<div class=\"elementor-column elementor-col-100 elementor-top-column elementor-element elementor-element-e6c2c0c\" data-id=\"e6c2c0c\" data-element_type=\"column\">\n\t\t\t<div class=\"elementor-widget-wrap elementor-element-populated\">\n\t\t\t\t\t\t\t\t<div class=\"elementor-element elementor-element-23a58cf elementor-widget__width-initial elementor-absolute elementor-hidden-phone ekit-equal-height-disable elementor-invisible elementor-widget elementor-widget-elementskit-icon-box\" data-id=\"23a58cf\" data-element_type=\"widget\" data-settings=\"{&quot;_animation&quot;:&quot;rotateInUpRight&quot;,&quot;_animation_delay&quot;:800,&quot;_position&quot;:&quot;absolute&quot;,&quot;ekit_we_effect_on&quot;:&quot;none&quot;}\" data-widget_type=\"elementskit-icon-box.default\">\n\t\t\t\t<div class=\"elementor-widget-container\">\n\t\t\t<div class=\"ekit-wid-con\" >        <!-- link opening -->\n                <!-- end link opening -->\n\n        <div class=\"elementskit-infobox text-center text- icon-top-align elementor-animation-   \">\n                            <div class=\"elementskit-box-header\">\n                <div class=\"elementskit-info-box-icon \">\n                    <img decoding=\"async\" width=\"34\" height=\"51\" src=\"https:\/\/www.milanoklinik.com\/wp-content\/uploads\/2023\/04\/elements-set-of-natural-and-floral-elements-G9XCU6B-3.png\" class=\"attachment- size-\" alt=\"\" loading=\"lazy\" \/>                <\/div>\n          <\/div>\n                <div class=\"box-body\">\n                                            <\/div>\n        \n        \n                <\/div>\n        <\/div>\t\t<\/div>\n\t\t\t\t<\/div>\n\t\t\t\t<div class=\"elementor-element elementor-element-501b952 elementor-invisible elementor-widget elementor-widget-heading\" data-id=\"501b952\" data-element_type=\"widget\" data-settings=\"{&quot;_animation&quot;:&quot;fadeInRight&quot;,&quot;_animation_delay&quot;:500,&quot;ekit_we_effect_on&quot;:&quot;none&quot;}\" data-widget_type=\"heading.default\">\n\t\t\t\t<div class=\"elementor-widget-container\">\n\t\t\t<h3 class=\"elementor-heading-title elementor-size-default\">Our Privacy Policy<\/h3>\t\t<\/div>\n\t\t\t\t<\/div>\n\t\t\t\t<div class=\"elementor-element elementor-element-906cdfc elementor-invisible elementor-widget elementor-widget-text-editor\" data-id=\"906cdfc\" data-element_type=\"widget\" data-settings=\"{&quot;_animation&quot;:&quot;fadeInUp&quot;,&quot;_animation_delay&quot;:700,&quot;ekit_we_effect_on&quot;:&quot;none&quot;}\" data-widget_type=\"text-editor.default\">\n\t\t\t\t<div class=\"elementor-widget-container\">\n\t\t\t\t\t\t\t<p>We respect the privacy of our users. This Privacy Policy (&#8220;Policy&#8221;) describes our privacy practices concerning information collected in connection with Milano Clinic family of websites. This Policy is intended to explain the conditions under which Milano Clinic collects, uses, and discloses personal and other information in connection with the Platforms, and your rights in relation to that information.<\/p>\t\t\t\t\t\t<\/div>\n\t\t\t\t<\/div>\n\t\t\t\t<div class=\"elementor-element elementor-element-22bc09c elementor-invisible elementor-widget elementor-widget-heading\" data-id=\"22bc09c\" data-element_type=\"widget\" data-settings=\"{&quot;_animation&quot;:&quot;fadeInRight&quot;,&quot;_animation_delay&quot;:500,&quot;ekit_we_effect_on&quot;:&quot;none&quot;}\" data-widget_type=\"heading.default\">\n\t\t\t\t<div class=\"elementor-widget-container\">\n\t\t\t<h3 class=\"elementor-heading-title elementor-size-default\">What personal and other information we collect about you?\n<\/h3>\t\t<\/div>\n\t\t\t\t<\/div>\n\t\t\t\t<div class=\"elementor-element elementor-element-b4c18a0 elementor-invisible elementor-widget elementor-widget-text-editor\" data-id=\"b4c18a0\" data-element_type=\"widget\" data-settings=\"{&quot;_animation&quot;:&quot;fadeInUp&quot;,&quot;_animation_delay&quot;:700,&quot;ekit_we_effect_on&quot;:&quot;none&quot;}\" data-widget_type=\"text-editor.default\">\n\t\t\t\t<div class=\"elementor-widget-container\">\n\t\t\t\t\t\t\t<p>Milano Clinic collects both &#8220;personal information&#8221; and &#8220;non-personal information&#8221; about Platform users. For purposes of this Policy, &#8220;non-personal information&#8221; is information that Milano Clinic cannot directly associate with a specific person without the aid of additional information. By contrast, &#8220;personal information,&#8221; is information such as a name or email address that Milano Clinic can directly associate with a specific person or entity without additional information. When we combine non-personal information with personal information, we treat all of the combined information as personal information.<\/p><p><strong>Personal information:\u00a0<\/strong>You can visit the site without submitting any personal information.<\/p><p>We may combine personal information collected through the Platforms with other information that we or third parties collect about you in other contexts\u2014such as our communications with you via email or phone, or your customer service records. We will treat such combined information as personal information and protect it in accordance with this Policy.<\/p><p><strong>Surveys, Contests, and Promotions:\u00a0<\/strong>From time to time, Milano Clinic may ask Platform users to participate in surveys, contests, or promotions. Such surveys, contests, and promotions may be used to collect both personal and non-personal information. Participation is completely voluntary, and you therefore have a choice whether or not to disclose your information.<\/p><p><strong>Log data:\u00a0<\/strong>When you use the Platforms, we automatically receive and record certain information from your computer (or other device) and your browser. This may include such data as your IP address and domain name, the pages you visit or the features you use on the Platforms, the date and time of your visit, the URLs from the websites you visit before and after navigating to the Platforms, your software and hardware attributes (including device IDs), your general geographic location (e.g., your city, state, or metropolitan region), and certain cookie information (see below). To obtain such information, we may use web logs or applications that recognize your computer or device and gather information about its online activity.<\/p><p><strong>Cookies:\u00a0<\/strong>We also use cookies in conjunction with the Platforms. Cookies are small files that are stored on your computer or other device by your web browser. A cookie allows the Platforms to recognize whether you have visited before and may store user preferences and other information. For example, cookies can be used to collect information about your use of the Platforms during your current session and over time (including the pages you view and the files you download), the operating system and browser type of your computer or other device, your Internet service provider, your domain name and IP address, your general geographic location, the website that you visited before navigating to the Platforms, and the link you used to leave the Platforms. If you are concerned about having cookies on your computer or device, you can set your browser to refuse all cookies or to indicate when a cookie is being set, allowing you to decide whether to accept it. You can also delete cookies from your computer or device. However, if you choose to block or delete cookies, certain features of the Platforms may not operate correctly.<\/p><p><strong>Web beacons:\u00a0<\/strong>We also may use an application known as a &#8220;web beacon&#8221; (also known as a &#8220;clear gif&#8221; or &#8220;web bug&#8221;). A web beacon is an electronic file that usually consists of a single-pixel image. It can be embedded in a web page or in an email to transmit information, which could include personal information. For example, it allows an email sender to determine whether a user has opened a particular email.<\/p><p><strong>Third-party online tracking and behavioral advertising:\u00a0<\/strong>We also may partner with certain third parties to collect, analyze, and use some of the personal and non-personal information described in this section. For example, we may allow third parties to set cookies or use web beacons on the Platforms or in email communications from Milano Clinic. This information may be used for a variety of purposes, including online behavioral advertising, as discussed below (see the section entitled &#8220;How we share personal and non-personal information with third parties&#8221;).<\/p><p><strong>Security<\/strong><\/p><p>Milano Clinic uses commercially reasonable physical, electronic, and procedural safeguards to protect your personal information against loss or unauthorized access, use, modification, or deletion. When you enter sensitive information (such as phone number number and\/or e-mail adress) on our registration or order forms, we encrypt that information using secure socket layer technology (SSL). However, no security program is foolproof, and thus we cannot guarantee the absolute security of your personal or other information.<\/p><p><strong>Changes to this Policy<\/strong><\/p><p>We reserve the right to amend this policy at any time. We will post all changes to this policy on this website, so you should review the policy periodically. Any such amendments to this policy may apply to information we collect in the future as well as any information we obtained prior to such amendment. If we make a material change to this policy, we will provide appropriate notice as required by law.<\/p>\t\t\t\t\t\t<\/div>\n\t\t\t\t<\/div>\n\t\t\t\t<div class=\"elementor-element elementor-element-3b59695 elementor-invisible elementor-widget elementor-widget-heading\" data-id=\"3b59695\" data-element_type=\"widget\" data-settings=\"{&quot;_animation&quot;:&quot;fadeInRight&quot;,&quot;_animation_delay&quot;:500,&quot;ekit_we_effect_on&quot;:&quot;none&quot;}\" data-widget_type=\"heading.default\">\n\t\t\t\t<div class=\"elementor-widget-container\">\n\t\t\t<h3 class=\"elementor-heading-title elementor-size-default\">Questions or comments\n<\/h3>\t\t<\/div>\n\t\t\t\t<\/div>\n\t\t\t\t<div class=\"elementor-element elementor-element-bac8886 elementor-invisible elementor-widget elementor-widget-text-editor\" data-id=\"bac8886\" data-element_type=\"widget\" data-settings=\"{&quot;_animation&quot;:&quot;fadeInUp&quot;,&quot;_animation_delay&quot;:700,&quot;ekit_we_effect_on&quot;:&quot;none&quot;}\" data-widget_type=\"text-editor.default\">\n\t\t\t\t<div class=\"elementor-widget-container\">\n\t\t\t\t\t\t\t<p>If you have any questions or comments regarding our Policy, please contact us at:<\/p><p>Te\u015fkiviye Mah. Hakk\u0131 Yeten Cd.<br \/>Fulya Terrace Residance Fulya\/\u015ei\u015fli\/\u0130stanbul<br \/>Phone: +90-212-215-55-70<br \/>E-mail:\u00a0<a href=\"mailto:info@milanoklinik.com\" target=\"_blank\" rel=\"noopener noreferrer\">info@milanoklinik.com<\/a><\/p>\t\t\t\t\t\t<\/div>\n\t\t\t\t<\/div>\n\t\t\t\t\t<\/div>\n\t\t<\/div>\n\t\t\t\t\t\t\t<\/div>\n\t\t<\/section>\n\t\t\t\t\t\t\t<\/div>\n\t\t","protected":false},"excerpt":{"rendered":"<p>Privacy Policy Our Privacy Policy We respect the privacy of our users. This Privacy Policy (&#8220;Policy&#8221;) describes our privacy practices concerning information collected in connection with Milano Clinic family of websites. This Policy is intended to explain the conditions under which Milano Clinic collects, uses, and discloses personal and other information in connection with the [&hellip;]<\/p>\n","protected":false},"author":1,"featured_media":0,"parent":0,"menu_order":0,"comment_status":"closed","ping_status":"closed","template":"","meta":[],"yoast_head":"<!-- This site is optimized with the Yoast SEO plugin v20.7 - https:\/\/yoast.com\/wordpress\/plugins\/seo\/ -->\n<title>Privacy Policy - Milano Klinik<\/title>\n<meta name=\"description\" content=\"You may find more detailed info about privacy policy adopted by us, Milano Klinik on the corresponding page.\" \/>\n<meta name=\"robots\" content=\"index, follow, max-snippet:-1, max-image-preview:large, max-video-preview:-1\" \/>\n<link rel=\"canonical\" href=\"https:\/\/www.milanoklinik.com\/en\/privacy-policy\" \/>\n<meta property=\"og:locale\" content=\"en_US\" \/>\n<meta property=\"og:type\" content=\"article\" \/>\n<meta property=\"og:title\" content=\"Privacy Policy - Milano Klinik\" \/>\n<meta property=\"og:description\" content=\"You may find more detailed info about privacy policy adopted by us, Milano Klinik on the corresponding page.\" \/>\n<meta property=\"og:url\" content=\"https:\/\/www.milanoklinik.com\/en\/privacy-policy\" \/>\n<meta property=\"og:site_name\" content=\"Milano Klinik\" \/>\n<meta property=\"article:publisher\" content=\"https:\/\/www.facebook.com\/milanoclinicturkey\/\" \/>\n<meta property=\"article:modified_time\" content=\"2023-12-21T13:04:49+00:00\" \/>\n<meta property=\"og:image\" content=\"https:\/\/www.milanoklinik.com\/wp-content\/uploads\/2023\/04\/doctor-drawing-marks-on-female-face-before-procedu-5QEJFLB.png\" \/>\n<meta name=\"twitter:card\" content=\"summary_large_image\" \/>\n<meta name=\"twitter:site\" content=\"@milanoklinik\" \/>\n<meta name=\"twitter:label1\" content=\"Est. reading time\" \/>\n\t<meta name=\"twitter:data1\" content=\"5 minutes\" \/>\n<script type=\"application\/ld+json\" class=\"yoast-schema-graph\">{\"@context\":\"https:\/\/schema.org\",\"@graph\":[{\"@type\":\"WebPage\",\"@id\":\"https:\/\/www.milanoklinik.com\/en\/privacy-policy\",\"url\":\"https:\/\/www.milanoklinik.com\/en\/privacy-policy\",\"name\":\"Privacy Policy - Milano Klinik\",\"isPartOf\":{\"@id\":\"https:\/\/www.milanoklinik.com\/#website\"},\"datePublished\":\"2019-12-03T14:25:27+00:00\",\"dateModified\":\"2023-12-21T13:04:49+00:00\",\"description\":\"You may find more detailed info about privacy policy adopted by us, Milano Klinik on the corresponding page.\",\"inLanguage\":\"en-US\",\"potentialAction\":[{\"@type\":\"ReadAction\",\"target\":[\"https:\/\/www.milanoklinik.com\/en\/privacy-policy\"]}]},{\"@type\":\"WebSite\",\"@id\":\"https:\/\/www.milanoklinik.com\/#website\",\"url\":\"https:\/\/www.milanoklinik.com\/\",\"name\":\"Milano Klinik\",\"description\":\"Milano Klinik \u2022 Cerrahi Estetik Merkezi - Sa\u00e7 Ekim Merkezi \u2022 Milano Klinik,Burun Esteti\u011fi,G\u00f6\u011f\u00fcs Esteti\u011fi,Liposuction\",\"publisher\":{\"@id\":\"https:\/\/www.milanoklinik.com\/#organization\"},\"potentialAction\":[{\"@type\":\"SearchAction\",\"target\":{\"@type\":\"EntryPoint\",\"urlTemplate\":\"https:\/\/www.milanoklinik.com\/?s={search_term_string}\"},\"query-input\":\"required name=search_term_string\"}],\"inLanguage\":\"en-US\"},{\"@type\":\"Organization\",\"@id\":\"https:\/\/www.milanoklinik.com\/#organization\",\"name\":\"Milano Klinik\",\"url\":\"https:\/\/www.milanoklinik.com\/\",\"logo\":{\"@type\":\"ImageObject\",\"inLanguage\":\"en-US\",\"@id\":\"https:\/\/www.milanoklinik.com\/#\/schema\/logo\/image\/\",\"url\":\"https:\/\/www.milanoklinik.com\/wp-content\/uploads\/2024\/01\/milano-logo-2021-2-300x169-2.webp\",\"contentUrl\":\"https:\/\/www.milanoklinik.com\/wp-content\/uploads\/2024\/01\/milano-logo-2021-2-300x169-2.webp\",\"width\":300,\"height\":169,\"caption\":\"Milano Klinik\"},\"image\":{\"@id\":\"https:\/\/www.milanoklinik.com\/#\/schema\/logo\/image\/\"},\"sameAs\":[\"https:\/\/www.facebook.com\/milanoclinicturkey\/\",\"https:\/\/twitter.com\/milanoklinik\"]}]}<\/script>\n<!-- \/ Yoast SEO plugin. -->","yoast_head_json":{"title":"Privacy Policy - Milano Klinik","description":"You may find more detailed info about privacy policy adopted by us, Milano Klinik on the corresponding page.","robots":{"index":"index","follow":"follow","max-snippet":"max-snippet:-1","max-image-preview":"max-image-preview:large","max-video-preview":"max-video-preview:-1"},"canonical":"https:\/\/www.milanoklinik.com\/en\/privacy-policy","og_locale":"en_US","og_type":"article","og_title":"Privacy Policy - Milano Klinik","og_description":"You may find more detailed info about privacy policy adopted by us, Milano Klinik on the corresponding page.","og_url":"https:\/\/www.milanoklinik.com\/en\/privacy-policy","og_site_name":"Milano Klinik","article_publisher":"https:\/\/www.facebook.com\/milanoclinicturkey\/","article_modified_time":"2023-12-21T13:04:49+00:00","og_image":[{"url":"https:\/\/www.milanoklinik.com\/wp-content\/uploads\/2023\/04\/doctor-drawing-marks-on-female-face-before-procedu-5QEJFLB.png"}],"twitter_card":"summary_large_image","twitter_site":"@milanoklinik","twitter_misc":{"Est. reading time":"5 minutes"},"schema":{"@context":"https:\/\/schema.org","@graph":[{"@type":"WebPage","@id":"https:\/\/www.milanoklinik.com\/en\/privacy-policy","url":"https:\/\/www.milanoklinik.com\/en\/privacy-policy","name":"Privacy Policy - Milano Klinik","isPartOf":{"@id":"https:\/\/www.milanoklinik.com\/#website"},"datePublished":"2019-12-03T14:25:27+00:00","dateModified":"2023-12-21T13:04:49+00:00","description":"You may find more detailed info about privacy policy adopted by us, Milano Klinik on the corresponding page.","inLanguage":"en-US","potentialAction":[{"@type":"ReadAction","target":["https:\/\/www.milanoklinik.com\/en\/privacy-policy"]}]},{"@type":"WebSite","@id":"https:\/\/www.milanoklinik.com\/#website","url":"https:\/\/www.milanoklinik.com\/","name":"Milano Klinik","description":"Milano Klinik \u2022 Cerrahi Estetik Merkezi - Sa\u00e7 Ekim Merkezi \u2022 Milano Klinik,Burun Esteti\u011fi,G\u00f6\u011f\u00fcs Esteti\u011fi,Liposuction","publisher":{"@id":"https:\/\/www.milanoklinik.com\/#organization"},"potentialAction":[{"@type":"SearchAction","target":{"@type":"EntryPoint","urlTemplate":"https:\/\/www.milanoklinik.com\/?s={search_term_string}"},"query-input":"required name=search_term_string"}],"inLanguage":"en-US"},{"@type":"Organization","@id":"https:\/\/www.milanoklinik.com\/#organization","name":"Milano Klinik","url":"https:\/\/www.milanoklinik.com\/","logo":{"@type":"ImageObject","inLanguage":"en-US","@id":"https:\/\/www.milanoklinik.com\/#\/schema\/logo\/image\/","url":"https:\/\/www.milanoklinik.com\/wp-content\/uploads\/2024\/01\/milano-logo-2021-2-300x169-2.webp","contentUrl":"https:\/\/www.milanoklinik.com\/wp-content\/uploads\/2024\/01\/milano-logo-2021-2-300x169-2.webp","width":300,"height":169,"caption":"Milano Klinik"},"image":{"@id":"https:\/\/www.milanoklinik.com\/#\/schema\/logo\/image\/"},"sameAs":["https:\/\/www.facebook.com\/milanoclinicturkey\/","https:\/\/twitter.com\/milanoklinik"]}]}},"_links":{"self":[{"href":"https:\/\/www.milanoklinik.com\/en\/wp-json\/wp\/v2\/pages\/6732"}],"collection":[{"href":"https:\/\/www.milanoklinik.com\/en\/wp-json\/wp\/v2\/pages"}],"about":[{"href":"https:\/\/www.milanoklinik.com\/en\/wp-json\/wp\/v2\/types\/page"}],"author":[{"embeddable":true,"href":"https:\/\/www.milanoklinik.com\/en\/wp-json\/wp\/v2\/users\/1"}],"replies":[{"embeddable":true,"href":"https:\/\/www.milanoklinik.com\/en\/wp-json\/wp\/v2\/comments?post=6732"}],"version-history":[{"count":3,"href":"https:\/\/www.milanoklinik.com\/en\/wp-json\/wp\/v2\/pages\/6732\/revisions"}],"predecessor-version":[{"id":39924,"href":"https:\/\/www.milanoklinik.com\/en\/wp-json\/wp\/v2\/pages\/6732\/revisions\/39924"}],"wp:attachment":[{"href":"https:\/\/www.milanoklinik.com\/en\/wp-json\/wp\/v2\/media?parent=6732"}],"curies":[{"name":"wp","href":"https:\/\/api.w.org\/{rel}","templated":true}]}}