{"id":39719,"date":"2023-12-20T14:18:45","date_gmt":"2023-12-20T11:18:45","guid":{"rendered":"https:\/\/www.milanoklinik.com\/?page_id=39719"},"modified":"2023-12-20T14:31:42","modified_gmt":"2023-12-20T11:31:42","slug":"airport-transfer-process","status":"publish","type":"page","link":"https:\/\/www.milanoklinik.com\/en\/airport-transfer-process","title":{"rendered":"Airport Transfer Process"},"content":{"rendered":"\t\t<div data-elementor-type=\"wp-page\" data-elementor-id=\"39719\" class=\"elementor elementor-39719 elementor-4143\" data-elementor-post-type=\"page\">\n\t\t\t\t\t\t\t\t\t<section class=\"elementor-section elementor-top-section elementor-element elementor-element-20694e8 elementor-section-full_width elementor-section-height-default elementor-section-height-default\" data-id=\"20694e8\" data-element_type=\"section\" data-settings=\"{&quot;background_background&quot;:&quot;classic&quot;,&quot;ekit_has_onepagescroll_dot&quot;:&quot;yes&quot;}\">\n\t\t\t\t\t\t<div class=\"elementor-container elementor-column-gap-default\">\n\t\t\t\t\t<div class=\"elementor-column elementor-col-100 elementor-top-column elementor-element elementor-element-d11fe64\" data-id=\"d11fe64\" data-element_type=\"column\">\n\t\t\t<div class=\"elementor-widget-wrap elementor-element-populated\">\n\t\t\t\t\t\t\t\t<div class=\"elementor-element elementor-element-96c47ec elementor-widget__width-initial elementor-widget-tablet__width-initial elementor-absolute elementor-hidden-tablet elementor-hidden-phone elementor-invisible elementor-widget elementor-widget-image\" data-id=\"96c47ec\" data-element_type=\"widget\" data-settings=\"{&quot;_animation&quot;:&quot;fadeInLeft&quot;,&quot;_animation_delay&quot;:600,&quot;_position&quot;:&quot;absolute&quot;,&quot;ekit_we_effect_on&quot;:&quot;none&quot;}\" data-widget_type=\"image.default\">\n\t\t\t\t<div class=\"elementor-widget-container\">\n\t\t\t\t\t\t\t\t\t\t\t\t\t\t\t<img decoding=\"async\" width=\"614\" height=\"469\" src=\"https:\/\/www.milanoklinik.com\/wp-content\/uploads\/2023\/02\/doctor-drawing-marks-on-female-face-before-procedu-5QEJFLB.png\" class=\"attachment-full size-full wp-image-26266\" alt=\"\" loading=\"lazy\" srcset=\"https:\/\/www.milanoklinik.com\/wp-content\/uploads\/2023\/02\/doctor-drawing-marks-on-female-face-before-procedu-5QEJFLB.png 614w, https:\/\/www.milanoklinik.com\/wp-content\/uploads\/2023\/02\/doctor-drawing-marks-on-female-face-before-procedu-5QEJFLB-300x229.png 300w\" sizes=\"(max-width: 614px) 100vw, 614px\" \/>\t\t\t\t\t\t\t\t\t\t\t\t\t\t\t<\/div>\n\t\t\t\t<\/div>\n\t\t\t\t<div class=\"elementor-element elementor-element-d8eebb3 elementor-invisible elementor-widget elementor-widget-heading\" data-id=\"d8eebb3\" data-element_type=\"widget\" data-settings=\"{&quot;_animation&quot;:&quot;fadeInDown&quot;,&quot;ekit_we_effect_on&quot;:&quot;none&quot;}\" data-widget_type=\"heading.default\">\n\t\t\t\t<div class=\"elementor-widget-container\">\n\t\t\t<h1 class=\"elementor-heading-title elementor-size-default\">Airport Transfer Process<\/h1>\t\t<\/div>\n\t\t\t\t<\/div>\n\t\t\t\t<div class=\"elementor-element elementor-element-a2222fd elementor-widget__width-initial elementor-widget-tablet__width-initial elementor-widget-mobile__width-initial elementor-absolute elementor-hidden-phone elementor-invisible elementor-widget elementor-widget-image\" data-id=\"a2222fd\" data-element_type=\"widget\" data-settings=\"{&quot;_animation&quot;:&quot;fadeInRight&quot;,&quot;_animation_delay&quot;:600,&quot;_position&quot;:&quot;absolute&quot;,&quot;ekit_we_effect_on&quot;:&quot;none&quot;}\" data-widget_type=\"image.default\">\n\t\t\t\t<div class=\"elementor-widget-container\">\n\t\t\t\t\t\t\t\t\t\t\t\t\t\t\t<img decoding=\"async\" width=\"381\" height=\"359\" src=\"https:\/\/www.milanoklinik.com\/wp-content\/uploads\/2023\/02\/flowers-and-eucaaliptus-composition-M9PL2FC-2.jpg\" class=\"attachment-full size-full wp-image-26272\" alt=\"\" loading=\"lazy\" srcset=\"https:\/\/www.milanoklinik.com\/wp-content\/uploads\/2023\/02\/flowers-and-eucaaliptus-composition-M9PL2FC-2.jpg 381w, https:\/\/www.milanoklinik.com\/wp-content\/uploads\/2023\/02\/flowers-and-eucaaliptus-composition-M9PL2FC-2-300x283.jpg 300w\" sizes=\"(max-width: 381px) 100vw, 381px\" \/>\t\t\t\t\t\t\t\t\t\t\t\t\t\t\t<\/div>\n\t\t\t\t<\/div>\n\t\t\t\t<div class=\"elementor-element elementor-element-f9640b0 elementor-widget__width-initial elementor-absolute elementor-hidden-phone elementor-widget-tablet__width-initial ekit-equal-height-disable elementor-invisible elementor-widget elementor-widget-elementskit-icon-box\" data-id=\"f9640b0\" data-element_type=\"widget\" data-settings=\"{&quot;_animation&quot;:&quot;rotateInDownRight&quot;,&quot;_animation_delay&quot;:800,&quot;_position&quot;:&quot;absolute&quot;,&quot;ekit_we_effect_on&quot;:&quot;none&quot;}\" data-widget_type=\"elementskit-icon-box.default\">\n\t\t\t\t<div class=\"elementor-widget-container\">\n\t\t\t<div class=\"ekit-wid-con\" >        <!-- link opening -->\n                <!-- end link opening -->\n\n        <div class=\"elementskit-infobox text-center text- icon-top-align elementor-animation-   \">\n                            <div class=\"elementskit-box-header\">\n                <div class=\"elementskit-info-box-icon \">\n                    <img decoding=\"async\" width=\"97\" height=\"144\" src=\"https:\/\/www.milanoklinik.com\/wp-content\/uploads\/2023\/02\/elements-set-of-natural-and-floral-elements-G9XCU6B_services.png\" class=\"attachment- size-\" alt=\"\" loading=\"lazy\" \/>                <\/div>\n          <\/div>\n                <div class=\"box-body\">\n                                            <\/div>\n        \n        \n                <\/div>\n        <\/div>\t\t<\/div>\n\t\t\t\t<\/div>\n\t\t\t\t\t<\/div>\n\t\t<\/div>\n\t\t\t\t\t\t\t<\/div>\n\t\t<\/section>\n\t\t\t\t<section class=\"elementor-section elementor-top-section elementor-element elementor-element-7b8c88b9 elementor-section-boxed elementor-section-height-default elementor-section-height-default\" data-id=\"7b8c88b9\" data-element_type=\"section\" data-settings=\"{&quot;ekit_has_onepagescroll_dot&quot;:&quot;yes&quot;}\">\n\t\t\t\t\t\t<div class=\"elementor-container elementor-column-gap-default\">\n\t\t\t\t\t<div class=\"elementor-column elementor-col-50 elementor-top-column elementor-element elementor-element-8757f63\" data-id=\"8757f63\" data-element_type=\"column\">\n\t\t\t<div class=\"elementor-widget-wrap elementor-element-populated\">\n\t\t\t\t\t\t\t\t<div class=\"elementor-element elementor-element-21fbd0d elementor-absolute elementor-widget elementor-widget-image\" data-id=\"21fbd0d\" data-element_type=\"widget\" data-settings=\"{&quot;_position&quot;:&quot;absolute&quot;,&quot;ekit_we_effect_on&quot;:&quot;none&quot;}\" data-widget_type=\"image.default\">\n\t\t\t\t<div class=\"elementor-widget-container\">\n\t\t\t\t\t\t\t\t\t\t\t\t\t\t\t<img decoding=\"async\" width=\"1920\" height=\"1080\" src=\"https:\/\/www.milanoklinik.com\/wp-content\/uploads\/2020\/03\/Vip-ve-Transfer-Hizmetleri.jpg\" class=\"attachment-full size-full wp-image-7707\" alt=\"\" loading=\"lazy\" srcset=\"https:\/\/www.milanoklinik.com\/wp-content\/uploads\/2020\/03\/Vip-ve-Transfer-Hizmetleri.jpg 1920w, https:\/\/www.milanoklinik.com\/wp-content\/uploads\/2020\/03\/Vip-ve-Transfer-Hizmetleri-600x338.jpg 600w, https:\/\/www.milanoklinik.com\/wp-content\/uploads\/2020\/03\/Vip-ve-Transfer-Hizmetleri-300x169.jpg 300w, https:\/\/www.milanoklinik.com\/wp-content\/uploads\/2020\/03\/Vip-ve-Transfer-Hizmetleri-1024x576.jpg 1024w, https:\/\/www.milanoklinik.com\/wp-content\/uploads\/2020\/03\/Vip-ve-Transfer-Hizmetleri-768x432.jpg 768w, https:\/\/www.milanoklinik.com\/wp-content\/uploads\/2020\/03\/Vip-ve-Transfer-Hizmetleri-1536x864.jpg 1536w\" sizes=\"(max-width: 1920px) 100vw, 1920px\" \/>\t\t\t\t\t\t\t\t\t\t\t\t\t\t\t<\/div>\n\t\t\t\t<\/div>\n\t\t\t\t\t<\/div>\n\t\t<\/div>\n\t\t\t\t<div class=\"elementor-column elementor-col-50 elementor-top-column elementor-element elementor-element-2a925645\" data-id=\"2a925645\" data-element_type=\"column\">\n\t\t\t<div class=\"elementor-widget-wrap elementor-element-populated\">\n\t\t\t\t\t\t\t\t<div class=\"elementor-element elementor-element-785c05ed elementor-widget__width-initial elementor-absolute elementor-hidden-phone ekit-equal-height-disable elementor-invisible elementor-widget elementor-widget-elementskit-icon-box\" data-id=\"785c05ed\" data-element_type=\"widget\" data-settings=\"{&quot;_animation&quot;:&quot;rotateInUpRight&quot;,&quot;_animation_delay&quot;:800,&quot;_position&quot;:&quot;absolute&quot;,&quot;ekit_we_effect_on&quot;:&quot;none&quot;}\" data-widget_type=\"elementskit-icon-box.default\">\n\t\t\t\t<div class=\"elementor-widget-container\">\n\t\t\t<div class=\"ekit-wid-con\" >        <!-- link opening -->\n                <!-- end link opening -->\n\n        <div class=\"elementskit-infobox text-center text- icon-top-align elementor-animation-   \">\n                            <div class=\"elementskit-box-header\">\n                <div class=\"elementskit-info-box-icon \">\n                    <img decoding=\"async\" width=\"34\" height=\"51\" src=\"https:\/\/www.milanoklinik.com\/wp-content\/uploads\/2023\/02\/elements-set-of-natural-and-floral-elements-G9XCU6B-3.png\" class=\"attachment- size-\" alt=\"\" loading=\"lazy\" \/>                <\/div>\n          <\/div>\n                <div class=\"box-body\">\n                                            <\/div>\n        \n        \n                <\/div>\n        <\/div>\t\t<\/div>\n\t\t\t\t<\/div>\n\t\t\t\t<div class=\"elementor-element elementor-element-609ce8d4 elementor-invisible elementor-widget elementor-widget-heading\" data-id=\"609ce8d4\" data-element_type=\"widget\" data-settings=\"{&quot;_animation&quot;:&quot;fadeInUp&quot;,&quot;_animation_delay&quot;:600,&quot;ekit_we_effect_on&quot;:&quot;none&quot;}\" data-widget_type=\"heading.default\">\n\t\t\t\t<div class=\"elementor-widget-container\">\n\t\t\t<h2 class=\"elementor-heading-title elementor-size-default\">Milano Clinic Transfer Process<\/h2>\t\t<\/div>\n\t\t\t\t<\/div>\n\t\t\t\t<div class=\"elementor-element elementor-element-7a4e5598 elementor-invisible elementor-widget elementor-widget-text-editor\" data-id=\"7a4e5598\" data-element_type=\"widget\" data-settings=\"{&quot;_animation&quot;:&quot;fadeInUp&quot;,&quot;_animation_delay&quot;:700,&quot;ekit_we_effect_on&quot;:&quot;none&quot;}\" data-widget_type=\"text-editor.default\">\n\t\t\t\t<div class=\"elementor-widget-container\">\n\t\t\t\t\t\t\t<p>At Milano Clinic, we ensure the highest level of comfort for our valued guests during transportation through our VIP vehicles, expert team, and drivers. To eliminate any issues at the airport, our representative will greet you with a sign bearing your name and surname after you collect your luggage. We provide solutions to your transportation and accommodation concerns, offering professional service throughout.<\/p><p>Throughout your experience here, Milano Clinic&#8217;s VIP vehicle is at your service for all medical procedures and airport travels. Our goal is to provide you and your accompanying caregivers with practical and safety transportation.<\/p><p>Additionally, we offer personalized consultancy and transportation solutions for optional trips and cultural activities during your stay. Our aim is not only to provide top-notch service in terms of health but also in transportation and other activities. After welcoming you with a smile, we aspire to bid you farewell in a happy and enjoyable manner.<\/p>\t\t\t\t\t\t<\/div>\n\t\t\t\t<\/div>\n\t\t\t\t\t<\/div>\n\t\t<\/div>\n\t\t\t\t\t\t\t<\/div>\n\t\t<\/section>\n\t\t\t\t\t\t\t<\/div>\n\t\t","protected":false},"excerpt":{"rendered":"<p>Airport Transfer Process Milano Clinic Transfer Process At Milano Clinic, we ensure the highest level of comfort for our valued guests during transportation through our VIP vehicles, expert team, and drivers. To eliminate any issues at the airport, our representative will greet you with a sign bearing your name and surname after you collect your [&hellip;]<\/p>\n","protected":false},"author":1,"featured_media":0,"parent":0,"menu_order":0,"comment_status":"closed","ping_status":"closed","template":"","meta":[],"yoast_head":"<!-- This site is optimized with the Yoast SEO plugin v20.7 - https:\/\/yoast.com\/wordpress\/plugins\/seo\/ -->\n<title>Airport Transfer Process - Milano Klinik<\/title>\n<meta name=\"description\" content=\"At Milano Clinic, we ensure the highest level of comfort for our valued guests during transportation through our VIP vehicles, expert team, and drivers.\" \/>\n<meta name=\"robots\" content=\"index, follow, max-snippet:-1, max-image-preview:large, max-video-preview:-1\" \/>\n<link rel=\"canonical\" href=\"https:\/\/www.milanoklinik.com\/en\/airport-transfer-process\" \/>\n<meta property=\"og:locale\" content=\"en_US\" \/>\n<meta property=\"og:type\" content=\"article\" \/>\n<meta property=\"og:title\" content=\"Airport Transfer Process - Milano Klinik\" \/>\n<meta property=\"og:description\" content=\"At Milano Clinic, we ensure the highest level of comfort for our valued guests during transportation through our VIP vehicles, expert team, and drivers.\" \/>\n<meta property=\"og:url\" content=\"https:\/\/www.milanoklinik.com\/en\/airport-transfer-process\" \/>\n<meta property=\"og:site_name\" content=\"Milano Klinik\" \/>\n<meta property=\"article:publisher\" content=\"https:\/\/www.facebook.com\/milanoclinicturkey\/\" \/>\n<meta property=\"article:modified_time\" content=\"2023-12-20T11:31:42+00:00\" \/>\n<meta property=\"og:image\" content=\"https:\/\/www.milanoklinik.com\/wp-content\/uploads\/2023\/02\/doctor-drawing-marks-on-female-face-before-procedu-5QEJFLB.png\" \/>\n<meta name=\"twitter:card\" content=\"summary_large_image\" \/>\n<meta name=\"twitter:site\" content=\"@milanoklinik\" \/>\n<meta name=\"twitter:label1\" content=\"Est. reading time\" \/>\n\t<meta name=\"twitter:data1\" content=\"2 minutes\" \/>\n<script type=\"application\/ld+json\" class=\"yoast-schema-graph\">{\"@context\":\"https:\/\/schema.org\",\"@graph\":[{\"@type\":\"WebPage\",\"@id\":\"https:\/\/www.milanoklinik.com\/en\/airport-transfer-process\",\"url\":\"https:\/\/www.milanoklinik.com\/en\/airport-transfer-process\",\"name\":\"Airport Transfer Process - Milano Klinik\",\"isPartOf\":{\"@id\":\"https:\/\/www.milanoklinik.com\/#website\"},\"datePublished\":\"2023-12-20T11:18:45+00:00\",\"dateModified\":\"2023-12-20T11:31:42+00:00\",\"description\":\"At Milano Clinic, we ensure the highest level of comfort for our valued guests during transportation through our VIP vehicles, expert team, and drivers.\",\"inLanguage\":\"en-US\",\"potentialAction\":[{\"@type\":\"ReadAction\",\"target\":[\"https:\/\/www.milanoklinik.com\/en\/airport-transfer-process\"]}]},{\"@type\":\"WebSite\",\"@id\":\"https:\/\/www.milanoklinik.com\/#website\",\"url\":\"https:\/\/www.milanoklinik.com\/\",\"name\":\"Milano Klinik\",\"description\":\"Milano Klinik \u2022 Cerrahi Estetik Merkezi - Sa\u00e7 Ekim Merkezi \u2022 Milano Klinik,Burun Esteti\u011fi,G\u00f6\u011f\u00fcs Esteti\u011fi,Liposuction\",\"publisher\":{\"@id\":\"https:\/\/www.milanoklinik.com\/#organization\"},\"potentialAction\":[{\"@type\":\"SearchAction\",\"target\":{\"@type\":\"EntryPoint\",\"urlTemplate\":\"https:\/\/www.milanoklinik.com\/?s={search_term_string}\"},\"query-input\":\"required name=search_term_string\"}],\"inLanguage\":\"en-US\"},{\"@type\":\"Organization\",\"@id\":\"https:\/\/www.milanoklinik.com\/#organization\",\"name\":\"Milano Klinik\",\"url\":\"https:\/\/www.milanoklinik.com\/\",\"logo\":{\"@type\":\"ImageObject\",\"inLanguage\":\"en-US\",\"@id\":\"https:\/\/www.milanoklinik.com\/#\/schema\/logo\/image\/\",\"url\":\"https:\/\/www.milanoklinik.com\/wp-content\/uploads\/2024\/01\/milano-logo-2021-2-300x169-2.webp\",\"contentUrl\":\"https:\/\/www.milanoklinik.com\/wp-content\/uploads\/2024\/01\/milano-logo-2021-2-300x169-2.webp\",\"width\":300,\"height\":169,\"caption\":\"Milano Klinik\"},\"image\":{\"@id\":\"https:\/\/www.milanoklinik.com\/#\/schema\/logo\/image\/\"},\"sameAs\":[\"https:\/\/www.facebook.com\/milanoclinicturkey\/\",\"https:\/\/twitter.com\/milanoklinik\"]}]}<\/script>\n<!-- \/ Yoast SEO plugin. -->","yoast_head_json":{"title":"Airport Transfer Process - Milano Klinik","description":"At Milano Clinic, we ensure the highest level of comfort for our valued guests during transportation through our VIP vehicles, expert team, and drivers.","robots":{"index":"index","follow":"follow","max-snippet":"max-snippet:-1","max-image-preview":"max-image-preview:large","max-video-preview":"max-video-preview:-1"},"canonical":"https:\/\/www.milanoklinik.com\/en\/airport-transfer-process","og_locale":"en_US","og_type":"article","og_title":"Airport Transfer Process - Milano Klinik","og_description":"At Milano Clinic, we ensure the highest level of comfort for our valued guests during transportation through our VIP vehicles, expert team, and drivers.","og_url":"https:\/\/www.milanoklinik.com\/en\/airport-transfer-process","og_site_name":"Milano Klinik","article_publisher":"https:\/\/www.facebook.com\/milanoclinicturkey\/","article_modified_time":"2023-12-20T11:31:42+00:00","og_image":[{"url":"https:\/\/www.milanoklinik.com\/wp-content\/uploads\/2023\/02\/doctor-drawing-marks-on-female-face-before-procedu-5QEJFLB.png"}],"twitter_card":"summary_large_image","twitter_site":"@milanoklinik","twitter_misc":{"Est. reading time":"2 minutes"},"schema":{"@context":"https:\/\/schema.org","@graph":[{"@type":"WebPage","@id":"https:\/\/www.milanoklinik.com\/en\/airport-transfer-process","url":"https:\/\/www.milanoklinik.com\/en\/airport-transfer-process","name":"Airport Transfer Process - Milano Klinik","isPartOf":{"@id":"https:\/\/www.milanoklinik.com\/#website"},"datePublished":"2023-12-20T11:18:45+00:00","dateModified":"2023-12-20T11:31:42+00:00","description":"At Milano Clinic, we ensure the highest level of comfort for our valued guests during transportation through our VIP vehicles, expert team, and drivers.","inLanguage":"en-US","potentialAction":[{"@type":"ReadAction","target":["https:\/\/www.milanoklinik.com\/en\/airport-transfer-process"]}]},{"@type":"WebSite","@id":"https:\/\/www.milanoklinik.com\/#website","url":"https:\/\/www.milanoklinik.com\/","name":"Milano Klinik","description":"Milano Klinik \u2022 Cerrahi Estetik Merkezi - Sa\u00e7 Ekim Merkezi \u2022 Milano Klinik,Burun Esteti\u011fi,G\u00f6\u011f\u00fcs Esteti\u011fi,Liposuction","publisher":{"@id":"https:\/\/www.milanoklinik.com\/#organization"},"potentialAction":[{"@type":"SearchAction","target":{"@type":"EntryPoint","urlTemplate":"https:\/\/www.milanoklinik.com\/?s={search_term_string}"},"query-input":"required name=search_term_string"}],"inLanguage":"en-US"},{"@type":"Organization","@id":"https:\/\/www.milanoklinik.com\/#organization","name":"Milano Klinik","url":"https:\/\/www.milanoklinik.com\/","logo":{"@type":"ImageObject","inLanguage":"en-US","@id":"https:\/\/www.milanoklinik.com\/#\/schema\/logo\/image\/","url":"https:\/\/www.milanoklinik.com\/wp-content\/uploads\/2024\/01\/milano-logo-2021-2-300x169-2.webp","contentUrl":"https:\/\/www.milanoklinik.com\/wp-content\/uploads\/2024\/01\/milano-logo-2021-2-300x169-2.webp","width":300,"height":169,"caption":"Milano Klinik"},"image":{"@id":"https:\/\/www.milanoklinik.com\/#\/schema\/logo\/image\/"},"sameAs":["https:\/\/www.facebook.com\/milanoclinicturkey\/","https:\/\/twitter.com\/milanoklinik"]}]}},"_links":{"self":[{"href":"https:\/\/www.milanoklinik.com\/en\/wp-json\/wp\/v2\/pages\/39719"}],"collection":[{"href":"https:\/\/www.milanoklinik.com\/en\/wp-json\/wp\/v2\/pages"}],"about":[{"href":"https:\/\/www.milanoklinik.com\/en\/wp-json\/wp\/v2\/types\/page"}],"author":[{"embeddable":true,"href":"https:\/\/www.milanoklinik.com\/en\/wp-json\/wp\/v2\/users\/1"}],"replies":[{"embeddable":true,"href":"https:\/\/www.milanoklinik.com\/en\/wp-json\/wp\/v2\/comments?post=39719"}],"version-history":[{"count":14,"href":"https:\/\/www.milanoklinik.com\/en\/wp-json\/wp\/v2\/pages\/39719\/revisions"}],"predecessor-version":[{"id":39757,"href":"https:\/\/www.milanoklinik.com\/en\/wp-json\/wp\/v2\/pages\/39719\/revisions\/39757"}],"wp:attachment":[{"href":"https:\/\/www.milanoklinik.com\/en\/wp-json\/wp\/v2\/media?parent=39719"}],"curies":[{"name":"wp","href":"https:\/\/api.w.org\/{rel}","templated":true}]}}