{"id":39973,"date":"2023-12-22T12:43:09","date_gmt":"2023-12-22T09:43:09","guid":{"rendered":"https:\/\/www.milanoklinik.com\/?page_id=39973"},"modified":"2023-12-22T12:51:48","modified_gmt":"2023-12-22T09:51:48","slug":"uebersetzungsprozess","status":"publish","type":"page","link":"https:\/\/www.milanoklinik.com\/de\/uebersetzungsprozess","title":{"rendered":"\u00dcbersetzungsprozess"},"content":{"rendered":"\t\t<div data-elementor-type=\"wp-page\" data-elementor-id=\"39973\" class=\"elementor elementor-39973 elementor-4200\" data-elementor-post-type=\"page\">\n\t\t\t\t\t\t\t\t\t<section class=\"elementor-section elementor-top-section elementor-element elementor-element-a258ed1 elementor-section-full_width elementor-section-height-default elementor-section-height-default\" data-id=\"a258ed1\" data-element_type=\"section\" data-settings=\"{&quot;background_background&quot;:&quot;classic&quot;,&quot;ekit_has_onepagescroll_dot&quot;:&quot;yes&quot;}\">\n\t\t\t\t\t\t<div class=\"elementor-container elementor-column-gap-default\">\n\t\t\t\t\t<div class=\"elementor-column elementor-col-100 elementor-top-column elementor-element elementor-element-679a4b6\" data-id=\"679a4b6\" data-element_type=\"column\">\n\t\t\t<div class=\"elementor-widget-wrap elementor-element-populated\">\n\t\t\t\t\t\t\t\t<div class=\"elementor-element elementor-element-e5dcea4 elementor-widget__width-initial elementor-widget-tablet__width-initial elementor-absolute elementor-hidden-tablet elementor-hidden-phone elementor-invisible elementor-widget elementor-widget-image\" data-id=\"e5dcea4\" data-element_type=\"widget\" data-settings=\"{&quot;_animation&quot;:&quot;fadeInLeft&quot;,&quot;_animation_delay&quot;:600,&quot;_position&quot;:&quot;absolute&quot;,&quot;ekit_we_effect_on&quot;:&quot;none&quot;}\" data-widget_type=\"image.default\">\n\t\t\t\t<div class=\"elementor-widget-container\">\n\t\t\t\t\t\t\t\t\t\t\t\t\t\t\t<img decoding=\"async\" width=\"614\" height=\"469\" src=\"https:\/\/www.milanoklinik.com\/wp-content\/uploads\/2023\/02\/doctor-drawing-marks-on-female-face-before-procedu-5QEJFLB.png\" class=\"attachment-full size-full wp-image-26266\" alt=\"\" loading=\"lazy\" srcset=\"https:\/\/www.milanoklinik.com\/wp-content\/uploads\/2023\/02\/doctor-drawing-marks-on-female-face-before-procedu-5QEJFLB.png 614w, https:\/\/www.milanoklinik.com\/wp-content\/uploads\/2023\/02\/doctor-drawing-marks-on-female-face-before-procedu-5QEJFLB-300x229.png 300w\" sizes=\"(max-width: 614px) 100vw, 614px\" \/>\t\t\t\t\t\t\t\t\t\t\t\t\t\t\t<\/div>\n\t\t\t\t<\/div>\n\t\t\t\t<div class=\"elementor-element elementor-element-76d78fe elementor-invisible elementor-widget elementor-widget-heading\" data-id=\"76d78fe\" data-element_type=\"widget\" data-settings=\"{&quot;_animation&quot;:&quot;fadeInDown&quot;,&quot;ekit_we_effect_on&quot;:&quot;none&quot;}\" data-widget_type=\"heading.default\">\n\t\t\t\t<div class=\"elementor-widget-container\">\n\t\t\t<h2 class=\"elementor-heading-title elementor-size-default\">\u00dcbersetzungsprozess<\/h2>\t\t<\/div>\n\t\t\t\t<\/div>\n\t\t\t\t<div class=\"elementor-element elementor-element-dae8d09 elementor-widget__width-initial elementor-widget-tablet__width-initial elementor-widget-mobile__width-initial elementor-absolute elementor-hidden-phone elementor-invisible elementor-widget elementor-widget-image\" data-id=\"dae8d09\" data-element_type=\"widget\" data-settings=\"{&quot;_animation&quot;:&quot;fadeInRight&quot;,&quot;_animation_delay&quot;:600,&quot;_position&quot;:&quot;absolute&quot;,&quot;ekit_we_effect_on&quot;:&quot;none&quot;}\" data-widget_type=\"image.default\">\n\t\t\t\t<div class=\"elementor-widget-container\">\n\t\t\t\t\t\t\t\t\t\t\t\t\t\t\t<img decoding=\"async\" width=\"381\" height=\"359\" src=\"https:\/\/www.milanoklinik.com\/wp-content\/uploads\/2023\/02\/flowers-and-eucaaliptus-composition-M9PL2FC-2.jpg\" class=\"attachment-full size-full wp-image-26272\" alt=\"\" loading=\"lazy\" srcset=\"https:\/\/www.milanoklinik.com\/wp-content\/uploads\/2023\/02\/flowers-and-eucaaliptus-composition-M9PL2FC-2.jpg 381w, https:\/\/www.milanoklinik.com\/wp-content\/uploads\/2023\/02\/flowers-and-eucaaliptus-composition-M9PL2FC-2-300x283.jpg 300w\" sizes=\"(max-width: 381px) 100vw, 381px\" \/>\t\t\t\t\t\t\t\t\t\t\t\t\t\t\t<\/div>\n\t\t\t\t<\/div>\n\t\t\t\t<div class=\"elementor-element elementor-element-ce0d94c elementor-widget__width-initial elementor-absolute elementor-hidden-phone elementor-widget-tablet__width-initial ekit-equal-height-disable elementor-invisible elementor-widget elementor-widget-elementskit-icon-box\" data-id=\"ce0d94c\" data-element_type=\"widget\" data-settings=\"{&quot;_animation&quot;:&quot;rotateInDownRight&quot;,&quot;_animation_delay&quot;:800,&quot;_position&quot;:&quot;absolute&quot;,&quot;ekit_we_effect_on&quot;:&quot;none&quot;}\" data-widget_type=\"elementskit-icon-box.default\">\n\t\t\t\t<div class=\"elementor-widget-container\">\n\t\t\t<div class=\"ekit-wid-con\" >        <!-- link opening -->\n                <!-- end link opening -->\n\n        <div class=\"elementskit-infobox text-center text- icon-top-align elementor-animation-   \">\n                            <div class=\"elementskit-box-header\">\n                <div class=\"elementskit-info-box-icon \">\n                    <img decoding=\"async\" width=\"97\" height=\"144\" src=\"https:\/\/www.milanoklinik.com\/wp-content\/uploads\/2023\/02\/elements-set-of-natural-and-floral-elements-G9XCU6B_services.png\" class=\"attachment- size-\" alt=\"\" loading=\"lazy\" \/>                <\/div>\n          <\/div>\n                <div class=\"box-body\">\n                                            <\/div>\n        \n        \n                <\/div>\n        <\/div>\t\t<\/div>\n\t\t\t\t<\/div>\n\t\t\t\t\t<\/div>\n\t\t<\/div>\n\t\t\t\t\t\t\t<\/div>\n\t\t<\/section>\n\t\t\t\t<section class=\"elementor-section elementor-top-section elementor-element elementor-element-afec92f elementor-section-boxed elementor-section-height-default elementor-section-height-default\" data-id=\"afec92f\" data-element_type=\"section\" data-settings=\"{&quot;ekit_has_onepagescroll_dot&quot;:&quot;yes&quot;}\">\n\t\t\t\t\t\t<div class=\"elementor-container elementor-column-gap-default\">\n\t\t\t\t\t<div class=\"elementor-column elementor-col-50 elementor-top-column elementor-element elementor-element-1c87df5\" data-id=\"1c87df5\" data-element_type=\"column\">\n\t\t\t<div class=\"elementor-widget-wrap elementor-element-populated\">\n\t\t\t\t\t\t\t\t<div class=\"elementor-element elementor-element-1c46d15 elementor-widget__width-initial elementor-absolute elementor-hidden-phone ekit-equal-height-disable elementor-invisible elementor-widget elementor-widget-elementskit-icon-box\" data-id=\"1c46d15\" data-element_type=\"widget\" data-settings=\"{&quot;_animation&quot;:&quot;rotateInUpRight&quot;,&quot;_animation_delay&quot;:800,&quot;_position&quot;:&quot;absolute&quot;,&quot;ekit_we_effect_on&quot;:&quot;none&quot;}\" data-widget_type=\"elementskit-icon-box.default\">\n\t\t\t\t<div class=\"elementor-widget-container\">\n\t\t\t<div class=\"ekit-wid-con\" >        <!-- link opening -->\n                <!-- end link opening -->\n\n        <div class=\"elementskit-infobox text-center text- icon-top-align elementor-animation-   \">\n                            <div class=\"elementskit-box-header\">\n                <div class=\"elementskit-info-box-icon \">\n                    <img decoding=\"async\" width=\"34\" height=\"51\" src=\"https:\/\/www.milanoklinik.com\/wp-content\/uploads\/2023\/02\/elements-set-of-natural-and-floral-elements-G9XCU6B-3.png\" class=\"attachment- size-\" alt=\"\" loading=\"lazy\" \/>                <\/div>\n          <\/div>\n                <div class=\"box-body\">\n                                            <\/div>\n        \n        \n                <\/div>\n        <\/div>\t\t<\/div>\n\t\t\t\t<\/div>\n\t\t\t\t<div class=\"elementor-element elementor-element-ed635d4 elementor-invisible elementor-widget elementor-widget-text-editor\" data-id=\"ed635d4\" data-element_type=\"widget\" data-settings=\"{&quot;_animation&quot;:&quot;fadeInUp&quot;,&quot;_animation_delay&quot;:700,&quot;ekit_we_effect_on&quot;:&quot;none&quot;}\" data-widget_type=\"text-editor.default\">\n\t\t\t\t<div class=\"elementor-widget-container\">\n\t\t\t\t\t\t\t<p><br \/>W\u00e4hrend wir als Milano Clinic auf Ihre VIP-Transfers, Unterkunft und Urlaubskosten f\u00fcr Ihre Fl\u00fcge eingehen, bieten wir in unserem \u00dcbersetzungsprozess auch Dienstleistungen an, die Ihnen helfen, in Ihrer eigenen Sprache zu kommunizieren und Sie bei Ihrer \u00e4sthetischen Ver\u00e4nderung zu unterst\u00fctzen, um Ihnen zu helfen der beste Service.<br \/>Die Erfahrung, die Sie in der Milano Clinic, die Dienstleistungen auf internationalem Niveau anbietet, mit autorisiertem Personal verbringen werden, das Ihre Sprache auf muttersprachlichem Niveau spricht, erleichtert Ihnen den gesamten Prozess.<br \/>Ihr \u00dcbersetzer kann nicht nur w\u00e4hrend Ihres \u00e4sthetischen Behandlungsprozesses, sondern auch beim Einkaufen sowie bei historischen und kulturellen Aktivit\u00e4ten begleitet werden und wird Ihnen weiterhin dabei helfen, sowohl Ihren \u00e4sthetischen als auch Ihren Urlaubsprozess bestm\u00f6glich\u00a0umzusetzen.<\/p>\t\t\t\t\t\t<\/div>\n\t\t\t\t<\/div>\n\t\t\t\t\t<\/div>\n\t\t<\/div>\n\t\t\t\t<div class=\"elementor-column elementor-col-50 elementor-top-column elementor-element elementor-element-2c09612 elementor-invisible\" data-id=\"2c09612\" data-element_type=\"column\" data-settings=\"{&quot;animation&quot;:&quot;fadeInRight&quot;}\">\n\t\t\t<div class=\"elementor-widget-wrap elementor-element-populated\">\n\t\t\t\t\t\t\t\t<div class=\"elementor-element elementor-element-0f63cf9 elementor-widget__width-auto elementor-widget elementor-widget-image\" data-id=\"0f63cf9\" data-element_type=\"widget\" data-settings=\"{&quot;ekit_we_effect_on&quot;:&quot;none&quot;}\" data-widget_type=\"image.default\">\n\t\t\t\t<div class=\"elementor-widget-container\">\n\t\t\t\t\t\t\t\t\t\t\t\t\t\t\t<img decoding=\"async\" width=\"680\" height=\"454\" src=\"https:\/\/www.milanoklinik.com\/wp-content\/uploads\/2019\/05\/tercumanlik-hizmeti.jpg\" class=\"attachment-full size-full wp-image-4202\" alt=\"\" loading=\"lazy\" srcset=\"https:\/\/www.milanoklinik.com\/wp-content\/uploads\/2019\/05\/tercumanlik-hizmeti.jpg 680w, https:\/\/www.milanoklinik.com\/wp-content\/uploads\/2019\/05\/tercumanlik-hizmeti-600x401.jpg 600w, https:\/\/www.milanoklinik.com\/wp-content\/uploads\/2019\/05\/tercumanlik-hizmeti-300x200.jpg 300w\" sizes=\"(max-width: 680px) 100vw, 680px\" \/>\t\t\t\t\t\t\t\t\t\t\t\t\t\t\t<\/div>\n\t\t\t\t<\/div>\n\t\t\t\t<div class=\"elementor-element elementor-element-d22bf1e elementor-widget__width-initial elementor-widget-tablet__width-initial elementor-widget-mobile__width-initial elementor-absolute elementor-hidden-phone ekit-equal-height-disable elementor-invisible elementor-widget elementor-widget-elementskit-icon-box\" data-id=\"d22bf1e\" data-element_type=\"widget\" data-settings=\"{&quot;_animation&quot;:&quot;rotateInUpLeft&quot;,&quot;_animation_delay&quot;:800,&quot;_position&quot;:&quot;absolute&quot;,&quot;ekit_we_effect_on&quot;:&quot;none&quot;}\" data-widget_type=\"elementskit-icon-box.default\">\n\t\t\t\t<div class=\"elementor-widget-container\">\n\t\t\t<div class=\"ekit-wid-con\" >        <!-- link opening -->\n                <!-- end link opening -->\n\n        <div class=\"elementskit-infobox text-center text- icon-top-align elementor-animation-   \">\n                            <div class=\"elementskit-box-header\">\n                <div class=\"elementskit-info-box-icon \">\n                    <img decoding=\"async\" width=\"227\" height=\"256\" src=\"https:\/\/www.milanoklinik.com\/wp-content\/uploads\/2023\/02\/elements-set-of-natural-and-floral-elements-G9XCU6B_procedures.png\" class=\"attachment- size-\" alt=\"\" loading=\"lazy\" \/>                <\/div>\n          <\/div>\n                <div class=\"box-body\">\n                                            <\/div>\n        \n        \n                <\/div>\n        <\/div>\t\t<\/div>\n\t\t\t\t<\/div>\n\t\t\t\t\t<\/div>\n\t\t<\/div>\n\t\t\t\t\t\t\t<\/div>\n\t\t<\/section>\n\t\t\t\t\t\t\t<\/div>\n\t\t","protected":false},"excerpt":{"rendered":"<p>\u00dcbersetzungsprozess W\u00e4hrend wir als Milano Clinic auf Ihre VIP-Transfers, Unterkunft und Urlaubskosten f\u00fcr Ihre Fl\u00fcge eingehen, bieten wir in unserem \u00dcbersetzungsprozess auch Dienstleistungen an, die Ihnen helfen, in Ihrer eigenen Sprache zu kommunizieren und Sie bei Ihrer \u00e4sthetischen Ver\u00e4nderung zu unterst\u00fctzen, um Ihnen zu helfen der beste Service.Die Erfahrung, die Sie in der Milano Clinic, [&hellip;]<\/p>\n","protected":false},"author":1,"featured_media":0,"parent":0,"menu_order":0,"comment_status":"closed","ping_status":"closed","template":"","meta":[],"yoast_head":"<!-- This site is optimized with the Yoast SEO plugin v20.7 - https:\/\/yoast.com\/wordpress\/plugins\/seo\/ -->\n<title>\u00dcbersetzungsprozess - Milano Klinik<\/title>\n<meta name=\"robots\" content=\"index, follow, max-snippet:-1, max-image-preview:large, max-video-preview:-1\" \/>\n<link rel=\"canonical\" href=\"https:\/\/www.milanoklinik.com\/de\/uebersetzungsprozess\" \/>\n<meta property=\"og:locale\" content=\"de_DE\" \/>\n<meta property=\"og:type\" content=\"article\" \/>\n<meta property=\"og:title\" content=\"\u00dcbersetzungsprozess - Milano Klinik\" \/>\n<meta property=\"og:description\" content=\"\u00dcbersetzungsprozess W\u00e4hrend wir als Milano Clinic auf Ihre VIP-Transfers, Unterkunft und Urlaubskosten f\u00fcr Ihre Fl\u00fcge eingehen, bieten wir in unserem \u00dcbersetzungsprozess auch Dienstleistungen an, die Ihnen helfen, in Ihrer eigenen Sprache zu kommunizieren und Sie bei Ihrer \u00e4sthetischen Ver\u00e4nderung zu unterst\u00fctzen, um Ihnen zu helfen der beste Service.Die Erfahrung, die Sie in der Milano Clinic, [&hellip;]\" \/>\n<meta property=\"og:url\" content=\"https:\/\/www.milanoklinik.com\/de\/uebersetzungsprozess\" \/>\n<meta property=\"og:site_name\" content=\"Milano Klinik\" \/>\n<meta property=\"article:publisher\" content=\"https:\/\/www.facebook.com\/milanoclinicturkey\/\" \/>\n<meta property=\"article:modified_time\" content=\"2023-12-22T09:51:48+00:00\" \/>\n<meta property=\"og:image\" content=\"https:\/\/www.milanoklinik.com\/wp-content\/uploads\/2023\/02\/doctor-drawing-marks-on-female-face-before-procedu-5QEJFLB.png\" \/>\n<meta name=\"twitter:card\" content=\"summary_large_image\" \/>\n<meta name=\"twitter:site\" content=\"@milanoklinik\" \/>\n<meta name=\"twitter:label1\" content=\"Gesch\u00e4tzte Lesezeit\" \/>\n\t<meta name=\"twitter:data1\" content=\"2 Minuten\" \/>\n<script type=\"application\/ld+json\" class=\"yoast-schema-graph\">{\"@context\":\"https:\/\/schema.org\",\"@graph\":[{\"@type\":\"WebPage\",\"@id\":\"https:\/\/www.milanoklinik.com\/de\/uebersetzungsprozess\",\"url\":\"https:\/\/www.milanoklinik.com\/de\/uebersetzungsprozess\",\"name\":\"\u00dcbersetzungsprozess - Milano Klinik\",\"isPartOf\":{\"@id\":\"https:\/\/www.milanoklinik.com\/#website\"},\"datePublished\":\"2023-12-22T09:43:09+00:00\",\"dateModified\":\"2023-12-22T09:51:48+00:00\",\"inLanguage\":\"de-DE\",\"potentialAction\":[{\"@type\":\"ReadAction\",\"target\":[\"https:\/\/www.milanoklinik.com\/de\/uebersetzungsprozess\"]}]},{\"@type\":\"WebSite\",\"@id\":\"https:\/\/www.milanoklinik.com\/#website\",\"url\":\"https:\/\/www.milanoklinik.com\/\",\"name\":\"Milano Klinik\",\"description\":\"Milano Klinik \u2022 Cerrahi Estetik Merkezi - Sa\u00e7 Ekim Merkezi \u2022 Milano Klinik,Burun Esteti\u011fi,G\u00f6\u011f\u00fcs Esteti\u011fi,Liposuction\",\"publisher\":{\"@id\":\"https:\/\/www.milanoklinik.com\/#organization\"},\"potentialAction\":[{\"@type\":\"SearchAction\",\"target\":{\"@type\":\"EntryPoint\",\"urlTemplate\":\"https:\/\/www.milanoklinik.com\/?s={search_term_string}\"},\"query-input\":\"required name=search_term_string\"}],\"inLanguage\":\"de-DE\"},{\"@type\":\"Organization\",\"@id\":\"https:\/\/www.milanoklinik.com\/#organization\",\"name\":\"Milano Klinik\",\"url\":\"https:\/\/www.milanoklinik.com\/\",\"logo\":{\"@type\":\"ImageObject\",\"inLanguage\":\"de-DE\",\"@id\":\"https:\/\/www.milanoklinik.com\/#\/schema\/logo\/image\/\",\"url\":\"https:\/\/www.milanoklinik.com\/wp-content\/uploads\/2024\/01\/milano-logo-2021-2-300x169-2.webp\",\"contentUrl\":\"https:\/\/www.milanoklinik.com\/wp-content\/uploads\/2024\/01\/milano-logo-2021-2-300x169-2.webp\",\"width\":300,\"height\":169,\"caption\":\"Milano Klinik\"},\"image\":{\"@id\":\"https:\/\/www.milanoklinik.com\/#\/schema\/logo\/image\/\"},\"sameAs\":[\"https:\/\/www.facebook.com\/milanoclinicturkey\/\",\"https:\/\/twitter.com\/milanoklinik\"]}]}<\/script>\n<!-- \/ Yoast SEO plugin. -->","yoast_head_json":{"title":"\u00dcbersetzungsprozess - Milano Klinik","robots":{"index":"index","follow":"follow","max-snippet":"max-snippet:-1","max-image-preview":"max-image-preview:large","max-video-preview":"max-video-preview:-1"},"canonical":"https:\/\/www.milanoklinik.com\/de\/uebersetzungsprozess","og_locale":"de_DE","og_type":"article","og_title":"\u00dcbersetzungsprozess - Milano Klinik","og_description":"\u00dcbersetzungsprozess W\u00e4hrend wir als Milano Clinic auf Ihre VIP-Transfers, Unterkunft und Urlaubskosten f\u00fcr Ihre Fl\u00fcge eingehen, bieten wir in unserem \u00dcbersetzungsprozess auch Dienstleistungen an, die Ihnen helfen, in Ihrer eigenen Sprache zu kommunizieren und Sie bei Ihrer \u00e4sthetischen Ver\u00e4nderung zu unterst\u00fctzen, um Ihnen zu helfen der beste Service.Die Erfahrung, die Sie in der Milano Clinic, [&hellip;]","og_url":"https:\/\/www.milanoklinik.com\/de\/uebersetzungsprozess","og_site_name":"Milano Klinik","article_publisher":"https:\/\/www.facebook.com\/milanoclinicturkey\/","article_modified_time":"2023-12-22T09:51:48+00:00","og_image":[{"url":"https:\/\/www.milanoklinik.com\/wp-content\/uploads\/2023\/02\/doctor-drawing-marks-on-female-face-before-procedu-5QEJFLB.png"}],"twitter_card":"summary_large_image","twitter_site":"@milanoklinik","twitter_misc":{"Gesch\u00e4tzte Lesezeit":"2 Minuten"},"schema":{"@context":"https:\/\/schema.org","@graph":[{"@type":"WebPage","@id":"https:\/\/www.milanoklinik.com\/de\/uebersetzungsprozess","url":"https:\/\/www.milanoklinik.com\/de\/uebersetzungsprozess","name":"\u00dcbersetzungsprozess - Milano Klinik","isPartOf":{"@id":"https:\/\/www.milanoklinik.com\/#website"},"datePublished":"2023-12-22T09:43:09+00:00","dateModified":"2023-12-22T09:51:48+00:00","inLanguage":"de-DE","potentialAction":[{"@type":"ReadAction","target":["https:\/\/www.milanoklinik.com\/de\/uebersetzungsprozess"]}]},{"@type":"WebSite","@id":"https:\/\/www.milanoklinik.com\/#website","url":"https:\/\/www.milanoklinik.com\/","name":"Milano Klinik","description":"Milano Klinik \u2022 Cerrahi Estetik Merkezi - Sa\u00e7 Ekim Merkezi \u2022 Milano Klinik,Burun Esteti\u011fi,G\u00f6\u011f\u00fcs Esteti\u011fi,Liposuction","publisher":{"@id":"https:\/\/www.milanoklinik.com\/#organization"},"potentialAction":[{"@type":"SearchAction","target":{"@type":"EntryPoint","urlTemplate":"https:\/\/www.milanoklinik.com\/?s={search_term_string}"},"query-input":"required name=search_term_string"}],"inLanguage":"de-DE"},{"@type":"Organization","@id":"https:\/\/www.milanoklinik.com\/#organization","name":"Milano Klinik","url":"https:\/\/www.milanoklinik.com\/","logo":{"@type":"ImageObject","inLanguage":"de-DE","@id":"https:\/\/www.milanoklinik.com\/#\/schema\/logo\/image\/","url":"https:\/\/www.milanoklinik.com\/wp-content\/uploads\/2024\/01\/milano-logo-2021-2-300x169-2.webp","contentUrl":"https:\/\/www.milanoklinik.com\/wp-content\/uploads\/2024\/01\/milano-logo-2021-2-300x169-2.webp","width":300,"height":169,"caption":"Milano Klinik"},"image":{"@id":"https:\/\/www.milanoklinik.com\/#\/schema\/logo\/image\/"},"sameAs":["https:\/\/www.facebook.com\/milanoclinicturkey\/","https:\/\/twitter.com\/milanoklinik"]}]}},"_links":{"self":[{"href":"https:\/\/www.milanoklinik.com\/de\/wp-json\/wp\/v2\/pages\/39973"}],"collection":[{"href":"https:\/\/www.milanoklinik.com\/de\/wp-json\/wp\/v2\/pages"}],"about":[{"href":"https:\/\/www.milanoklinik.com\/de\/wp-json\/wp\/v2\/types\/page"}],"author":[{"embeddable":true,"href":"https:\/\/www.milanoklinik.com\/de\/wp-json\/wp\/v2\/users\/1"}],"replies":[{"embeddable":true,"href":"https:\/\/www.milanoklinik.com\/de\/wp-json\/wp\/v2\/comments?post=39973"}],"version-history":[{"count":4,"href":"https:\/\/www.milanoklinik.com\/de\/wp-json\/wp\/v2\/pages\/39973\/revisions"}],"predecessor-version":[{"id":39980,"href":"https:\/\/www.milanoklinik.com\/de\/wp-json\/wp\/v2\/pages\/39973\/revisions\/39980"}],"wp:attachment":[{"href":"https:\/\/www.milanoklinik.com\/de\/wp-json\/wp\/v2\/media?parent=39973"}],"curies":[{"name":"wp","href":"https:\/\/api.w.org\/{rel}","templated":true}]}}