{"id":39945,"date":"2023-12-21T16:27:22","date_gmt":"2023-12-21T13:27:22","guid":{"rendered":"https:\/\/www.milanoklinik.com\/?page_id=39945"},"modified":"2023-12-21T16:35:06","modified_gmt":"2023-12-21T13:35:06","slug":"unsere-datenschutzrichtlinie","status":"publish","type":"page","link":"https:\/\/www.milanoklinik.com\/de\/unsere-datenschutzrichtlinie","title":{"rendered":"Unsere Datenschutzrichtlinie"},"content":{"rendered":"\t\t<div data-elementor-type=\"wp-page\" data-elementor-id=\"39945\" class=\"elementor elementor-39945 elementor-6638\" data-elementor-post-type=\"page\">\n\t\t\t\t\t\t\t\t\t<section class=\"elementor-section elementor-top-section elementor-element elementor-element-e0d839f elementor-section-full_width elementor-section-height-default elementor-section-height-default\" data-id=\"e0d839f\" data-element_type=\"section\" data-settings=\"{&quot;background_background&quot;:&quot;classic&quot;,&quot;ekit_has_onepagescroll_dot&quot;:&quot;yes&quot;}\">\n\t\t\t\t\t\t<div class=\"elementor-container elementor-column-gap-default\">\n\t\t\t\t\t<div class=\"elementor-column elementor-col-100 elementor-top-column elementor-element elementor-element-3e992a6\" data-id=\"3e992a6\" data-element_type=\"column\">\n\t\t\t<div class=\"elementor-widget-wrap elementor-element-populated\">\n\t\t\t\t\t\t\t\t<div class=\"elementor-element elementor-element-7dca0bc9 elementor-widget__width-initial elementor-widget-tablet__width-initial elementor-absolute elementor-hidden-tablet elementor-hidden-phone elementor-invisible elementor-widget elementor-widget-image\" data-id=\"7dca0bc9\" data-element_type=\"widget\" data-settings=\"{&quot;_animation&quot;:&quot;fadeInLeft&quot;,&quot;_animation_delay&quot;:600,&quot;_position&quot;:&quot;absolute&quot;,&quot;ekit_we_effect_on&quot;:&quot;none&quot;}\" data-widget_type=\"image.default\">\n\t\t\t\t<div class=\"elementor-widget-container\">\n\t\t\t\t\t\t\t\t\t\t\t\t\t\t\t<img decoding=\"async\" width=\"614\" height=\"469\" src=\"https:\/\/www.milanoklinik.com\/wp-content\/uploads\/2023\/02\/doctor-drawing-marks-on-female-face-before-procedu-5QEJFLB.png\" class=\"attachment-full size-full wp-image-26266\" alt=\"\" loading=\"lazy\" srcset=\"https:\/\/www.milanoklinik.com\/wp-content\/uploads\/2023\/02\/doctor-drawing-marks-on-female-face-before-procedu-5QEJFLB.png 614w, https:\/\/www.milanoklinik.com\/wp-content\/uploads\/2023\/02\/doctor-drawing-marks-on-female-face-before-procedu-5QEJFLB-300x229.png 300w\" sizes=\"(max-width: 614px) 100vw, 614px\" \/>\t\t\t\t\t\t\t\t\t\t\t\t\t\t\t<\/div>\n\t\t\t\t<\/div>\n\t\t\t\t<div class=\"elementor-element elementor-element-47664a25 elementor-invisible elementor-widget elementor-widget-heading\" data-id=\"47664a25\" data-element_type=\"widget\" data-settings=\"{&quot;_animation&quot;:&quot;fadeInDown&quot;,&quot;ekit_we_effect_on&quot;:&quot;none&quot;}\" data-widget_type=\"heading.default\">\n\t\t\t\t<div class=\"elementor-widget-container\">\n\t\t\t<h1 class=\"elementor-heading-title elementor-size-default\">Unsere Datenschutzrichtlinie<\/h1>\t\t<\/div>\n\t\t\t\t<\/div>\n\t\t\t\t<div class=\"elementor-element elementor-element-5e5e008e elementor-widget__width-initial elementor-widget-tablet__width-initial elementor-widget-mobile__width-initial elementor-absolute elementor-hidden-phone elementor-invisible elementor-widget elementor-widget-image\" data-id=\"5e5e008e\" data-element_type=\"widget\" data-settings=\"{&quot;_animation&quot;:&quot;fadeInRight&quot;,&quot;_animation_delay&quot;:600,&quot;_position&quot;:&quot;absolute&quot;,&quot;ekit_we_effect_on&quot;:&quot;none&quot;}\" data-widget_type=\"image.default\">\n\t\t\t\t<div class=\"elementor-widget-container\">\n\t\t\t\t\t\t\t\t\t\t\t\t\t\t\t<img decoding=\"async\" width=\"381\" height=\"359\" src=\"https:\/\/www.milanoklinik.com\/wp-content\/uploads\/2023\/02\/flowers-and-eucaaliptus-composition-M9PL2FC-2.jpg\" class=\"attachment-full size-full wp-image-26272\" alt=\"\" loading=\"lazy\" srcset=\"https:\/\/www.milanoklinik.com\/wp-content\/uploads\/2023\/02\/flowers-and-eucaaliptus-composition-M9PL2FC-2.jpg 381w, https:\/\/www.milanoklinik.com\/wp-content\/uploads\/2023\/02\/flowers-and-eucaaliptus-composition-M9PL2FC-2-300x283.jpg 300w\" sizes=\"(max-width: 381px) 100vw, 381px\" \/>\t\t\t\t\t\t\t\t\t\t\t\t\t\t\t<\/div>\n\t\t\t\t<\/div>\n\t\t\t\t<div class=\"elementor-element elementor-element-40499650 elementor-widget__width-initial elementor-absolute elementor-hidden-phone elementor-widget-tablet__width-initial ekit-equal-height-disable elementor-invisible elementor-widget elementor-widget-elementskit-icon-box\" data-id=\"40499650\" data-element_type=\"widget\" data-settings=\"{&quot;_animation&quot;:&quot;rotateInDownRight&quot;,&quot;_animation_delay&quot;:800,&quot;_position&quot;:&quot;absolute&quot;,&quot;ekit_we_effect_on&quot;:&quot;none&quot;}\" data-widget_type=\"elementskit-icon-box.default\">\n\t\t\t\t<div class=\"elementor-widget-container\">\n\t\t\t<div class=\"ekit-wid-con\" >        <!-- link opening -->\n                <!-- end link opening -->\n\n        <div class=\"elementskit-infobox text-center text- icon-top-align elementor-animation-   \">\n                            <div class=\"elementskit-box-header\">\n                <div class=\"elementskit-info-box-icon \">\n                    <img decoding=\"async\" width=\"97\" height=\"144\" src=\"https:\/\/www.milanoklinik.com\/wp-content\/uploads\/2023\/02\/elements-set-of-natural-and-floral-elements-G9XCU6B_services.png\" class=\"attachment- size-\" alt=\"\" loading=\"lazy\" \/>                <\/div>\n          <\/div>\n                <div class=\"box-body\">\n                                            <\/div>\n        \n        \n                <\/div>\n        <\/div>\t\t<\/div>\n\t\t\t\t<\/div>\n\t\t\t\t\t<\/div>\n\t\t<\/div>\n\t\t\t\t\t\t\t<\/div>\n\t\t<\/section>\n\t\t\t\t<section class=\"elementor-section elementor-top-section elementor-element elementor-element-5fba9db0 elementor-section-boxed elementor-section-height-default elementor-section-height-default\" data-id=\"5fba9db0\" data-element_type=\"section\" data-settings=\"{&quot;ekit_has_onepagescroll_dot&quot;:&quot;yes&quot;}\">\n\t\t\t\t\t\t<div class=\"elementor-container elementor-column-gap-default\">\n\t\t\t\t\t<div class=\"elementor-column elementor-col-100 elementor-top-column elementor-element elementor-element-edf86ba\" data-id=\"edf86ba\" data-element_type=\"column\">\n\t\t\t<div class=\"elementor-widget-wrap elementor-element-populated\">\n\t\t\t\t\t\t\t\t<div class=\"elementor-element elementor-element-26eeec3a elementor-widget__width-initial elementor-absolute elementor-hidden-phone ekit-equal-height-disable elementor-invisible elementor-widget elementor-widget-elementskit-icon-box\" data-id=\"26eeec3a\" data-element_type=\"widget\" data-settings=\"{&quot;_animation&quot;:&quot;rotateInUpRight&quot;,&quot;_animation_delay&quot;:800,&quot;_position&quot;:&quot;absolute&quot;,&quot;ekit_we_effect_on&quot;:&quot;none&quot;}\" data-widget_type=\"elementskit-icon-box.default\">\n\t\t\t\t<div class=\"elementor-widget-container\">\n\t\t\t<div class=\"ekit-wid-con\" >        <!-- link opening -->\n                <!-- end link opening -->\n\n        <div class=\"elementskit-infobox text-center text- icon-top-align elementor-animation-   \">\n                            <div class=\"elementskit-box-header\">\n                <div class=\"elementskit-info-box-icon \">\n                    <img decoding=\"async\" width=\"34\" height=\"51\" src=\"https:\/\/www.milanoklinik.com\/wp-content\/uploads\/2023\/02\/elements-set-of-natural-and-floral-elements-G9XCU6B-3.png\" class=\"attachment- size-\" alt=\"\" loading=\"lazy\" \/>                <\/div>\n          <\/div>\n                <div class=\"box-body\">\n                                            <\/div>\n        \n        \n                <\/div>\n        <\/div>\t\t<\/div>\n\t\t\t\t<\/div>\n\t\t\t\t<div class=\"elementor-element elementor-element-33f8d805 elementor-invisible elementor-widget elementor-widget-heading\" data-id=\"33f8d805\" data-element_type=\"widget\" data-settings=\"{&quot;_animation&quot;:&quot;fadeInRight&quot;,&quot;_animation_delay&quot;:500,&quot;ekit_we_effect_on&quot;:&quot;none&quot;}\" data-widget_type=\"heading.default\">\n\t\t\t\t<div class=\"elementor-widget-container\">\n\t\t\t<h3 class=\"elementor-heading-title elementor-size-default\">Unsere Datenschutzrichtlinie<\/h3>\t\t<\/div>\n\t\t\t\t<\/div>\n\t\t\t\t<div class=\"elementor-element elementor-element-78ed407e elementor-invisible elementor-widget elementor-widget-text-editor\" data-id=\"78ed407e\" data-element_type=\"widget\" data-settings=\"{&quot;_animation&quot;:&quot;fadeInUp&quot;,&quot;_animation_delay&quot;:700,&quot;ekit_we_effect_on&quot;:&quot;none&quot;}\" data-widget_type=\"text-editor.default\">\n\t\t\t\t<div class=\"elementor-widget-container\">\n\t\t\t\t\t\t\t<p>Wir respektieren die Privatsph\u00e4re unserer Nutzer. Diese Datenschutzrichtlinie (\u201eRichtlinie\u201c) legt unsere Datenschutzpraktiken in Bezug auf Informationen offen, die im Zusammenhang mit den Websites der Milano Clinic gesammelt werden. Ziel dieser Richtlinie ist es, zu erl\u00e4utern, wie die Milano Clinic pers\u00f6nliche und andere Daten im Zusammenhang mit den Plattformen erhebt, nutzt und offenlegt und welche Rechte Sie in Bezug auf diese Daten haben.<\/p>\t\t\t\t\t\t<\/div>\n\t\t\t\t<\/div>\n\t\t\t\t<div class=\"elementor-element elementor-element-9ef91be elementor-invisible elementor-widget elementor-widget-heading\" data-id=\"9ef91be\" data-element_type=\"widget\" data-settings=\"{&quot;_animation&quot;:&quot;fadeInRight&quot;,&quot;_animation_delay&quot;:500,&quot;ekit_we_effect_on&quot;:&quot;none&quot;}\" data-widget_type=\"heading.default\">\n\t\t\t\t<div class=\"elementor-widget-container\">\n\t\t\t<h3 class=\"elementor-heading-title elementor-size-default\">Welche pers\u00f6nlichen und sonstigen Daten erfassen wir \u00fcber Sie?<\/h3>\t\t<\/div>\n\t\t\t\t<\/div>\n\t\t\t\t<div class=\"elementor-element elementor-element-a92fd4b elementor-invisible elementor-widget elementor-widget-text-editor\" data-id=\"a92fd4b\" data-element_type=\"widget\" data-settings=\"{&quot;_animation&quot;:&quot;fadeInUp&quot;,&quot;_animation_delay&quot;:700,&quot;ekit_we_effect_on&quot;:&quot;none&quot;}\" data-widget_type=\"text-editor.default\">\n\t\t\t\t<div class=\"elementor-widget-container\">\n\t\t\t\t\t\t\t<p>Milano Clinic sammelt sowohl \u201epersonenbezogene Daten\u201c als auch \u201enicht personenbezogene Daten\u201c \u00fcber Plattformbenutzer. F\u00fcr die Zwecke dieser Richtlinie sind \u201enicht personenbezogene Daten\u201c Informationen, die die Milano Clinic ohne zus\u00e4tzliche Informationen nicht direkt einer bestimmten Person zuordnen kann. Im Gegensatz dazu umfassen \u201epersonenbezogene Daten\u201c Informationen wie einen Namen oder eine E-Mail-Adresse, die die Milano Clinic ohne zus\u00e4tzliche Informationen direkt einer bestimmten Person oder Organisation zuordnen kann. Wenn wir nicht-personenbezogene Daten mit personenbezogenen Daten kombinieren, behandeln wir diese kombinierten Informationen als rein personenbezogene Daten.<\/p><p><strong>Pers\u00f6nliche Daten:<\/strong> Sie k\u00f6nnen die Seite besuchen, ohne Angaben zu Ihrer Person zu machen. Wir k\u00f6nnen personenbezogene Daten, die von der Milano Clinic \u00fcber die Plattformen erfasst werden, mit Informationen kombinieren, die wir in anderen Zusammenh\u00e4ngen \u00fcber Sie erfassen, beispielsweise wenn wir mit Ihnen per E-Mail oder Telefon kommunizieren oder in Ihren Kundendienstunterlagen.<br \/>Wir werden diese kombinierten Informationen als personenbezogene Daten behandeln und sie gem\u00e4\u00df dieser Richtlinie sch\u00fctzen.<br \/>Umfragen, Wettbewerbe und Werbeaktionen: Von Zeit zu Zeit kann Milano Clinic Plattformbenutzer auffordern, an Umfragen, Wettbewerben oder Werbeaktionen teilzunehmen. Solche Umfragen, Wettbewerbe und Werbeaktionen k\u00f6nnen zur Erhebung pers\u00f6nlicher und nicht personenbezogener Daten genutzt werden. Die Teilnahme ist v\u00f6llig freiwillig und Sie haben daher die Wahl, ob Sie Ihre Daten weitergeben m\u00f6chten oder nicht.<\/p><p><strong>Datenprotokollierung:<\/strong> Wenn Sie die Plattformen nutzen, werden bestimmte Informationen automatisch von Ihrem Computer (oder einem anderen Ger\u00e4t) und Ihrem Browser erfasst und aufgezeichnet. Dazu geh\u00f6ren Ihre IP-Adresse, Ihr Domainname, die von Ihnen besuchten Seiten oder Funktionen, die Sie auf den Plattformen nutzen, das Datum und die Uhrzeit Ihres Besuchs, URLs, die Sie von Websites erhalten, die Sie vor und nach der Weiterleitung zu den Plattformen besuchen, sowie die Software und Hardware Ihres Ger\u00e4ts Funktionen (einschlie\u00dflich Ger\u00e4te-IDs), Ihr allgemeiner geografischer Standort (z. B. Stadt, Bundesstaat oder Metropolregion) und bestimmte Cookie-Informationen. Um diese Informationen zu erhalten, verwenden wir m\u00f6glicherweise Webprotokolle oder Anwendungen, die Ihren Computer oder Ihr Ger\u00e4t erkennen und Informationen \u00fcber seine Online-Aktivit\u00e4ten sammeln.<\/p><p><strong>Cookies:<\/strong> Wir verwenden im Zusammenhang mit den Plattformen auch Cookies. Cookies sind kleine Dateien, die von Ihrem Webbrowser auf Ihrem Computer oder einem anderen Ger\u00e4t gespeichert werden. Ein Cookie erm\u00f6glicht es, zu erkennen, ob Sie bereits bei uns waren und kann Informationen wie Benutzerpr\u00e4ferenzen speichern. Beispielsweise k\u00f6nnen Cookies verwendet werden, um Informationen dar\u00fcber zu sammeln, wie Sie die Plattformen (einschlie\u00dflich der von Ihnen besuchten Seiten und der von Ihnen heruntergeladenen Dateien) w\u00e4hrend Ihrer aktuellen Sitzung und im Laufe der Zeit nutzen. Wenn Sie bef\u00fcrchten, dass sich Cookies auf Ihrem Computer oder Ger\u00e4t befinden, k\u00f6nnen Sie Ihren Browser so einstellen, dass er alle Cookies ablehnt oder Sie benachrichtigt, wenn ein Cookie gesetzt wird. Sie k\u00f6nnen Cookies auch von Ihrem Computer oder Ger\u00e4t l\u00f6schen. Wenn Sie sich jedoch daf\u00fcr entscheiden, Cookies zu blockieren oder zu l\u00f6schen, beachten Sie bitte, dass einige Funktionen der Plattformen m\u00f6glicherweise nicht ordnungsgem\u00e4\u00df funktionieren.<\/p><p><strong>Web-Beacons:<\/strong> Wir k\u00f6nnen auch eine Anwendung verwenden, die als \u201eWeb-Beacon\u201c (auch bekannt als \u201eClear GIF\u201c oder \u201eWeb Bug\u201c) bekannt ist. Ein Web-Beacon ist eine elektronische Datei, die normalerweise aus einem Ein-Pixel-Bild besteht. Es kann auf einer Webseite oder in einer E-Mail eingebettet sein und Informationen \u00fcbermitteln, die m\u00f6glicherweise pers\u00f6nliche Informationen enthalten. So kann ein E-Mail-Absender beispielsweise feststellen, ob ein Benutzer eine bestimmte E-Mail ge\u00f6ffnet hat.<\/p><p><strong>Online-Tracking und Verhaltenswerbung von Drittanbietern:<\/strong> Wir k\u00f6nnen auch mit bestimmten Drittanbietern zusammenarbeiten, um bestimmte pers\u00f6nliche und nicht personenbezogene Daten zu sammeln, zu analysieren und zu verwenden, wie in diesem Abschnitt beschrieben. Beispielsweise k\u00f6nnen wir Dritten erlauben, Cookies zu setzen oder Web-Beacons in E-Mail-Kommunikationen zu verwenden, die wir von der Milano Clinic oder auf den Plattformen der Milano Clinic erhalten. Diese Informationen k\u00f6nnen f\u00fcr verschiedene Zwecke verwendet werden, einschlie\u00dflich verhaltensbasierter Online-Werbung (siehe Abschnitt \u201eWie wir personenbezogene und nicht personenbezogene Daten an Dritte weitergeben\u201c).<\/p><p><strong>Sicherheit<\/strong><\/p><p>Die Milano Clinic setzt wirtschaftlich angemessene physische, elektronische und verfahrenstechnische Schutzma\u00dfnahmen ein, um Ihre personenbezogenen Daten vor Verlust oder unbefugtem Zugriff, unbefugter Nutzung, \u00c4nderung oder L\u00f6schung zu sch\u00fctzen. Wenn Sie in unseren Registrierungs- oder Bestellformularen vertrauliche Informationen (z. B. Telefonnummer und\/oder E-Mail-Adresse) eingeben, verschl\u00fcsseln wir diese Informationen mithilfe der Secure Socket Layer-Technologie (SSL). Da jedoch kein Sicherheitsprogramm perfekt ist, k\u00f6nnen wir die absolute Sicherheit Ihrer pers\u00f6nlichen oder sonstigen Daten nicht garantieren.<\/p><p><strong>Richtlinien\u00e4nderungen<\/strong><\/p><p>Wir behalten uns das Recht vor, diese Richtlinie jederzeit zu \u00e4ndern. Wir werden alle \u00c4nderungen dieser Richtlinie auf dieser Website ver\u00f6ffentlichen. Wir empfehlen Ihnen daher, die Richtlinie regelm\u00e4\u00dfig zu \u00fcberpr\u00fcfen. Alle \u00c4nderungen dieser Richtlinie k\u00f6nnen sich zus\u00e4tzlich zu den Informationen, die wir in der Zukunft sammeln, auch auf fr\u00fchere Informationen beziehen. Wenn wir wesentliche \u00c4nderungen an dieser Richtlinie vornehmen, werden wir Sie entsprechend den gesetzlichen Bestimmungen dar\u00fcber informieren.<\/p>\t\t\t\t\t\t<\/div>\n\t\t\t\t<\/div>\n\t\t\t\t<div class=\"elementor-element elementor-element-ce73926 elementor-invisible elementor-widget elementor-widget-heading\" data-id=\"ce73926\" data-element_type=\"widget\" data-settings=\"{&quot;_animation&quot;:&quot;fadeInRight&quot;,&quot;_animation_delay&quot;:500,&quot;ekit_we_effect_on&quot;:&quot;none&quot;}\" data-widget_type=\"heading.default\">\n\t\t\t\t<div class=\"elementor-widget-container\">\n\t\t\t<h3 class=\"elementor-heading-title elementor-size-default\">Fragen oder Kommentare\n<\/h3>\t\t<\/div>\n\t\t\t\t<\/div>\n\t\t\t\t<div class=\"elementor-element elementor-element-4daae3d elementor-invisible elementor-widget elementor-widget-text-editor\" data-id=\"4daae3d\" data-element_type=\"widget\" data-settings=\"{&quot;_animation&quot;:&quot;fadeInUp&quot;,&quot;_animation_delay&quot;:700,&quot;ekit_we_effect_on&quot;:&quot;none&quot;}\" data-widget_type=\"text-editor.default\">\n\t\t\t\t<div class=\"elementor-widget-container\">\n\t\t\t\t\t\t\t<p>Wenn Sie Fragen oder Kommentare zu unserer Datenschutzrichtlinie haben, kontaktieren Sie uns bitte:<\/p><p><a href=\"https:\/\/goo.gl\/maps\/GEdPp1cFcas1Jin87\" target=\"_blank\" rel=\"noopener\"><span class=\"elementor-icon-list-text\">Te\u015fvikiye mah. Hakk\u0131 Yeten caddesi No:11 Center:1 Kat: 12 No: 64 Terrace Fulya Residence<\/span><\/a><br \/>Phone: +90-212-215-55-70<br \/>E-mail:\u00a0<a href=\"mailto:info@milanoklinik.com\" target=\"_blank\" rel=\"noopener noreferrer\">info@milanoklinik.com<\/a><\/p>\t\t\t\t\t\t<\/div>\n\t\t\t\t<\/div>\n\t\t\t\t\t<\/div>\n\t\t<\/div>\n\t\t\t\t\t\t\t<\/div>\n\t\t<\/section>\n\t\t\t\t\t\t\t<\/div>\n\t\t","protected":false},"excerpt":{"rendered":"<p>Unsere Datenschutzrichtlinie Unsere Datenschutzrichtlinie Wir respektieren die Privatsph\u00e4re unserer Nutzer. Diese Datenschutzrichtlinie (\u201eRichtlinie\u201c) legt unsere Datenschutzpraktiken in Bezug auf Informationen offen, die im Zusammenhang mit den Websites der Milano Clinic gesammelt werden. Ziel dieser Richtlinie ist es, zu erl\u00e4utern, wie die Milano Clinic pers\u00f6nliche und andere Daten im Zusammenhang mit den Plattformen erhebt, nutzt und [&hellip;]<\/p>\n","protected":false},"author":1,"featured_media":0,"parent":0,"menu_order":0,"comment_status":"closed","ping_status":"closed","template":"","meta":[],"yoast_head":"<!-- This site is optimized with the Yoast SEO plugin v20.7 - https:\/\/yoast.com\/wordpress\/plugins\/seo\/ -->\n<title>Unsere Datenschutzrichtlinie - Milano Klinik<\/title>\n<meta name=\"robots\" content=\"index, follow, max-snippet:-1, max-image-preview:large, max-video-preview:-1\" \/>\n<link rel=\"canonical\" href=\"https:\/\/www.milanoklinik.com\/de\/unsere-datenschutzrichtlinie\" \/>\n<meta property=\"og:locale\" content=\"de_DE\" \/>\n<meta property=\"og:type\" content=\"article\" \/>\n<meta property=\"og:title\" content=\"Unsere Datenschutzrichtlinie - Milano Klinik\" \/>\n<meta property=\"og:description\" content=\"Unsere Datenschutzrichtlinie Unsere Datenschutzrichtlinie Wir respektieren die Privatsph\u00e4re unserer Nutzer. Diese Datenschutzrichtlinie (\u201eRichtlinie\u201c) legt unsere Datenschutzpraktiken in Bezug auf Informationen offen, die im Zusammenhang mit den Websites der Milano Clinic gesammelt werden. Ziel dieser Richtlinie ist es, zu erl\u00e4utern, wie die Milano Clinic pers\u00f6nliche und andere Daten im Zusammenhang mit den Plattformen erhebt, nutzt und [&hellip;]\" \/>\n<meta property=\"og:url\" content=\"https:\/\/www.milanoklinik.com\/de\/unsere-datenschutzrichtlinie\" \/>\n<meta property=\"og:site_name\" content=\"Milano Klinik\" \/>\n<meta property=\"article:publisher\" content=\"https:\/\/www.facebook.com\/milanoclinicturkey\/\" \/>\n<meta property=\"article:modified_time\" content=\"2023-12-21T13:35:06+00:00\" \/>\n<meta property=\"og:image\" content=\"https:\/\/www.milanoklinik.com\/wp-content\/uploads\/2023\/02\/doctor-drawing-marks-on-female-face-before-procedu-5QEJFLB.png\" \/>\n<meta name=\"twitter:card\" content=\"summary_large_image\" \/>\n<meta name=\"twitter:site\" content=\"@milanoklinik\" \/>\n<meta name=\"twitter:label1\" content=\"Gesch\u00e4tzte Lesezeit\" \/>\n\t<meta name=\"twitter:data1\" content=\"6 Minuten\" \/>\n<script type=\"application\/ld+json\" class=\"yoast-schema-graph\">{\"@context\":\"https:\/\/schema.org\",\"@graph\":[{\"@type\":\"WebPage\",\"@id\":\"https:\/\/www.milanoklinik.com\/de\/unsere-datenschutzrichtlinie\",\"url\":\"https:\/\/www.milanoklinik.com\/de\/unsere-datenschutzrichtlinie\",\"name\":\"Unsere Datenschutzrichtlinie - Milano Klinik\",\"isPartOf\":{\"@id\":\"https:\/\/www.milanoklinik.com\/#website\"},\"datePublished\":\"2023-12-21T13:27:22+00:00\",\"dateModified\":\"2023-12-21T13:35:06+00:00\",\"inLanguage\":\"de-DE\",\"potentialAction\":[{\"@type\":\"ReadAction\",\"target\":[\"https:\/\/www.milanoklinik.com\/de\/unsere-datenschutzrichtlinie\"]}]},{\"@type\":\"WebSite\",\"@id\":\"https:\/\/www.milanoklinik.com\/#website\",\"url\":\"https:\/\/www.milanoklinik.com\/\",\"name\":\"Milano Klinik\",\"description\":\"Milano Klinik \u2022 Cerrahi Estetik Merkezi - Sa\u00e7 Ekim Merkezi \u2022 Milano Klinik,Burun Esteti\u011fi,G\u00f6\u011f\u00fcs Esteti\u011fi,Liposuction\",\"publisher\":{\"@id\":\"https:\/\/www.milanoklinik.com\/#organization\"},\"potentialAction\":[{\"@type\":\"SearchAction\",\"target\":{\"@type\":\"EntryPoint\",\"urlTemplate\":\"https:\/\/www.milanoklinik.com\/?s={search_term_string}\"},\"query-input\":\"required name=search_term_string\"}],\"inLanguage\":\"de-DE\"},{\"@type\":\"Organization\",\"@id\":\"https:\/\/www.milanoklinik.com\/#organization\",\"name\":\"Milano Klinik\",\"url\":\"https:\/\/www.milanoklinik.com\/\",\"logo\":{\"@type\":\"ImageObject\",\"inLanguage\":\"de-DE\",\"@id\":\"https:\/\/www.milanoklinik.com\/#\/schema\/logo\/image\/\",\"url\":\"https:\/\/www.milanoklinik.com\/wp-content\/uploads\/2024\/01\/milano-logo-2021-2-300x169-2.webp\",\"contentUrl\":\"https:\/\/www.milanoklinik.com\/wp-content\/uploads\/2024\/01\/milano-logo-2021-2-300x169-2.webp\",\"width\":300,\"height\":169,\"caption\":\"Milano Klinik\"},\"image\":{\"@id\":\"https:\/\/www.milanoklinik.com\/#\/schema\/logo\/image\/\"},\"sameAs\":[\"https:\/\/www.facebook.com\/milanoclinicturkey\/\",\"https:\/\/twitter.com\/milanoklinik\"]}]}<\/script>\n<!-- \/ Yoast SEO plugin. -->","yoast_head_json":{"title":"Unsere Datenschutzrichtlinie - Milano Klinik","robots":{"index":"index","follow":"follow","max-snippet":"max-snippet:-1","max-image-preview":"max-image-preview:large","max-video-preview":"max-video-preview:-1"},"canonical":"https:\/\/www.milanoklinik.com\/de\/unsere-datenschutzrichtlinie","og_locale":"de_DE","og_type":"article","og_title":"Unsere Datenschutzrichtlinie - Milano Klinik","og_description":"Unsere Datenschutzrichtlinie Unsere Datenschutzrichtlinie Wir respektieren die Privatsph\u00e4re unserer Nutzer. Diese Datenschutzrichtlinie (\u201eRichtlinie\u201c) legt unsere Datenschutzpraktiken in Bezug auf Informationen offen, die im Zusammenhang mit den Websites der Milano Clinic gesammelt werden. Ziel dieser Richtlinie ist es, zu erl\u00e4utern, wie die Milano Clinic pers\u00f6nliche und andere Daten im Zusammenhang mit den Plattformen erhebt, nutzt und [&hellip;]","og_url":"https:\/\/www.milanoklinik.com\/de\/unsere-datenschutzrichtlinie","og_site_name":"Milano Klinik","article_publisher":"https:\/\/www.facebook.com\/milanoclinicturkey\/","article_modified_time":"2023-12-21T13:35:06+00:00","og_image":[{"url":"https:\/\/www.milanoklinik.com\/wp-content\/uploads\/2023\/02\/doctor-drawing-marks-on-female-face-before-procedu-5QEJFLB.png"}],"twitter_card":"summary_large_image","twitter_site":"@milanoklinik","twitter_misc":{"Gesch\u00e4tzte Lesezeit":"6 Minuten"},"schema":{"@context":"https:\/\/schema.org","@graph":[{"@type":"WebPage","@id":"https:\/\/www.milanoklinik.com\/de\/unsere-datenschutzrichtlinie","url":"https:\/\/www.milanoklinik.com\/de\/unsere-datenschutzrichtlinie","name":"Unsere Datenschutzrichtlinie - Milano Klinik","isPartOf":{"@id":"https:\/\/www.milanoklinik.com\/#website"},"datePublished":"2023-12-21T13:27:22+00:00","dateModified":"2023-12-21T13:35:06+00:00","inLanguage":"de-DE","potentialAction":[{"@type":"ReadAction","target":["https:\/\/www.milanoklinik.com\/de\/unsere-datenschutzrichtlinie"]}]},{"@type":"WebSite","@id":"https:\/\/www.milanoklinik.com\/#website","url":"https:\/\/www.milanoklinik.com\/","name":"Milano Klinik","description":"Milano Klinik \u2022 Cerrahi Estetik Merkezi - Sa\u00e7 Ekim Merkezi \u2022 Milano Klinik,Burun Esteti\u011fi,G\u00f6\u011f\u00fcs Esteti\u011fi,Liposuction","publisher":{"@id":"https:\/\/www.milanoklinik.com\/#organization"},"potentialAction":[{"@type":"SearchAction","target":{"@type":"EntryPoint","urlTemplate":"https:\/\/www.milanoklinik.com\/?s={search_term_string}"},"query-input":"required name=search_term_string"}],"inLanguage":"de-DE"},{"@type":"Organization","@id":"https:\/\/www.milanoklinik.com\/#organization","name":"Milano Klinik","url":"https:\/\/www.milanoklinik.com\/","logo":{"@type":"ImageObject","inLanguage":"de-DE","@id":"https:\/\/www.milanoklinik.com\/#\/schema\/logo\/image\/","url":"https:\/\/www.milanoklinik.com\/wp-content\/uploads\/2024\/01\/milano-logo-2021-2-300x169-2.webp","contentUrl":"https:\/\/www.milanoklinik.com\/wp-content\/uploads\/2024\/01\/milano-logo-2021-2-300x169-2.webp","width":300,"height":169,"caption":"Milano Klinik"},"image":{"@id":"https:\/\/www.milanoklinik.com\/#\/schema\/logo\/image\/"},"sameAs":["https:\/\/www.facebook.com\/milanoclinicturkey\/","https:\/\/twitter.com\/milanoklinik"]}]}},"_links":{"self":[{"href":"https:\/\/www.milanoklinik.com\/de\/wp-json\/wp\/v2\/pages\/39945"}],"collection":[{"href":"https:\/\/www.milanoklinik.com\/de\/wp-json\/wp\/v2\/pages"}],"about":[{"href":"https:\/\/www.milanoklinik.com\/de\/wp-json\/wp\/v2\/types\/page"}],"author":[{"embeddable":true,"href":"https:\/\/www.milanoklinik.com\/de\/wp-json\/wp\/v2\/users\/1"}],"replies":[{"embeddable":true,"href":"https:\/\/www.milanoklinik.com\/de\/wp-json\/wp\/v2\/comments?post=39945"}],"version-history":[{"count":4,"href":"https:\/\/www.milanoklinik.com\/de\/wp-json\/wp\/v2\/pages\/39945\/revisions"}],"predecessor-version":[{"id":39951,"href":"https:\/\/www.milanoklinik.com\/de\/wp-json\/wp\/v2\/pages\/39945\/revisions\/39951"}],"wp:attachment":[{"href":"https:\/\/www.milanoklinik.com\/de\/wp-json\/wp\/v2\/media?parent=39945"}],"curies":[{"name":"wp","href":"https:\/\/api.w.org\/{rel}","templated":true}]}}