{"id":39787,"date":"2023-12-20T14:49:29","date_gmt":"2023-12-20T11:49:29","guid":{"rendered":"https:\/\/www.milanoklinik.com\/?page_id=39787"},"modified":"2023-12-20T14:52:42","modified_gmt":"2023-12-20T11:52:42","slug":"fuer-die-kostenlosen-beratung","status":"publish","type":"page","link":"https:\/\/www.milanoklinik.com\/de\/fuer-die-kostenlosen-beratung","title":{"rendered":"F\u00fcr die kostenlosen Beratung"},"content":{"rendered":"\t\t<div data-elementor-type=\"wp-page\" data-elementor-id=\"39787\" class=\"elementor elementor-39787 elementor-4205\" data-elementor-post-type=\"page\">\n\t\t\t\t\t\t\t\t\t<section class=\"elementor-section elementor-top-section elementor-element elementor-element-b0527dd elementor-section-full_width elementor-section-height-default elementor-section-height-default\" data-id=\"b0527dd\" data-element_type=\"section\" data-settings=\"{&quot;background_background&quot;:&quot;classic&quot;,&quot;ekit_has_onepagescroll_dot&quot;:&quot;yes&quot;}\">\n\t\t\t\t\t\t<div class=\"elementor-container elementor-column-gap-default\">\n\t\t\t\t\t<div class=\"elementor-column elementor-col-100 elementor-top-column elementor-element elementor-element-e6c1433\" data-id=\"e6c1433\" data-element_type=\"column\">\n\t\t\t<div class=\"elementor-widget-wrap elementor-element-populated\">\n\t\t\t\t\t\t\t\t<div class=\"elementor-element elementor-element-346008c elementor-widget__width-initial elementor-widget-tablet__width-initial elementor-absolute elementor-hidden-tablet elementor-hidden-phone elementor-invisible elementor-widget elementor-widget-image\" data-id=\"346008c\" data-element_type=\"widget\" data-settings=\"{&quot;_animation&quot;:&quot;fadeInLeft&quot;,&quot;_animation_delay&quot;:600,&quot;_position&quot;:&quot;absolute&quot;,&quot;ekit_we_effect_on&quot;:&quot;none&quot;}\" data-widget_type=\"image.default\">\n\t\t\t\t<div class=\"elementor-widget-container\">\n\t\t\t\t\t\t\t\t\t\t\t\t\t\t\t<img decoding=\"async\" width=\"614\" height=\"469\" src=\"https:\/\/www.milanoklinik.com\/wp-content\/uploads\/2023\/02\/doctor-drawing-marks-on-female-face-before-procedu-5QEJFLB.png\" class=\"attachment-full size-full wp-image-26266\" alt=\"\" loading=\"lazy\" srcset=\"https:\/\/www.milanoklinik.com\/wp-content\/uploads\/2023\/02\/doctor-drawing-marks-on-female-face-before-procedu-5QEJFLB.png 614w, https:\/\/www.milanoklinik.com\/wp-content\/uploads\/2023\/02\/doctor-drawing-marks-on-female-face-before-procedu-5QEJFLB-300x229.png 300w\" sizes=\"(max-width: 614px) 100vw, 614px\" \/>\t\t\t\t\t\t\t\t\t\t\t\t\t\t\t<\/div>\n\t\t\t\t<\/div>\n\t\t\t\t<div class=\"elementor-element elementor-element-7ff6615 elementor-invisible elementor-widget elementor-widget-heading\" data-id=\"7ff6615\" data-element_type=\"widget\" data-settings=\"{&quot;_animation&quot;:&quot;fadeInDown&quot;,&quot;ekit_we_effect_on&quot;:&quot;none&quot;}\" data-widget_type=\"heading.default\">\n\t\t\t\t<div class=\"elementor-widget-container\">\n\t\t\t<h1 class=\"elementor-heading-title elementor-size-default\">F\u00fcr die kostenlosen Beratung<\/h1>\t\t<\/div>\n\t\t\t\t<\/div>\n\t\t\t\t<div class=\"elementor-element elementor-element-5ae70c2 elementor-widget__width-initial elementor-widget-tablet__width-initial elementor-widget-mobile__width-initial elementor-absolute elementor-hidden-phone elementor-invisible elementor-widget elementor-widget-image\" data-id=\"5ae70c2\" data-element_type=\"widget\" data-settings=\"{&quot;_animation&quot;:&quot;fadeInRight&quot;,&quot;_animation_delay&quot;:600,&quot;_position&quot;:&quot;absolute&quot;,&quot;ekit_we_effect_on&quot;:&quot;none&quot;}\" data-widget_type=\"image.default\">\n\t\t\t\t<div class=\"elementor-widget-container\">\n\t\t\t\t\t\t\t\t\t\t\t\t\t\t\t<img decoding=\"async\" width=\"381\" height=\"359\" src=\"https:\/\/www.milanoklinik.com\/wp-content\/uploads\/2023\/02\/flowers-and-eucaaliptus-composition-M9PL2FC-2.jpg\" class=\"attachment-full size-full wp-image-26272\" alt=\"\" loading=\"lazy\" srcset=\"https:\/\/www.milanoklinik.com\/wp-content\/uploads\/2023\/02\/flowers-and-eucaaliptus-composition-M9PL2FC-2.jpg 381w, https:\/\/www.milanoklinik.com\/wp-content\/uploads\/2023\/02\/flowers-and-eucaaliptus-composition-M9PL2FC-2-300x283.jpg 300w\" sizes=\"(max-width: 381px) 100vw, 381px\" \/>\t\t\t\t\t\t\t\t\t\t\t\t\t\t\t<\/div>\n\t\t\t\t<\/div>\n\t\t\t\t<div class=\"elementor-element elementor-element-1155e46 elementor-widget__width-initial elementor-absolute elementor-hidden-phone elementor-widget-tablet__width-initial ekit-equal-height-disable elementor-invisible elementor-widget elementor-widget-elementskit-icon-box\" data-id=\"1155e46\" data-element_type=\"widget\" data-settings=\"{&quot;_animation&quot;:&quot;rotateInDownRight&quot;,&quot;_animation_delay&quot;:800,&quot;_position&quot;:&quot;absolute&quot;,&quot;ekit_we_effect_on&quot;:&quot;none&quot;}\" data-widget_type=\"elementskit-icon-box.default\">\n\t\t\t\t<div class=\"elementor-widget-container\">\n\t\t\t<div class=\"ekit-wid-con\" >        <!-- link opening -->\n                <!-- end link opening -->\n\n        <div class=\"elementskit-infobox text-center text- icon-top-align elementor-animation-   \">\n                            <div class=\"elementskit-box-header\">\n                <div class=\"elementskit-info-box-icon \">\n                    <img decoding=\"async\" width=\"97\" height=\"144\" src=\"https:\/\/www.milanoklinik.com\/wp-content\/uploads\/2023\/02\/elements-set-of-natural-and-floral-elements-G9XCU6B_services.png\" class=\"attachment- size-\" alt=\"\" loading=\"lazy\" \/>                <\/div>\n          <\/div>\n                <div class=\"box-body\">\n                                            <\/div>\n        \n        \n                <\/div>\n        <\/div>\t\t<\/div>\n\t\t\t\t<\/div>\n\t\t\t\t\t<\/div>\n\t\t<\/div>\n\t\t\t\t\t\t\t<\/div>\n\t\t<\/section>\n\t\t\t\t<section class=\"elementor-section elementor-top-section elementor-element elementor-element-e4a3da5 elementor-section-boxed elementor-section-height-default elementor-section-height-default\" data-id=\"e4a3da5\" data-element_type=\"section\" data-settings=\"{&quot;ekit_has_onepagescroll_dot&quot;:&quot;yes&quot;}\">\n\t\t\t\t\t\t<div class=\"elementor-container elementor-column-gap-default\">\n\t\t\t\t\t<div class=\"elementor-column elementor-col-50 elementor-top-column elementor-element elementor-element-fffaeb8\" data-id=\"fffaeb8\" data-element_type=\"column\">\n\t\t\t<div class=\"elementor-widget-wrap elementor-element-populated\">\n\t\t\t\t\t\t\t\t<div class=\"elementor-element elementor-element-c8b487a elementor-absolute elementor-widget elementor-widget-image\" data-id=\"c8b487a\" data-element_type=\"widget\" data-settings=\"{&quot;_position&quot;:&quot;absolute&quot;,&quot;ekit_we_effect_on&quot;:&quot;none&quot;}\" data-widget_type=\"image.default\">\n\t\t\t\t<div class=\"elementor-widget-container\">\n\t\t\t\t\t\t\t\t\t\t\t\t\t\t\t<img decoding=\"async\" width=\"444\" height=\"373\" src=\"https:\/\/www.milanoklinik.com\/wp-content\/uploads\/2023\/04\/cosmetician-with-marker-puts-dotted-lines-on-body-46BU9A4.jpg\" class=\"attachment-full size-full wp-image-27351\" alt=\"\" loading=\"lazy\" srcset=\"https:\/\/www.milanoklinik.com\/wp-content\/uploads\/2023\/04\/cosmetician-with-marker-puts-dotted-lines-on-body-46BU9A4.jpg 444w, https:\/\/www.milanoklinik.com\/wp-content\/uploads\/2023\/04\/cosmetician-with-marker-puts-dotted-lines-on-body-46BU9A4-300x252.jpg 300w\" sizes=\"(max-width: 444px) 100vw, 444px\" \/>\t\t\t\t\t\t\t\t\t\t\t\t\t\t\t<\/div>\n\t\t\t\t<\/div>\n\t\t\t\t\t<\/div>\n\t\t<\/div>\n\t\t\t\t<div class=\"elementor-column elementor-col-50 elementor-top-column elementor-element elementor-element-a57cd12\" data-id=\"a57cd12\" data-element_type=\"column\">\n\t\t\t<div class=\"elementor-widget-wrap elementor-element-populated\">\n\t\t\t\t\t\t\t\t<div class=\"elementor-element elementor-element-3873f4a elementor-widget__width-initial elementor-absolute elementor-hidden-phone ekit-equal-height-disable elementor-invisible elementor-widget elementor-widget-elementskit-icon-box\" data-id=\"3873f4a\" data-element_type=\"widget\" data-settings=\"{&quot;_animation&quot;:&quot;rotateInUpRight&quot;,&quot;_animation_delay&quot;:800,&quot;_position&quot;:&quot;absolute&quot;,&quot;ekit_we_effect_on&quot;:&quot;none&quot;}\" data-widget_type=\"elementskit-icon-box.default\">\n\t\t\t\t<div class=\"elementor-widget-container\">\n\t\t\t<div class=\"ekit-wid-con\" >        <!-- link opening -->\n                <!-- end link opening -->\n\n        <div class=\"elementskit-infobox text-center text- icon-top-align elementor-animation-   \">\n                            <div class=\"elementskit-box-header\">\n                <div class=\"elementskit-info-box-icon \">\n                    <img decoding=\"async\" width=\"34\" height=\"51\" src=\"https:\/\/www.milanoklinik.com\/wp-content\/uploads\/2023\/02\/elements-set-of-natural-and-floral-elements-G9XCU6B-3.png\" class=\"attachment- size-\" alt=\"\" loading=\"lazy\" \/>                <\/div>\n          <\/div>\n                <div class=\"box-body\">\n                                            <\/div>\n        \n        \n                <\/div>\n        <\/div>\t\t<\/div>\n\t\t\t\t<\/div>\n\t\t\t\t<div class=\"elementor-element elementor-element-d08c70a elementor-invisible elementor-widget elementor-widget-text-editor\" data-id=\"d08c70a\" data-element_type=\"widget\" data-settings=\"{&quot;_animation&quot;:&quot;fadeInUp&quot;,&quot;_animation_delay&quot;:700,&quot;ekit_we_effect_on&quot;:&quot;none&quot;}\" data-widget_type=\"text-editor.default\">\n\t\t\t\t<div class=\"elementor-widget-container\">\n\t\t\t\t\t\t\t<p>Wenn Sie sich f\u00fcr eine plastische Operation oder Haartransplantation entscheiden, \u00fcbermitteln unsere \u00e4sthetischen Berater zun\u00e4chst die notwendigen Informationen \u00fcber Sie an unseren Arzt. Unser \u00e4sthetischer Berater informiert Sie ausf\u00fchrlich \u00fcber alles und steht Ihnen sowohl am Telefon als auch beim Arzttermin zur Seite, um Sie bei der Entscheidung f\u00fcr die f\u00fcr Sie passende \u00e4sthetische Operation zu unterst\u00fctzen. Sie k\u00f6nnen Ihre Terminanfrage auch direkt \u00fcber das Formular erstellen und sich von unseren \u00e4sthetischen Beratern zur\u00fcckrufen lassen.<\/p>\t\t\t\t\t\t<\/div>\n\t\t\t\t<\/div>\n\t\t\t\t\t<\/div>\n\t\t<\/div>\n\t\t\t\t\t\t\t<\/div>\n\t\t<\/section>\n\t\t\t\t<section class=\"elementor-section elementor-top-section elementor-element elementor-element-c42dc26 elementor-section-boxed elementor-section-height-default elementor-section-height-default\" data-id=\"c42dc26\" data-element_type=\"section\" data-settings=\"{&quot;ekit_has_onepagescroll_dot&quot;:&quot;yes&quot;}\">\n\t\t\t\t\t\t<div class=\"elementor-container elementor-column-gap-default\">\n\t\t\t\t\t<div class=\"elementor-column elementor-col-100 elementor-top-column elementor-element elementor-element-47bc478\" data-id=\"47bc478\" data-element_type=\"column\">\n\t\t\t<div class=\"elementor-widget-wrap elementor-element-populated\">\n\t\t\t\t\t\t\t\t<div class=\"elementor-element elementor-element-a73dcbd elementor-button-align-center elementor-widget__width-initial elementor-hidden-tablet elementor-hidden-mobile elementor-widget elementor-widget-form\" data-id=\"a73dcbd\" data-element_type=\"widget\" data-settings=\"{&quot;step_next_label&quot;:&quot;Next&quot;,&quot;step_previous_label&quot;:&quot;Previous&quot;,&quot;button_width&quot;:&quot;100&quot;,&quot;step_type&quot;:&quot;number_text&quot;,&quot;step_icon_shape&quot;:&quot;circle&quot;,&quot;ekit_we_effect_on&quot;:&quot;none&quot;}\" data-widget_type=\"form.default\">\n\t\t\t\t<div class=\"elementor-widget-container\">\n\t\t\t\t\t<form class=\"elementor-form\" method=\"post\" name=\"Konsultasyon Form\">\n\t\t\t<input type=\"hidden\" name=\"post_id\" value=\"39787\"\/>\n\t\t\t<input type=\"hidden\" name=\"form_id\" value=\"a73dcbd\"\/>\n\t\t\t<input type=\"hidden\" name=\"referer_title\" value=\"Milano Klinik\" \/>\n\n\t\t\t\n\t\t\t<div class=\"elementor-form-fields-wrapper elementor-labels-above\">\n\t\t\t\t\t\t\t\t<div class=\"elementor-field-type-html elementor-field-group elementor-column elementor-field-group-field_7b1911f elementor-col-100\">\n\t\t\t\t\t<h3 style = \"text-align: center;\"><b>Kostenlose Beratung<\/b><\/h3>\t\t\t\t<\/div>\n\t\t\t\t\t\t\t\t<div class=\"elementor-field-type-text elementor-field-group elementor-column elementor-field-group-name elementor-col-100 elementor-field-required elementor-mark-required\">\n\t\t\t\t\t\t\t\t\t\t\t\t<label for=\"form-field-name\" class=\"elementor-field-label\">\n\t\t\t\t\t\t\t\tVorname Familienname\t\t\t\t\t\t\t<\/label>\n\t\t\t\t\t\t\t\t\t\t\t\t\t\t<input size=\"1\" type=\"text\" name=\"form_fields[name]\" id=\"form-field-name\" class=\"elementor-field elementor-size-md  elementor-field-textual\" placeholder=\"Vorname Familienname\" required=\"required\" aria-required=\"true\">\n\t\t\t\t\t\t\t\t\t\t\t<\/div>\n\t\t\t\t\t\t\t\t<div class=\"elementor-field-type-email elementor-field-group elementor-column elementor-field-group-email elementor-col-100\">\n\t\t\t\t\t\t\t\t\t\t\t\t<label for=\"form-field-email\" class=\"elementor-field-label\">\n\t\t\t\t\t\t\t\tEmail\t\t\t\t\t\t\t<\/label>\n\t\t\t\t\t\t\t\t\t\t\t\t\t\t<input size=\"1\" type=\"email\" name=\"form_fields[email]\" id=\"form-field-email\" class=\"elementor-field elementor-size-md  elementor-field-textual\" placeholder=\"Email\">\n\t\t\t\t\t\t\t\t\t\t\t<\/div>\n\t\t\t\t\t\t\t\t<div class=\"elementor-field-type-phone_number_prefix_selector_form_field elementor-field-group elementor-column elementor-field-group-field_0bf172b elementor-col-33 elementor-field-required elementor-mark-required\">\n\t\t\t\t\t<select class=\"startklar_country_selector\" name=\"form_fields[field_0bf172b]\" data-options='{\"phone_numb_format\":\"\",\"display_composition\":\"name_flag\"}'  data-default_val = '(+49) ' ><\/select><style>\n.select2.select2-container  .select2-selection .select2-selection__rendered span { color: #2C2828 ;} \n.select2.select2-container  .select2-selection.select2-selection--single { border-radius: 0px 0px 0px 0px ;} \n.select2.select2-container  .select2-selection .select2-selection__rendered span { border-color: #2C2828 ;} \n.select2.select2-container  .select2-selection.select2-selection--single { border-width: 1px 1px 1px 1px ;} \n.select2.select2-container  .select2-selection.select2-selection--single  { background-color: #ffffff ;} \n.select2.select2-container  .select2-selection .select2-selection__rendered span { background-color: #2C2828 ;} <\/style>\t\t\t\t<\/div>\n\t\t\t\t\t\t\t\t<div class=\"elementor-field-type-tel elementor-field-group elementor-column elementor-field-group-message elementor-col-66 elementor-field-required elementor-mark-required\">\n\t\t\t\t\t\t\t<input size=\"1\" type=\"tel\" name=\"form_fields[message]\" id=\"form-field-message\" class=\"elementor-field elementor-size-md  elementor-field-textual\" placeholder=\"Telefon\" required=\"required\" aria-required=\"true\" pattern=\"[0-9()#&amp;+*-=.]+\" title=\"Nur Nummern oder Telefon-Zeichen (#, -, *, etc) werden akzeptiert.\">\n\n\t\t\t\t\t\t<\/div>\n\t\t\t\t\t\t\t\t<div class=\"elementor-field-type-acceptance elementor-field-group elementor-column elementor-field-group-field_4bd8c74 elementor-col-100 elementor-field-required elementor-mark-required\">\n\t\t\t\t\t\t\t\t\t\t\t\t<label for=\"form-field-field_4bd8c74\" class=\"elementor-field-label\">\n\t\t\t\t\t\t\t\tDSGVO akzeptieren\t\t\t\t\t\t\t<\/label>\n\t\t\t\t\t\t\t\t<div class=\"elementor-field-subgroup\">\n\t\t\t<span class=\"elementor-field-option\">\n\t\t\t\t<input type=\"checkbox\" name=\"form_fields[field_4bd8c74]\" id=\"form-field-field_4bd8c74\" class=\"elementor-field elementor-size-md  elementor-acceptance-field\" required=\"required\" aria-required=\"true\" checked=\"checked\">\n\t\t\t\t<label for=\"form-field-field_4bd8c74\">Mit dem Absenden des Formulars stimmen Sie unserer Datenschutzerkl\u00e4rung zu.<\/label>\t\t\t<\/span>\n\t\t<\/div>\n\t\t\t\t\t\t<\/div>\n\t\t\t\t\t\t\t\t<div class=\"elementor-field-group elementor-column elementor-field-type-submit elementor-col-100 e-form__buttons\">\n\t\t\t\t\t<button type=\"submit\" class=\"elementor-button elementor-size-sm\">\n\t\t\t\t\t\t<span >\n\t\t\t\t\t\t\t\t\t\t\t\t\t\t\t<span class=\"elementor-align-icon-right elementor-button-icon\">\n\t\t\t\t\t\t\t\t\t<i aria-hidden=\"true\" class=\"icon icon-paper-plane\"><\/i>\t\t\t\t\t\t\t\t\t\t\t\t\t\t\t\t\t<\/span>\n\t\t\t\t\t\t\t\t\t\t\t\t\t\t\t\t\t\t\t\t\t\t<span class=\"elementor-button-text\">Senden<\/span>\n\t\t\t\t\t\t\t\t\t\t\t\t\t<\/span>\n\t\t\t\t\t<\/button>\n\t\t\t\t<\/div>\n\t\t\t<\/div>\n\t\t<\/form>\n\t\t\t\t<\/div>\n\t\t\t\t<\/div>\n\t\t\t\t\t<\/div>\n\t\t<\/div>\n\t\t\t\t\t\t\t<\/div>\n\t\t<\/section>\n\t\t\t\t\t\t\t<\/div>\n\t\t","protected":false},"excerpt":{"rendered":"<p>F\u00fcr die kostenlosen Beratung Wenn Sie sich f\u00fcr eine plastische Operation oder Haartransplantation entscheiden, \u00fcbermitteln unsere \u00e4sthetischen Berater zun\u00e4chst die notwendigen Informationen \u00fcber Sie an unseren Arzt. Unser \u00e4sthetischer Berater informiert Sie ausf\u00fchrlich \u00fcber alles und steht Ihnen sowohl am Telefon als auch beim Arzttermin zur Seite, um Sie bei der Entscheidung f\u00fcr die f\u00fcr [&hellip;]<\/p>\n","protected":false},"author":1,"featured_media":0,"parent":0,"menu_order":0,"comment_status":"closed","ping_status":"closed","template":"","meta":[],"yoast_head":"<!-- This site is optimized with the Yoast SEO plugin v20.7 - https:\/\/yoast.com\/wordpress\/plugins\/seo\/ -->\n<title>F\u00fcr die kostenlosen Beratung - Milano Klinik<\/title>\n<meta name=\"robots\" content=\"index, follow, max-snippet:-1, max-image-preview:large, max-video-preview:-1\" \/>\n<link rel=\"canonical\" href=\"https:\/\/www.milanoklinik.com\/de\/fuer-die-kostenlosen-beratung\" \/>\n<meta property=\"og:locale\" content=\"de_DE\" \/>\n<meta property=\"og:type\" content=\"article\" \/>\n<meta property=\"og:title\" content=\"F\u00fcr die kostenlosen Beratung - Milano Klinik\" \/>\n<meta property=\"og:description\" content=\"F\u00fcr die kostenlosen Beratung Wenn Sie sich f\u00fcr eine plastische Operation oder Haartransplantation entscheiden, \u00fcbermitteln unsere \u00e4sthetischen Berater zun\u00e4chst die notwendigen Informationen \u00fcber Sie an unseren Arzt. Unser \u00e4sthetischer Berater informiert Sie ausf\u00fchrlich \u00fcber alles und steht Ihnen sowohl am Telefon als auch beim Arzttermin zur Seite, um Sie bei der Entscheidung f\u00fcr die f\u00fcr [&hellip;]\" \/>\n<meta property=\"og:url\" content=\"https:\/\/www.milanoklinik.com\/de\/fuer-die-kostenlosen-beratung\" \/>\n<meta property=\"og:site_name\" content=\"Milano Klinik\" \/>\n<meta property=\"article:publisher\" content=\"https:\/\/www.facebook.com\/milanoclinicturkey\/\" \/>\n<meta property=\"article:modified_time\" content=\"2023-12-20T11:52:42+00:00\" \/>\n<meta property=\"og:image\" content=\"https:\/\/www.milanoklinik.com\/wp-content\/uploads\/2023\/02\/doctor-drawing-marks-on-female-face-before-procedu-5QEJFLB.png\" \/>\n<meta name=\"twitter:card\" content=\"summary_large_image\" \/>\n<meta name=\"twitter:site\" content=\"@milanoklinik\" \/>\n<meta name=\"twitter:label1\" content=\"Gesch\u00e4tzte Lesezeit\" \/>\n\t<meta name=\"twitter:data1\" content=\"8 Minuten\" \/>\n<script type=\"application\/ld+json\" class=\"yoast-schema-graph\">{\"@context\":\"https:\/\/schema.org\",\"@graph\":[{\"@type\":\"WebPage\",\"@id\":\"https:\/\/www.milanoklinik.com\/de\/fuer-die-kostenlosen-beratung\",\"url\":\"https:\/\/www.milanoklinik.com\/de\/fuer-die-kostenlosen-beratung\",\"name\":\"F\u00fcr die kostenlosen Beratung - Milano Klinik\",\"isPartOf\":{\"@id\":\"https:\/\/www.milanoklinik.com\/#website\"},\"datePublished\":\"2023-12-20T11:49:29+00:00\",\"dateModified\":\"2023-12-20T11:52:42+00:00\",\"inLanguage\":\"de-DE\",\"potentialAction\":[{\"@type\":\"ReadAction\",\"target\":[\"https:\/\/www.milanoklinik.com\/de\/fuer-die-kostenlosen-beratung\"]}]},{\"@type\":\"WebSite\",\"@id\":\"https:\/\/www.milanoklinik.com\/#website\",\"url\":\"https:\/\/www.milanoklinik.com\/\",\"name\":\"Milano Klinik\",\"description\":\"Milano Klinik \u2022 Cerrahi Estetik Merkezi - Sa\u00e7 Ekim Merkezi \u2022 Milano Klinik,Burun Esteti\u011fi,G\u00f6\u011f\u00fcs Esteti\u011fi,Liposuction\",\"publisher\":{\"@id\":\"https:\/\/www.milanoklinik.com\/#organization\"},\"potentialAction\":[{\"@type\":\"SearchAction\",\"target\":{\"@type\":\"EntryPoint\",\"urlTemplate\":\"https:\/\/www.milanoklinik.com\/?s={search_term_string}\"},\"query-input\":\"required name=search_term_string\"}],\"inLanguage\":\"de-DE\"},{\"@type\":\"Organization\",\"@id\":\"https:\/\/www.milanoklinik.com\/#organization\",\"name\":\"Milano Klinik\",\"url\":\"https:\/\/www.milanoklinik.com\/\",\"logo\":{\"@type\":\"ImageObject\",\"inLanguage\":\"de-DE\",\"@id\":\"https:\/\/www.milanoklinik.com\/#\/schema\/logo\/image\/\",\"url\":\"https:\/\/www.milanoklinik.com\/wp-content\/uploads\/2024\/01\/milano-logo-2021-2-300x169-2.webp\",\"contentUrl\":\"https:\/\/www.milanoklinik.com\/wp-content\/uploads\/2024\/01\/milano-logo-2021-2-300x169-2.webp\",\"width\":300,\"height\":169,\"caption\":\"Milano Klinik\"},\"image\":{\"@id\":\"https:\/\/www.milanoklinik.com\/#\/schema\/logo\/image\/\"},\"sameAs\":[\"https:\/\/www.facebook.com\/milanoclinicturkey\/\",\"https:\/\/twitter.com\/milanoklinik\"]}]}<\/script>\n<!-- \/ Yoast SEO plugin. -->","yoast_head_json":{"title":"F\u00fcr die kostenlosen Beratung - Milano Klinik","robots":{"index":"index","follow":"follow","max-snippet":"max-snippet:-1","max-image-preview":"max-image-preview:large","max-video-preview":"max-video-preview:-1"},"canonical":"https:\/\/www.milanoklinik.com\/de\/fuer-die-kostenlosen-beratung","og_locale":"de_DE","og_type":"article","og_title":"F\u00fcr die kostenlosen Beratung - Milano Klinik","og_description":"F\u00fcr die kostenlosen Beratung Wenn Sie sich f\u00fcr eine plastische Operation oder Haartransplantation entscheiden, \u00fcbermitteln unsere \u00e4sthetischen Berater zun\u00e4chst die notwendigen Informationen \u00fcber Sie an unseren Arzt. Unser \u00e4sthetischer Berater informiert Sie ausf\u00fchrlich \u00fcber alles und steht Ihnen sowohl am Telefon als auch beim Arzttermin zur Seite, um Sie bei der Entscheidung f\u00fcr die f\u00fcr [&hellip;]","og_url":"https:\/\/www.milanoklinik.com\/de\/fuer-die-kostenlosen-beratung","og_site_name":"Milano Klinik","article_publisher":"https:\/\/www.facebook.com\/milanoclinicturkey\/","article_modified_time":"2023-12-20T11:52:42+00:00","og_image":[{"url":"https:\/\/www.milanoklinik.com\/wp-content\/uploads\/2023\/02\/doctor-drawing-marks-on-female-face-before-procedu-5QEJFLB.png"}],"twitter_card":"summary_large_image","twitter_site":"@milanoklinik","twitter_misc":{"Gesch\u00e4tzte Lesezeit":"8 Minuten"},"schema":{"@context":"https:\/\/schema.org","@graph":[{"@type":"WebPage","@id":"https:\/\/www.milanoklinik.com\/de\/fuer-die-kostenlosen-beratung","url":"https:\/\/www.milanoklinik.com\/de\/fuer-die-kostenlosen-beratung","name":"F\u00fcr die kostenlosen Beratung - Milano Klinik","isPartOf":{"@id":"https:\/\/www.milanoklinik.com\/#website"},"datePublished":"2023-12-20T11:49:29+00:00","dateModified":"2023-12-20T11:52:42+00:00","inLanguage":"de-DE","potentialAction":[{"@type":"ReadAction","target":["https:\/\/www.milanoklinik.com\/de\/fuer-die-kostenlosen-beratung"]}]},{"@type":"WebSite","@id":"https:\/\/www.milanoklinik.com\/#website","url":"https:\/\/www.milanoklinik.com\/","name":"Milano Klinik","description":"Milano Klinik \u2022 Cerrahi Estetik Merkezi - Sa\u00e7 Ekim Merkezi \u2022 Milano Klinik,Burun Esteti\u011fi,G\u00f6\u011f\u00fcs Esteti\u011fi,Liposuction","publisher":{"@id":"https:\/\/www.milanoklinik.com\/#organization"},"potentialAction":[{"@type":"SearchAction","target":{"@type":"EntryPoint","urlTemplate":"https:\/\/www.milanoklinik.com\/?s={search_term_string}"},"query-input":"required name=search_term_string"}],"inLanguage":"de-DE"},{"@type":"Organization","@id":"https:\/\/www.milanoklinik.com\/#organization","name":"Milano Klinik","url":"https:\/\/www.milanoklinik.com\/","logo":{"@type":"ImageObject","inLanguage":"de-DE","@id":"https:\/\/www.milanoklinik.com\/#\/schema\/logo\/image\/","url":"https:\/\/www.milanoklinik.com\/wp-content\/uploads\/2024\/01\/milano-logo-2021-2-300x169-2.webp","contentUrl":"https:\/\/www.milanoklinik.com\/wp-content\/uploads\/2024\/01\/milano-logo-2021-2-300x169-2.webp","width":300,"height":169,"caption":"Milano Klinik"},"image":{"@id":"https:\/\/www.milanoklinik.com\/#\/schema\/logo\/image\/"},"sameAs":["https:\/\/www.facebook.com\/milanoclinicturkey\/","https:\/\/twitter.com\/milanoklinik"]}]}},"_links":{"self":[{"href":"https:\/\/www.milanoklinik.com\/de\/wp-json\/wp\/v2\/pages\/39787"}],"collection":[{"href":"https:\/\/www.milanoklinik.com\/de\/wp-json\/wp\/v2\/pages"}],"about":[{"href":"https:\/\/www.milanoklinik.com\/de\/wp-json\/wp\/v2\/types\/page"}],"author":[{"embeddable":true,"href":"https:\/\/www.milanoklinik.com\/de\/wp-json\/wp\/v2\/users\/1"}],"replies":[{"embeddable":true,"href":"https:\/\/www.milanoklinik.com\/de\/wp-json\/wp\/v2\/comments?post=39787"}],"version-history":[{"count":7,"href":"https:\/\/www.milanoklinik.com\/de\/wp-json\/wp\/v2\/pages\/39787\/revisions"}],"predecessor-version":[{"id":39796,"href":"https:\/\/www.milanoklinik.com\/de\/wp-json\/wp\/v2\/pages\/39787\/revisions\/39796"}],"wp:attachment":[{"href":"https:\/\/www.milanoklinik.com\/de\/wp-json\/wp\/v2\/media?parent=39787"}],"curies":[{"name":"wp","href":"https:\/\/api.w.org\/{rel}","templated":true}]}}